{"id":11690,"date":"2020-05-08T00:53:47","date_gmt":"2020-05-08T00:53:47","guid":{"rendered":"https:\/\/engagingsafetysolutions.com\/esp\/product\/seguridad-en-los-almacenes\/"},"modified":"2025-08-18T16:45:55","modified_gmt":"2025-08-18T16:45:55","slug":"seguridad-en-los-almacenes","status":"publish","type":"product","link":"https:\/\/engagingsafetysolutions.com\/esp\/product\/seguridad-en-los-almacenes\/","title":{"rendered":"Seguridad en los Almacenes"},"content":{"rendered":"<p>El programa de seguridad en almacenes ayuda a los empleados a mantenerse seguros al identificar los peligros espec\u00edficos que pueden encontrar mientras trabajan en un almac\u00e9n y proporcionarles procedimientos pr\u00e1cticos que pueden usar para evitarlos. Los almacenes son lugares muy concurridos&#8230; y eso puede dar lugar a muchas situaciones peligrosas. Cada a\u00f1o, miles de trabajadores de almac\u00e9n se lesionan en el trabajo, y tambi\u00e9n ocurren m\u00e1s muertes en los almacenes que en la mayor\u00eda de los otros tipos de lugares de trabajo. Pero no tiene por qu\u00e9 ser as\u00ed. Para protegerse contra accidentes, los empleados deben enfrentar los peligros del almac\u00e9n de frente teniendo en cuenta la seguridad. El programa  incluye fundamentos de seguridad en el almac\u00e9n, conceptos b\u00e1sicos de manejo de materiales, desembalaje, almacenamiento y apilamiento de paletas, trabajo seguro con montacargas, trabajo seguro en un muelle de carga y m\u00e1s.<\/p>\n","protected":false},"excerpt":{"rendered":"<p>El programa de seguridad en almacenes ayuda a los empleados a mantenerse seguros al identificar los peligros espec\u00edficos que pueden encontrar mientras trabajan en un almac\u00e9n y proporcionarles procedimientos pr\u00e1cticos que pueden usar para evitarlos. <\/p>\n","protected":false},"featured_media":12474,"template":"","meta":{"_uag_custom_page_level_css":""},"product_brand":[],"product_cat":[68,51,32,52],"product_tag":[],"class_list":{"0":"post-11690","1":"product","2":"type-product","3":"status-publish","4":"has-post-thumbnail","6":"product_cat-dvd-2","7":"product_cat-elearning","8":"product_cat-usb","9":"product_cat-videos-en-demanda","11":"first","12":"instock","13":"sold-individually","14":"taxable","15":"shipping-taxable","16":"purchasable","17":"product-type-variable","18":"has-default-attributes"},"aioseo_notices":[],"uagb_featured_image_src":{"full":["https:\/\/engagingsafetysolutions.com\/esp\/wp-content\/uploads\/smk_241_action_photo.jpg",1920,1080,false],"thumbnail":["https:\/\/engagingsafetysolutions.com\/esp\/wp-content\/uploads\/smk_241_action_photo-150x150.jpg",150,150,true],"medium":["https:\/\/engagingsafetysolutions.com\/esp\/wp-content\/uploads\/smk_241_action_photo-300x169.jpg",300,169,true],"medium_large":["https:\/\/engagingsafetysolutions.com\/esp\/wp-content\/uploads\/smk_241_action_photo-768x432.jpg",768,432,true],"large":["https:\/\/engagingsafetysolutions.com\/esp\/wp-content\/uploads\/smk_241_action_photo-1024x576.jpg",1024,576,true],"1536x1536":["https:\/\/engagingsafetysolutions.com\/esp\/wp-content\/uploads\/smk_241_action_photo-1536x864.jpg",1536,864,true],"2048x2048":["https:\/\/engagingsafetysolutions.com\/esp\/wp-content\/uploads\/smk_241_action_photo.jpg",1920,1080,false],"woocommerce_thumbnail":["https:\/\/engagingsafetysolutions.com\/esp\/wp-content\/uploads\/smk_241_action_photo-300x225.jpg",300,225,true],"woocommerce_single":["https:\/\/engagingsafetysolutions.com\/esp\/wp-content\/uploads\/smk_241_action_photo-640x360.jpg",640,360,true],"woocommerce_gallery_thumbnail":["https:\/\/engagingsafetysolutions.com\/esp\/wp-content\/uploads\/smk_241_action_photo-100x100.jpg",100,100,true],"dgwt-wcas-product-suggestion":["https:\/\/engagingsafetysolutions.com\/esp\/wp-content\/uploads\/smk_241_action_photo-64x36.jpg",64,36,true]},"uagb_author_info":{"display_name":"evagomez","author_link":"https:\/\/engagingsafetysolutions.com\/esp\/author\/"},"uagb_comment_info":0,"uagb_excerpt":"El programa de seguridad en almacenes ayuda a los empleados a mantenerse seguros al identificar los peligros espec\u00edficos que pueden encontrar mientras trabajan en un almac\u00e9n y proporcionarles procedimientos pr\u00e1cticos que pueden usar para evitarlos.","_links":{"self":[{"href":"https:\/\/engagingsafetysolutions.com\/esp\/wp-json\/wp\/v2\/product\/11690","targetHints":{"allow":["GET"]}}],"collection":[{"href":"https:\/\/engagingsafetysolutions.com\/esp\/wp-json\/wp\/v2\/product"}],"about":[{"href":"https:\/\/engagingsafetysolutions.com\/esp\/wp-json\/wp\/v2\/types\/product"}],"version-history":[{"count":3,"href":"https:\/\/engagingsafetysolutions.com\/esp\/wp-json\/wp\/v2\/product\/11690\/revisions"}],"predecessor-version":[{"id":14685,"href":"https:\/\/engagingsafetysolutions.com\/esp\/wp-json\/wp\/v2\/product\/11690\/revisions\/14685"}],"wp:featuredmedia":[{"embeddable":true,"href":"https:\/\/engagingsafetysolutions.com\/esp\/wp-json\/wp\/v2\/media\/12474"}],"wp:attachment":[{"href":"https:\/\/engagingsafetysolutions.com\/esp\/wp-json\/wp\/v2\/media?parent=11690"}],"wp:term":[{"taxonomy":"product_brand","embeddable":true,"href":"https:\/\/engagingsafetysolutions.com\/esp\/wp-json\/wp\/v2\/product_brand?post=11690"},{"taxonomy":"product_cat","embeddable":true,"href":"https:\/\/engagingsafetysolutions.com\/esp\/wp-json\/wp\/v2\/product_cat?post=11690"},{"taxonomy":"product_tag","embeddable":true,"href":"https:\/\/engagingsafetysolutions.com\/esp\/wp-json\/wp\/v2\/product_tag?post=11690"}],"curies":[{"name":"wp","href":"https:\/\/api.w.org\/{rel}","templated":true}]}}