{"id":11689,"date":"2020-05-08T00:53:46","date_gmt":"2020-05-08T00:53:46","guid":{"rendered":"https:\/\/engagingsafetysolutions.com\/esp\/product\/seguridad-en-la-oficina\/"},"modified":"2025-08-18T16:43:48","modified_gmt":"2025-08-18T16:43:48","slug":"seguridad-en-la-oficina","status":"publish","type":"product","link":"https:\/\/engagingsafetysolutions.com\/esp\/product\/seguridad-en-la-oficina\/","title":{"rendered":"Seguridad en la Oficina"},"content":{"rendered":"<p>El Programa de seguridad en la oficina muestra a los empleados qu\u00e9 peligros existen en los entornos de oficina y lo importante que es utilizar buenas pr\u00e1cticas de seguridad en su trabajo. Millones de empleados buscan tratamiento m\u00e9dico cada a\u00f1o por lesiones que ocurren en el trabajo. La mayor\u00eda de los trabajadores de oficina piensan que estas lesiones solo ocurren en instalaciones de fabricaci\u00f3n o en sitios de construcci\u00f3n, pero una cantidad sorprendente de lesiones en el lugar de trabajo ocurren en oficinas como la suya. El programa incluye evitar ca\u00eddas, ponerse en riesgo, configurar su estaci\u00f3n de trabajo, prevenir la fatiga visual, usar equipos en polvo, entregar suministros de oficina, seguridad contra incendios en la oficina y m\u00e1s.<\/p>\n","protected":false},"excerpt":{"rendered":"<p>El Programa de seguridad en la oficina muestra a los empleados qu\u00e9 peligros existen en los entornos de oficina y lo importante que es utilizar buenas pr\u00e1cticas de seguridad en su trabajo. <\/p>\n","protected":false},"featured_media":12470,"template":"","meta":{"_uag_custom_page_level_css":""},"product_brand":[],"product_cat":[68,51,32,52],"product_tag":[],"class_list":{"0":"post-11689","1":"product","2":"type-product","3":"status-publish","4":"has-post-thumbnail","6":"product_cat-dvd-2","7":"product_cat-elearning","8":"product_cat-usb","9":"product_cat-videos-en-demanda","11":"first","12":"instock","13":"sold-individually","14":"taxable","15":"shipping-taxable","16":"purchasable","17":"product-type-variable","18":"has-default-attributes"},"aioseo_notices":[],"uagb_featured_image_src":{"full":["https:\/\/engagingsafetysolutions.com\/esp\/wp-content\/uploads\/smk_235_action_photo.jpg",1920,1080,false],"thumbnail":["https:\/\/engagingsafetysolutions.com\/esp\/wp-content\/uploads\/smk_235_action_photo-150x150.jpg",150,150,true],"medium":["https:\/\/engagingsafetysolutions.com\/esp\/wp-content\/uploads\/smk_235_action_photo-300x169.jpg",300,169,true],"medium_large":["https:\/\/engagingsafetysolutions.com\/esp\/wp-content\/uploads\/smk_235_action_photo-768x432.jpg",768,432,true],"large":["https:\/\/engagingsafetysolutions.com\/esp\/wp-content\/uploads\/smk_235_action_photo-1024x576.jpg",1024,576,true],"1536x1536":["https:\/\/engagingsafetysolutions.com\/esp\/wp-content\/uploads\/smk_235_action_photo-1536x864.jpg",1536,864,true],"2048x2048":["https:\/\/engagingsafetysolutions.com\/esp\/wp-content\/uploads\/smk_235_action_photo.jpg",1920,1080,false],"woocommerce_thumbnail":["https:\/\/engagingsafetysolutions.com\/esp\/wp-content\/uploads\/smk_235_action_photo-300x225.jpg",300,225,true],"woocommerce_single":["https:\/\/engagingsafetysolutions.com\/esp\/wp-content\/uploads\/smk_235_action_photo-640x360.jpg",640,360,true],"woocommerce_gallery_thumbnail":["https:\/\/engagingsafetysolutions.com\/esp\/wp-content\/uploads\/smk_235_action_photo-100x100.jpg",100,100,true],"dgwt-wcas-product-suggestion":["https:\/\/engagingsafetysolutions.com\/esp\/wp-content\/uploads\/smk_235_action_photo-64x36.jpg",64,36,true]},"uagb_author_info":{"display_name":"evagomez","author_link":"https:\/\/engagingsafetysolutions.com\/esp\/author\/"},"uagb_comment_info":0,"uagb_excerpt":"El Programa de seguridad en la oficina muestra a los empleados qu\u00e9 peligros existen en los entornos de oficina y lo importante que es utilizar buenas pr\u00e1cticas de seguridad en su trabajo.","_links":{"self":[{"href":"https:\/\/engagingsafetysolutions.com\/esp\/wp-json\/wp\/v2\/product\/11689","targetHints":{"allow":["GET"]}}],"collection":[{"href":"https:\/\/engagingsafetysolutions.com\/esp\/wp-json\/wp\/v2\/product"}],"about":[{"href":"https:\/\/engagingsafetysolutions.com\/esp\/wp-json\/wp\/v2\/types\/product"}],"version-history":[{"count":4,"href":"https:\/\/engagingsafetysolutions.com\/esp\/wp-json\/wp\/v2\/product\/11689\/revisions"}],"predecessor-version":[{"id":14684,"href":"https:\/\/engagingsafetysolutions.com\/esp\/wp-json\/wp\/v2\/product\/11689\/revisions\/14684"}],"wp:featuredmedia":[{"embeddable":true,"href":"https:\/\/engagingsafetysolutions.com\/esp\/wp-json\/wp\/v2\/media\/12470"}],"wp:attachment":[{"href":"https:\/\/engagingsafetysolutions.com\/esp\/wp-json\/wp\/v2\/media?parent=11689"}],"wp:term":[{"taxonomy":"product_brand","embeddable":true,"href":"https:\/\/engagingsafetysolutions.com\/esp\/wp-json\/wp\/v2\/product_brand?post=11689"},{"taxonomy":"product_cat","embeddable":true,"href":"https:\/\/engagingsafetysolutions.com\/esp\/wp-json\/wp\/v2\/product_cat?post=11689"},{"taxonomy":"product_tag","embeddable":true,"href":"https:\/\/engagingsafetysolutions.com\/esp\/wp-json\/wp\/v2\/product_tag?post=11689"}],"curies":[{"name":"wp","href":"https:\/\/api.w.org\/{rel}","templated":true}]}}