{"id":11688,"date":"2020-05-08T00:53:46","date_gmt":"2020-05-08T00:53:46","guid":{"rendered":"https:\/\/engagingsafetysolutions.com\/esp\/product\/seguridad-electrica\/"},"modified":"2025-08-18T16:43:48","modified_gmt":"2025-08-18T16:43:48","slug":"seguridad-electrica","status":"publish","type":"product","link":"https:\/\/engagingsafetysolutions.com\/esp\/product\/seguridad-electrica\/","title":{"rendered":"Seguridad El\u00e9ctrica"},"content":{"rendered":"<p>El Programa de Seguridad El\u00e9ctrica analiza c\u00f3mo &#8220;funciona&#8221; la electricidad, explica sus peligros y describe los procedimientos y equipos que los empleados deben usar para trabajar de manera segura con electricidad de bajo voltaje. El curso tambi\u00e9n satisface los requisitos de capacitaci\u00f3n de OSHA bajo 29 CFR Parte 1910.331 para empleados no calificados. La electricidad es una parte tan importante de la vida cotidiana que es f\u00e1cil olvidar que tambi\u00e9n puede ser peligrosa. Causa miles de lesiones y cientos de muertes cada a\u00f1o. La electricidad tambi\u00e9n puede iniciar incendios y causar explosiones que resultan en da\u00f1os extensos y costosos. El programa incluye los conceptos b\u00e1sicos de electricidad, circuitos y el flujo de corriente el\u00e9ctrica, reconocimiento y prevenci\u00f3n de peligros el\u00e9ctricos, entornos especiales de trabajo el\u00e9ctrico, manejo de un accidente el\u00e9ctrico y m\u00e1s.<\/p>\n","protected":false},"excerpt":{"rendered":"<p>El Programa de Seguridad El\u00e9ctrica analiza c\u00f3mo &#8220;funciona&#8221; la electricidad, explica sus peligros y describe los procedimientos y equipos que los empleados deben usar para trabajar de manera segura con electricidad de bajo voltaje. <\/p>\n","protected":false},"featured_media":14172,"template":"","meta":{"_uag_custom_page_level_css":""},"product_brand":[],"product_cat":[68,51,32,52],"product_tag":[],"class_list":{"0":"post-11688","1":"product","2":"type-product","3":"status-publish","4":"has-post-thumbnail","6":"product_cat-dvd-2","7":"product_cat-elearning","8":"product_cat-usb","9":"product_cat-videos-en-demanda","11":"first","12":"instock","13":"sold-individually","14":"taxable","15":"shipping-taxable","16":"purchasable","17":"product-type-variable","18":"has-default-attributes"},"aioseo_notices":[],"uagb_featured_image_src":{"full":["https:\/\/engagingsafetysolutions.com\/esp\/wp-content\/uploads\/Electrical-1.jpg",720,480,false],"thumbnail":["https:\/\/engagingsafetysolutions.com\/esp\/wp-content\/uploads\/Electrical-1-150x150.jpg",150,150,true],"medium":["https:\/\/engagingsafetysolutions.com\/esp\/wp-content\/uploads\/Electrical-1-300x200.jpg",300,200,true],"medium_large":["https:\/\/engagingsafetysolutions.com\/esp\/wp-content\/uploads\/Electrical-1.jpg",720,480,false],"large":["https:\/\/engagingsafetysolutions.com\/esp\/wp-content\/uploads\/Electrical-1.jpg",720,480,false],"1536x1536":["https:\/\/engagingsafetysolutions.com\/esp\/wp-content\/uploads\/Electrical-1.jpg",720,480,false],"2048x2048":["https:\/\/engagingsafetysolutions.com\/esp\/wp-content\/uploads\/Electrical-1.jpg",720,480,false],"woocommerce_thumbnail":["https:\/\/engagingsafetysolutions.com\/esp\/wp-content\/uploads\/Electrical-1-300x225.jpg",300,225,true],"woocommerce_single":["https:\/\/engagingsafetysolutions.com\/esp\/wp-content\/uploads\/Electrical-1-640x427.jpg",640,427,true],"woocommerce_gallery_thumbnail":["https:\/\/engagingsafetysolutions.com\/esp\/wp-content\/uploads\/Electrical-1-100x100.jpg",100,100,true],"dgwt-wcas-product-suggestion":["https:\/\/engagingsafetysolutions.com\/esp\/wp-content\/uploads\/Electrical-1-64x43.jpg",64,43,true]},"uagb_author_info":{"display_name":"evagomez","author_link":"https:\/\/engagingsafetysolutions.com\/esp\/author\/"},"uagb_comment_info":0,"uagb_excerpt":"El Programa de Seguridad El\u00e9ctrica analiza c\u00f3mo \"funciona\" la electricidad, explica sus peligros y describe los procedimientos y equipos que los empleados deben usar para trabajar de manera segura con electricidad de bajo voltaje.","_links":{"self":[{"href":"https:\/\/engagingsafetysolutions.com\/esp\/wp-json\/wp\/v2\/product\/11688","targetHints":{"allow":["GET"]}}],"collection":[{"href":"https:\/\/engagingsafetysolutions.com\/esp\/wp-json\/wp\/v2\/product"}],"about":[{"href":"https:\/\/engagingsafetysolutions.com\/esp\/wp-json\/wp\/v2\/types\/product"}],"version-history":[{"count":4,"href":"https:\/\/engagingsafetysolutions.com\/esp\/wp-json\/wp\/v2\/product\/11688\/revisions"}],"predecessor-version":[{"id":14683,"href":"https:\/\/engagingsafetysolutions.com\/esp\/wp-json\/wp\/v2\/product\/11688\/revisions\/14683"}],"wp:featuredmedia":[{"embeddable":true,"href":"https:\/\/engagingsafetysolutions.com\/esp\/wp-json\/wp\/v2\/media\/14172"}],"wp:attachment":[{"href":"https:\/\/engagingsafetysolutions.com\/esp\/wp-json\/wp\/v2\/media?parent=11688"}],"wp:term":[{"taxonomy":"product_brand","embeddable":true,"href":"https:\/\/engagingsafetysolutions.com\/esp\/wp-json\/wp\/v2\/product_brand?post=11688"},{"taxonomy":"product_cat","embeddable":true,"href":"https:\/\/engagingsafetysolutions.com\/esp\/wp-json\/wp\/v2\/product_cat?post=11688"},{"taxonomy":"product_tag","embeddable":true,"href":"https:\/\/engagingsafetysolutions.com\/esp\/wp-json\/wp\/v2\/product_tag?post=11688"}],"curies":[{"name":"wp","href":"https:\/\/api.w.org\/{rel}","templated":true}]}}