{"id":11687,"date":"2020-05-08T00:53:45","date_gmt":"2020-05-08T00:53:45","guid":{"rendered":"https:\/\/engagingsafetysolutions.com\/esp\/product\/seguridad-del-silice-en-entornos-industriales-y-de-construccion\/"},"modified":"2025-08-18T16:45:59","modified_gmt":"2025-08-18T16:45:59","slug":"seguridad-del-silice-en-entornos-industriales-y-de-construccion","status":"publish","type":"product","link":"https:\/\/engagingsafetysolutions.com\/esp\/product\/seguridad-del-silice-en-entornos-industriales-y-de-construccion\/","title":{"rendered":"Seguridad del S\u00edlice en Entornos Industriales y de Construcci\u00f3n"},"content":{"rendered":"<p>El programa de seguridad de s\u00edlice en entornos industriales y de construcci\u00f3n explica los peligros asociados con el polvo de s\u00edlice, revisa los est\u00e1ndares de OSHA para la industria y la construcci\u00f3n, y muestra a los empleados lo que pueden hacer para protegerse del polvo de s\u00edlice en el trabajo. El polvo de s\u00edlice puede causar problemas de salud graves, incluso fatales, para cualquier persona que lo inhale. Y m\u00e1s de dos millones de trabajadores est\u00e1n expuestos a esta sustancia en el trabajo cada a\u00f1o. La Regla de seguridad de s\u00edlice de OSHA ha establecido est\u00e1ndares rigurosos para protegerlos. El programa incluye los peligros de la s\u00edlice cristalina respirable, las normas de seguridad de s\u00edlice de OSHA, la exposici\u00f3n al polvo de s\u00edlice en el lugar de trabajo, el plan de control de exposici\u00f3n al polvo de s\u00edlice, los sistemas de control, las pr\u00e1cticas de trabajo seguras y el EPP, la vigilancia m\u00e9dica y el mantenimiento de registros y m\u00e1s. El programa viene con una gu\u00eda completa para el l\u00edder, un formulario de programaci\u00f3n y asistencia reproducible, un cuestionario para empleados, un certificado de capacitaci\u00f3n y un registro de capacitaci\u00f3n<\/p>\n","protected":false},"excerpt":{"rendered":"<p>El programa de seguridad de s\u00edlice en entornos industriales y de construcci\u00f3n explica los peligros asociados con el polvo de s\u00edlice, revisa los est\u00e1ndares de OSHA para la industria y la construcci\u00f3n, y muestra a los empleados lo que pueden hacer para protegerse del polvo de s\u00edlice en el trabajo. <\/p>\n","protected":false},"featured_media":12550,"template":"","meta":{"_uag_custom_page_level_css":""},"product_brand":[],"product_cat":[68,51,32,52],"product_tag":[],"class_list":{"0":"post-11687","1":"product","2":"type-product","3":"status-publish","4":"has-post-thumbnail","6":"product_cat-dvd-2","7":"product_cat-elearning","8":"product_cat-usb","9":"product_cat-videos-en-demanda","11":"first","12":"instock","13":"sold-individually","14":"taxable","15":"shipping-taxable","16":"purchasable","17":"product-type-variable","18":"has-default-attributes"},"aioseo_notices":[],"uagb_featured_image_src":{"full":["https:\/\/engagingsafetysolutions.com\/esp\/wp-content\/uploads\/rck_314_action_photo.jpg",1920,1080,false],"thumbnail":["https:\/\/engagingsafetysolutions.com\/esp\/wp-content\/uploads\/rck_314_action_photo-150x150.jpg",150,150,true],"medium":["https:\/\/engagingsafetysolutions.com\/esp\/wp-content\/uploads\/rck_314_action_photo-300x169.jpg",300,169,true],"medium_large":["https:\/\/engagingsafetysolutions.com\/esp\/wp-content\/uploads\/rck_314_action_photo-768x432.jpg",768,432,true],"large":["https:\/\/engagingsafetysolutions.com\/esp\/wp-content\/uploads\/rck_314_action_photo-1024x576.jpg",1024,576,true],"1536x1536":["https:\/\/engagingsafetysolutions.com\/esp\/wp-content\/uploads\/rck_314_action_photo-1536x864.jpg",1536,864,true],"2048x2048":["https:\/\/engagingsafetysolutions.com\/esp\/wp-content\/uploads\/rck_314_action_photo.jpg",1920,1080,false],"woocommerce_thumbnail":["https:\/\/engagingsafetysolutions.com\/esp\/wp-content\/uploads\/rck_314_action_photo-300x225.jpg",300,225,true],"woocommerce_single":["https:\/\/engagingsafetysolutions.com\/esp\/wp-content\/uploads\/rck_314_action_photo-640x360.jpg",640,360,true],"woocommerce_gallery_thumbnail":["https:\/\/engagingsafetysolutions.com\/esp\/wp-content\/uploads\/rck_314_action_photo-100x100.jpg",100,100,true],"dgwt-wcas-product-suggestion":["https:\/\/engagingsafetysolutions.com\/esp\/wp-content\/uploads\/rck_314_action_photo-64x36.jpg",64,36,true]},"uagb_author_info":{"display_name":"evagomez","author_link":"https:\/\/engagingsafetysolutions.com\/esp\/author\/"},"uagb_comment_info":0,"uagb_excerpt":"El programa de seguridad de s\u00edlice en entornos industriales y de construcci\u00f3n explica los peligros asociados con el polvo de s\u00edlice, revisa los est\u00e1ndares de OSHA para la industria y la construcci\u00f3n, y muestra a los empleados lo que pueden hacer para protegerse del polvo de s\u00edlice en el trabajo.","_links":{"self":[{"href":"https:\/\/engagingsafetysolutions.com\/esp\/wp-json\/wp\/v2\/product\/11687","targetHints":{"allow":["GET"]}}],"collection":[{"href":"https:\/\/engagingsafetysolutions.com\/esp\/wp-json\/wp\/v2\/product"}],"about":[{"href":"https:\/\/engagingsafetysolutions.com\/esp\/wp-json\/wp\/v2\/types\/product"}],"version-history":[{"count":5,"href":"https:\/\/engagingsafetysolutions.com\/esp\/wp-json\/wp\/v2\/product\/11687\/revisions"}],"predecessor-version":[{"id":14682,"href":"https:\/\/engagingsafetysolutions.com\/esp\/wp-json\/wp\/v2\/product\/11687\/revisions\/14682"}],"wp:featuredmedia":[{"embeddable":true,"href":"https:\/\/engagingsafetysolutions.com\/esp\/wp-json\/wp\/v2\/media\/12550"}],"wp:attachment":[{"href":"https:\/\/engagingsafetysolutions.com\/esp\/wp-json\/wp\/v2\/media?parent=11687"}],"wp:term":[{"taxonomy":"product_brand","embeddable":true,"href":"https:\/\/engagingsafetysolutions.com\/esp\/wp-json\/wp\/v2\/product_brand?post=11687"},{"taxonomy":"product_cat","embeddable":true,"href":"https:\/\/engagingsafetysolutions.com\/esp\/wp-json\/wp\/v2\/product_cat?post=11687"},{"taxonomy":"product_tag","embeddable":true,"href":"https:\/\/engagingsafetysolutions.com\/esp\/wp-json\/wp\/v2\/product_tag?post=11687"}],"curies":[{"name":"wp","href":"https:\/\/api.w.org\/{rel}","templated":true}]}}