{"id":11686,"date":"2020-05-08T00:53:44","date_gmt":"2020-05-08T00:53:44","guid":{"rendered":"https:\/\/engagingsafetysolutions.com\/esp\/product\/seguridad-de-zanjas-y-apuntalamientos-en-ambientes-de-construccion\/"},"modified":"2025-08-18T16:46:00","modified_gmt":"2025-08-18T16:46:00","slug":"seguridad-de-zanjas-y-apuntalamientos-en-ambientes-de-construccion","status":"publish","type":"product","link":"https:\/\/engagingsafetysolutions.com\/esp\/product\/seguridad-de-zanjas-y-apuntalamientos-en-ambientes-de-construccion\/","title":{"rendered":"Seguridad de Zanjas y Apuntalamientos en Ambientes de Construcci\u00f3n"},"content":{"rendered":"<p>El programa de seguridad en entornos de construcci\u00f3n de zanjas y apuntalamiento ayuda a los empleados a comprender los peligros que se pueden encontrar en el trabajo de excavaci\u00f3n de zanjas, as\u00ed como las regulaciones de OSHA y las pr\u00e1cticas de trabajo seguras que pueden evitar que ocurran accidentes. El veinte por ciento de las muertes en el lugar de trabajo en los EE. UU. involucran a trabajadores de la construcci\u00f3n, pero sus posibilidades de morir en el trabajo se duplican cuando trabajan en una zanja. Un promedio de dos empleados muere cada mes cuando la zanja en la que est\u00e1n trabajando se derrumba sobre ellos. Pero muchas de estas muertes y miles de lesiones se pueden prevenir. El programa incluye informaci\u00f3n sobre los peligros de la excavaci\u00f3n de zanjas, la persona competente y la inspecci\u00f3n del lugar de trabajo, los tipos de suelo y los sistemas de protecci\u00f3n, la inspecci\u00f3n y las pruebas continuas, el acceso, la salida, el retroceso y el equipo, el trabajo defensivo y m\u00e1s.<\/p>\n","protected":false},"excerpt":{"rendered":"<p>El programa de seguridad en entornos de construcci\u00f3n de zanjas y apuntalamiento ayuda a los empleados a comprender los peligros que se pueden encontrar en el trabajo de excavaci\u00f3n de zanjas, as\u00ed como las regulaciones de OSHA y las pr\u00e1cticas de trabajo seguras que pueden evitar que ocurran accidentes. El programa viene con una gu\u00eda completa para l\u00edderes, un formulario de programaci\u00f3n y asistencia reproducible, un cuestionario para empleados, un certificado de capacitaci\u00f3n y un registro de capacitaci\u00f3n<\/p>\n","protected":false},"featured_media":12448,"template":"","meta":{"_uag_custom_page_level_css":""},"product_brand":[],"product_cat":[68,51,32,52],"product_tag":[],"class_list":{"0":"post-11686","1":"product","2":"type-product","3":"status-publish","4":"has-post-thumbnail","6":"product_cat-dvd-2","7":"product_cat-elearning","8":"product_cat-usb","9":"product_cat-videos-en-demanda","11":"first","12":"instock","13":"sold-individually","14":"taxable","15":"shipping-taxable","16":"purchasable","17":"product-type-variable","18":"has-default-attributes"},"aioseo_notices":[],"uagb_featured_image_src":{"full":["https:\/\/engagingsafetysolutions.com\/esp\/wp-content\/uploads\/con_269_action_photo.jpg",1920,1080,false],"thumbnail":["https:\/\/engagingsafetysolutions.com\/esp\/wp-content\/uploads\/con_269_action_photo-150x150.jpg",150,150,true],"medium":["https:\/\/engagingsafetysolutions.com\/esp\/wp-content\/uploads\/con_269_action_photo-300x169.jpg",300,169,true],"medium_large":["https:\/\/engagingsafetysolutions.com\/esp\/wp-content\/uploads\/con_269_action_photo-768x432.jpg",768,432,true],"large":["https:\/\/engagingsafetysolutions.com\/esp\/wp-content\/uploads\/con_269_action_photo-1024x576.jpg",1024,576,true],"1536x1536":["https:\/\/engagingsafetysolutions.com\/esp\/wp-content\/uploads\/con_269_action_photo-1536x864.jpg",1536,864,true],"2048x2048":["https:\/\/engagingsafetysolutions.com\/esp\/wp-content\/uploads\/con_269_action_photo.jpg",1920,1080,false],"woocommerce_thumbnail":["https:\/\/engagingsafetysolutions.com\/esp\/wp-content\/uploads\/con_269_action_photo-300x225.jpg",300,225,true],"woocommerce_single":["https:\/\/engagingsafetysolutions.com\/esp\/wp-content\/uploads\/con_269_action_photo-640x360.jpg",640,360,true],"woocommerce_gallery_thumbnail":["https:\/\/engagingsafetysolutions.com\/esp\/wp-content\/uploads\/con_269_action_photo-100x100.jpg",100,100,true],"dgwt-wcas-product-suggestion":["https:\/\/engagingsafetysolutions.com\/esp\/wp-content\/uploads\/con_269_action_photo-64x36.jpg",64,36,true]},"uagb_author_info":{"display_name":"evagomez","author_link":"https:\/\/engagingsafetysolutions.com\/esp\/author\/"},"uagb_comment_info":0,"uagb_excerpt":"El programa de seguridad en entornos de construcci\u00f3n de zanjas y apuntalamiento ayuda a los empleados a comprender los peligros que se pueden encontrar en el trabajo de excavaci\u00f3n de zanjas, as\u00ed como las regulaciones de OSHA y las pr\u00e1cticas de trabajo seguras que pueden evitar que ocurran accidentes. El programa viene con una gu\u00eda&hellip;","_links":{"self":[{"href":"https:\/\/engagingsafetysolutions.com\/esp\/wp-json\/wp\/v2\/product\/11686","targetHints":{"allow":["GET"]}}],"collection":[{"href":"https:\/\/engagingsafetysolutions.com\/esp\/wp-json\/wp\/v2\/product"}],"about":[{"href":"https:\/\/engagingsafetysolutions.com\/esp\/wp-json\/wp\/v2\/types\/product"}],"version-history":[{"count":3,"href":"https:\/\/engagingsafetysolutions.com\/esp\/wp-json\/wp\/v2\/product\/11686\/revisions"}],"predecessor-version":[{"id":14681,"href":"https:\/\/engagingsafetysolutions.com\/esp\/wp-json\/wp\/v2\/product\/11686\/revisions\/14681"}],"wp:featuredmedia":[{"embeddable":true,"href":"https:\/\/engagingsafetysolutions.com\/esp\/wp-json\/wp\/v2\/media\/12448"}],"wp:attachment":[{"href":"https:\/\/engagingsafetysolutions.com\/esp\/wp-json\/wp\/v2\/media?parent=11686"}],"wp:term":[{"taxonomy":"product_brand","embeddable":true,"href":"https:\/\/engagingsafetysolutions.com\/esp\/wp-json\/wp\/v2\/product_brand?post=11686"},{"taxonomy":"product_cat","embeddable":true,"href":"https:\/\/engagingsafetysolutions.com\/esp\/wp-json\/wp\/v2\/product_cat?post=11686"},{"taxonomy":"product_tag","embeddable":true,"href":"https:\/\/engagingsafetysolutions.com\/esp\/wp-json\/wp\/v2\/product_tag?post=11686"}],"curies":[{"name":"wp","href":"https:\/\/api.w.org\/{rel}","templated":true}]}}