{"id":11685,"date":"2020-05-08T00:53:44","date_gmt":"2020-05-08T00:53:44","guid":{"rendered":"https:\/\/engagingsafetysolutions.com\/esp\/product\/seguridad-de-los-resguardos-de-maquinas\/"},"modified":"2025-08-18T16:44:44","modified_gmt":"2025-08-18T16:44:44","slug":"seguridad-de-los-resguardos-de-maquinas","status":"publish","type":"product","link":"https:\/\/engagingsafetysolutions.com\/esp\/product\/seguridad-de-los-resguardos-de-maquinas\/","title":{"rendered":"Seguridad de los Resguardos de M\u00e1quinas"},"content":{"rendered":"<p>El Programa de seguridad de protecci\u00f3n de m\u00e1quinas revisa los diferentes tipos de peligros asociados con el uso de equipos motorizados y analiza los dispositivos de protecci\u00f3n de m\u00e1quinas y las pr\u00e1cticas de trabajo seguras que los empleados deben usar para evitarlos. El poder de la maquinaria nos permite hacer cosas que nunca podr\u00edamos hacer por nuestra cuenta. Pero m\u00e1s de 15,000 accidentes relacionados con m\u00e1quinas tambi\u00e9n ocurren en el lugar de trabajo cada a\u00f1o. La mayor\u00eda de estos incidentes podr\u00edan haberse evitado con protecciones de m\u00e1quinas. El programa  incluye movimientos mec\u00e1nicos peligrosos, protecciones fijas y de enclavamiento, puntos de operaci\u00f3n de protecci\u00f3n, protecci\u00f3n de sus manos, pr\u00e1cticas de trabajo seguras y m\u00e1s.<\/p>\n","protected":false},"excerpt":{"rendered":"<p>El programa de seguridad de protecci\u00f3n de m\u00e1quinas revisa los diferentes tipos de peligros asociados con el uso de equipos motorizados y analiza los dispositivos de protecci\u00f3n de m\u00e1quinas y las pr\u00e1cticas de trabajo seguras que los empleados deben usar para evitarlos. El programa viene con una gu\u00eda completa para l\u00edderes, un formulario de programaci\u00f3n y asistencia reproducible, un cuestionario para empleados, un certificado de capacitaci\u00f3n y un registro de capacitaci\u00f3n<\/p>\n","protected":false},"featured_media":12522,"template":"","meta":{"_uag_custom_page_level_css":""},"product_brand":[],"product_cat":[68,51,32,52],"product_tag":[],"class_list":{"0":"post-11685","1":"product","2":"type-product","3":"status-publish","4":"has-post-thumbnail","6":"product_cat-dvd-2","7":"product_cat-elearning","8":"product_cat-usb","9":"product_cat-videos-en-demanda","11":"first","12":"instock","13":"sold-individually","14":"taxable","15":"shipping-taxable","16":"purchasable","17":"product-type-variable","18":"has-default-attributes"},"aioseo_notices":[],"uagb_featured_image_src":{"full":["https:\/\/engagingsafetysolutions.com\/esp\/wp-content\/uploads\/smk_361_action_photo.jpg",1435,965,false],"thumbnail":["https:\/\/engagingsafetysolutions.com\/esp\/wp-content\/uploads\/smk_361_action_photo-150x150.jpg",150,150,true],"medium":["https:\/\/engagingsafetysolutions.com\/esp\/wp-content\/uploads\/smk_361_action_photo-300x202.jpg",300,202,true],"medium_large":["https:\/\/engagingsafetysolutions.com\/esp\/wp-content\/uploads\/smk_361_action_photo-768x516.jpg",768,516,true],"large":["https:\/\/engagingsafetysolutions.com\/esp\/wp-content\/uploads\/smk_361_action_photo-1024x689.jpg",1024,689,true],"1536x1536":["https:\/\/engagingsafetysolutions.com\/esp\/wp-content\/uploads\/smk_361_action_photo.jpg",1435,965,false],"2048x2048":["https:\/\/engagingsafetysolutions.com\/esp\/wp-content\/uploads\/smk_361_action_photo.jpg",1435,965,false],"woocommerce_thumbnail":["https:\/\/engagingsafetysolutions.com\/esp\/wp-content\/uploads\/smk_361_action_photo-300x225.jpg",300,225,true],"woocommerce_single":["https:\/\/engagingsafetysolutions.com\/esp\/wp-content\/uploads\/smk_361_action_photo-640x430.jpg",640,430,true],"woocommerce_gallery_thumbnail":["https:\/\/engagingsafetysolutions.com\/esp\/wp-content\/uploads\/smk_361_action_photo-100x100.jpg",100,100,true],"dgwt-wcas-product-suggestion":["https:\/\/engagingsafetysolutions.com\/esp\/wp-content\/uploads\/smk_361_action_photo-64x43.jpg",64,43,true]},"uagb_author_info":{"display_name":"evagomez","author_link":"https:\/\/engagingsafetysolutions.com\/esp\/author\/"},"uagb_comment_info":0,"uagb_excerpt":"El programa de seguridad de protecci\u00f3n de m\u00e1quinas revisa los diferentes tipos de peligros asociados con el uso de equipos motorizados y analiza los dispositivos de protecci\u00f3n de m\u00e1quinas y las pr\u00e1cticas de trabajo seguras que los empleados deben usar para evitarlos. El programa viene con una gu\u00eda completa para l\u00edderes, un formulario de programaci\u00f3n&hellip;","_links":{"self":[{"href":"https:\/\/engagingsafetysolutions.com\/esp\/wp-json\/wp\/v2\/product\/11685","targetHints":{"allow":["GET"]}}],"collection":[{"href":"https:\/\/engagingsafetysolutions.com\/esp\/wp-json\/wp\/v2\/product"}],"about":[{"href":"https:\/\/engagingsafetysolutions.com\/esp\/wp-json\/wp\/v2\/types\/product"}],"version-history":[{"count":5,"href":"https:\/\/engagingsafetysolutions.com\/esp\/wp-json\/wp\/v2\/product\/11685\/revisions"}],"predecessor-version":[{"id":14680,"href":"https:\/\/engagingsafetysolutions.com\/esp\/wp-json\/wp\/v2\/product\/11685\/revisions\/14680"}],"wp:featuredmedia":[{"embeddable":true,"href":"https:\/\/engagingsafetysolutions.com\/esp\/wp-json\/wp\/v2\/media\/12522"}],"wp:attachment":[{"href":"https:\/\/engagingsafetysolutions.com\/esp\/wp-json\/wp\/v2\/media?parent=11685"}],"wp:term":[{"taxonomy":"product_brand","embeddable":true,"href":"https:\/\/engagingsafetysolutions.com\/esp\/wp-json\/wp\/v2\/product_brand?post=11685"},{"taxonomy":"product_cat","embeddable":true,"href":"https:\/\/engagingsafetysolutions.com\/esp\/wp-json\/wp\/v2\/product_cat?post=11685"},{"taxonomy":"product_tag","embeddable":true,"href":"https:\/\/engagingsafetysolutions.com\/esp\/wp-json\/wp\/v2\/product_tag?post=11685"}],"curies":[{"name":"wp","href":"https:\/\/api.w.org\/{rel}","templated":true}]}}