{"id":11684,"date":"2020-05-08T00:53:43","date_gmt":"2020-05-08T00:53:43","guid":{"rendered":"https:\/\/engagingsafetysolutions.com\/esp\/product\/seguridad-de-la-estacion-de-trabajo-con-computadora\/"},"modified":"2025-08-18T16:44:26","modified_gmt":"2025-08-18T16:44:26","slug":"seguridad-de-la-estacion-de-trabajo-con-computadora","status":"publish","type":"product","link":"https:\/\/engagingsafetysolutions.com\/esp\/product\/seguridad-de-la-estacion-de-trabajo-con-computadora\/","title":{"rendered":"Seguridad de la Estaci\u00f3n de Trabajo con Computadora"},"content":{"rendered":"<p>El Programa de seguridad de estaciones de trabajo inform\u00e1ticas revisa los problemas de salud y seguridad que pueden estar involucrados cuando usamos computadoras y brinda soluciones pr\u00e1cticas a muchos de estos problemas. Una computadora no parece ser muy peligrosa. De hecho, parece bastante inofensivo cuando lo comparas con las grandes m\u00e1quinas y herramientas el\u00e9ctricas que algunas personas usan en sus trabajos. Pero mucha gente ha descubierto por las malas que si no configuran y usan sus computadoras correctamente &#8230; de hecho, pueden lastimarlos. Los movimientos repetitivos, la mala iluminaci\u00f3n y el estr\u00e9s f\u00edsico pueden provocar afecciones como el s\u00edndrome del t\u00fanel carpiano, el s\u00edndrome de visi\u00f3n por computadora y los problemas lumbares. Los peligros son reales. Pero hay cosas que se pueden hacer para evitar el dolor y las lesiones que pueden ocurrir cuando trabaja con su computadora. El programa incluye la organizaci\u00f3n de su \u00e1rea de trabajo, el uso de posiciones neutrales, la reducci\u00f3n de la fatiga visual, los ejercicios de estiramiento y &#8220;relajaci\u00f3n&#8221; y m\u00e1s.<\/p>\n","protected":false},"excerpt":{"rendered":"<p>El programa de seguridad de la estaci\u00f3n de trabajo de la computadora revisa los problemas de salud y seguridad que pueden estar involucrados cuando usamos computadoras y brinda soluciones pr\u00e1cticas a muchos de estos problemas.<\/p>\n","protected":false},"featured_media":12469,"template":"","meta":{"_uag_custom_page_level_css":""},"product_brand":[],"product_cat":[68,51,32,52],"product_tag":[],"class_list":{"0":"post-11684","1":"product","2":"type-product","3":"status-publish","4":"has-post-thumbnail","6":"product_cat-dvd-2","7":"product_cat-elearning","8":"product_cat-usb","9":"product_cat-videos-en-demanda","11":"first","12":"instock","13":"sold-individually","14":"taxable","15":"shipping-taxable","16":"purchasable","17":"product-type-variable","18":"has-default-attributes"},"aioseo_notices":[],"uagb_featured_image_src":{"full":["https:\/\/engagingsafetysolutions.com\/esp\/wp-content\/uploads\/smk_234_action_photo.jpg",1920,1080,false],"thumbnail":["https:\/\/engagingsafetysolutions.com\/esp\/wp-content\/uploads\/smk_234_action_photo-150x150.jpg",150,150,true],"medium":["https:\/\/engagingsafetysolutions.com\/esp\/wp-content\/uploads\/smk_234_action_photo-300x169.jpg",300,169,true],"medium_large":["https:\/\/engagingsafetysolutions.com\/esp\/wp-content\/uploads\/smk_234_action_photo-768x432.jpg",768,432,true],"large":["https:\/\/engagingsafetysolutions.com\/esp\/wp-content\/uploads\/smk_234_action_photo-1024x576.jpg",1024,576,true],"1536x1536":["https:\/\/engagingsafetysolutions.com\/esp\/wp-content\/uploads\/smk_234_action_photo-1536x864.jpg",1536,864,true],"2048x2048":["https:\/\/engagingsafetysolutions.com\/esp\/wp-content\/uploads\/smk_234_action_photo.jpg",1920,1080,false],"woocommerce_thumbnail":["https:\/\/engagingsafetysolutions.com\/esp\/wp-content\/uploads\/smk_234_action_photo-300x225.jpg",300,225,true],"woocommerce_single":["https:\/\/engagingsafetysolutions.com\/esp\/wp-content\/uploads\/smk_234_action_photo-640x360.jpg",640,360,true],"woocommerce_gallery_thumbnail":["https:\/\/engagingsafetysolutions.com\/esp\/wp-content\/uploads\/smk_234_action_photo-100x100.jpg",100,100,true],"dgwt-wcas-product-suggestion":["https:\/\/engagingsafetysolutions.com\/esp\/wp-content\/uploads\/smk_234_action_photo-64x36.jpg",64,36,true]},"uagb_author_info":{"display_name":"evagomez","author_link":"https:\/\/engagingsafetysolutions.com\/esp\/author\/"},"uagb_comment_info":0,"uagb_excerpt":"El programa de seguridad de la estaci\u00f3n de trabajo de la computadora revisa los problemas de salud y seguridad que pueden estar involucrados cuando usamos computadoras y brinda soluciones pr\u00e1cticas a muchos de estos problemas.","_links":{"self":[{"href":"https:\/\/engagingsafetysolutions.com\/esp\/wp-json\/wp\/v2\/product\/11684","targetHints":{"allow":["GET"]}}],"collection":[{"href":"https:\/\/engagingsafetysolutions.com\/esp\/wp-json\/wp\/v2\/product"}],"about":[{"href":"https:\/\/engagingsafetysolutions.com\/esp\/wp-json\/wp\/v2\/types\/product"}],"version-history":[{"count":3,"href":"https:\/\/engagingsafetysolutions.com\/esp\/wp-json\/wp\/v2\/product\/11684\/revisions"}],"predecessor-version":[{"id":14679,"href":"https:\/\/engagingsafetysolutions.com\/esp\/wp-json\/wp\/v2\/product\/11684\/revisions\/14679"}],"wp:featuredmedia":[{"embeddable":true,"href":"https:\/\/engagingsafetysolutions.com\/esp\/wp-json\/wp\/v2\/media\/12469"}],"wp:attachment":[{"href":"https:\/\/engagingsafetysolutions.com\/esp\/wp-json\/wp\/v2\/media?parent=11684"}],"wp:term":[{"taxonomy":"product_brand","embeddable":true,"href":"https:\/\/engagingsafetysolutions.com\/esp\/wp-json\/wp\/v2\/product_brand?post=11684"},{"taxonomy":"product_cat","embeddable":true,"href":"https:\/\/engagingsafetysolutions.com\/esp\/wp-json\/wp\/v2\/product_cat?post=11684"},{"taxonomy":"product_tag","embeddable":true,"href":"https:\/\/engagingsafetysolutions.com\/esp\/wp-json\/wp\/v2\/product_tag?post=11684"}],"curies":[{"name":"wp","href":"https:\/\/api.w.org\/{rel}","templated":true}]}}