{"id":11680,"date":"2020-05-08T00:53:40","date_gmt":"2020-05-08T00:53:40","guid":{"rendered":"https:\/\/engagingsafetysolutions.com\/esp\/product\/seguridad-con-los-montacargas-de-horquilla-y-los-montacargas-industriales-motorizados\/"},"modified":"2025-08-18T16:44:54","modified_gmt":"2025-08-18T16:44:54","slug":"seguridad-con-los-montacargas-de-horquilla-y-los-montacargas-industriales-motorizados","status":"publish","type":"product","link":"https:\/\/engagingsafetysolutions.com\/esp\/product\/seguridad-con-los-montacargas-de-horquilla-y-los-montacargas-industriales-motorizados\/","title":{"rendered":"Seguridad con Montacargas y Veh\u00edculos Industriales Motorizados"},"content":{"rendered":"<p>El Programa de seguridad para montacargas\/carretillas industriales motorizadas brinda a los empleados la informaci\u00f3n que necesitan para trabajar de manera segura con este equipo, al tiempo que ayuda a los empleadores a cumplir con el Est\u00e1ndar de carretillas industriales motorizadas de OSHA. Las carretillas elevadoras y otras carretillas industriales motorizadas son herramientas resistentes que ahorran esfuerzo, tiempo y dinero. Sin embargo, su poder y fuerza tambi\u00e9n pueden hacerlos peligrosos. El accidente promedio de un cami\u00f3n industrial causa da\u00f1os por valor de miles de d\u00f3lares a sus instalaciones y al montacargas en s\u00ed. Estos accidentes tambi\u00e9n pueden provocar lesiones graves a cualquier persona involucrada&#8230; y algunos de ellos incluso pueden ser fatales. Para ayudar a prevenir accidentes con montacargas, OSHA cre\u00f3 el &#8220;Est\u00e1ndar de camiones industriales motorizados&#8221;. Esta regulaci\u00f3n requiere que los trabajadores est\u00e9n capacitados para operar de manera segura y mantener adecuadamente un cami\u00f3n industrial motorizado antes de que puedan usarlo en su lugar de trabajo. Con la capacitaci\u00f3n adecuada, un montacargas bien mantenido y algo de sentido com\u00fan, los empleados pueden ayudar a prevenir accidentes con montacargas&#8230; y hacer de sus instalaciones un lugar m\u00e1s seguro. El programa incluye informaci\u00f3n sobre diferentes tipos de montacargas y carretillas industriales motorizadas, los peligros asociados con este equipo, el &#8220;Est\u00e1ndar de camiones industriales motorizados&#8221; de OSHA, las pr\u00e1cticas de trabajo seguras utilizadas al operar un cami\u00f3n industrial motorizado, el mantenimiento e inspecci\u00f3n de montacargas y m\u00e1s. El programa viene con una gu\u00eda completa para l\u00edderes, un formulario de programaci\u00f3n y asistencia reproducible, un cuestionario para empleados, un certificado de capacitaci\u00f3n<\/p>\n","protected":false},"excerpt":{"rendered":"<p>El programa de seguridad con Montacargas y Veh\u00edculos Industriales Motorizados  brinda a los empleados la informaci\u00f3n que necesitan para trabajar de manera segura con este equipo, al tiempo que ayuda a los empleadores a cumplir con el est\u00e1ndar de carretillas industriales motorizadas de OSHA. <\/p>\n","protected":false},"featured_media":13401,"template":"","meta":{"_uag_custom_page_level_css":""},"product_brand":[],"product_cat":[68,51,32,52],"product_tag":[],"class_list":{"0":"post-11680","1":"product","2":"type-product","3":"status-publish","4":"has-post-thumbnail","6":"product_cat-dvd-2","7":"product_cat-elearning","8":"product_cat-usb","9":"product_cat-videos-en-demanda","11":"first","12":"instock","13":"sold-individually","14":"taxable","15":"shipping-taxable","16":"purchasable","17":"product-type-variable","18":"has-default-attributes"},"aioseo_notices":[],"uagb_featured_image_src":{"full":["https:\/\/engagingsafetysolutions.com\/esp\/wp-content\/uploads\/IND_424.jpg",1918,1078,false],"thumbnail":["https:\/\/engagingsafetysolutions.com\/esp\/wp-content\/uploads\/IND_424-150x150.jpg",150,150,true],"medium":["https:\/\/engagingsafetysolutions.com\/esp\/wp-content\/uploads\/IND_424-300x169.jpg",300,169,true],"medium_large":["https:\/\/engagingsafetysolutions.com\/esp\/wp-content\/uploads\/IND_424-768x432.jpg",768,432,true],"large":["https:\/\/engagingsafetysolutions.com\/esp\/wp-content\/uploads\/IND_424-1024x576.jpg",1024,576,true],"1536x1536":["https:\/\/engagingsafetysolutions.com\/esp\/wp-content\/uploads\/IND_424-1536x863.jpg",1536,863,true],"2048x2048":["https:\/\/engagingsafetysolutions.com\/esp\/wp-content\/uploads\/IND_424.jpg",1918,1078,false],"woocommerce_thumbnail":["https:\/\/engagingsafetysolutions.com\/esp\/wp-content\/uploads\/IND_424-300x225.jpg",300,225,true],"woocommerce_single":["https:\/\/engagingsafetysolutions.com\/esp\/wp-content\/uploads\/IND_424-640x360.jpg",640,360,true],"woocommerce_gallery_thumbnail":["https:\/\/engagingsafetysolutions.com\/esp\/wp-content\/uploads\/IND_424-100x100.jpg",100,100,true],"dgwt-wcas-product-suggestion":["https:\/\/engagingsafetysolutions.com\/esp\/wp-content\/uploads\/IND_424-64x36.jpg",64,36,true]},"uagb_author_info":{"display_name":"evagomez","author_link":"https:\/\/engagingsafetysolutions.com\/esp\/author\/"},"uagb_comment_info":0,"uagb_excerpt":"El programa de seguridad con Montacargas y Veh\u00edculos Industriales Motorizados brinda a los empleados la informaci\u00f3n que necesitan para trabajar de manera segura con este equipo, al tiempo que ayuda a los empleadores a cumplir con el est\u00e1ndar de carretillas industriales motorizadas de OSHA.","_links":{"self":[{"href":"https:\/\/engagingsafetysolutions.com\/esp\/wp-json\/wp\/v2\/product\/11680","targetHints":{"allow":["GET"]}}],"collection":[{"href":"https:\/\/engagingsafetysolutions.com\/esp\/wp-json\/wp\/v2\/product"}],"about":[{"href":"https:\/\/engagingsafetysolutions.com\/esp\/wp-json\/wp\/v2\/types\/product"}],"version-history":[{"count":4,"href":"https:\/\/engagingsafetysolutions.com\/esp\/wp-json\/wp\/v2\/product\/11680\/revisions"}],"predecessor-version":[{"id":14677,"href":"https:\/\/engagingsafetysolutions.com\/esp\/wp-json\/wp\/v2\/product\/11680\/revisions\/14677"}],"wp:featuredmedia":[{"embeddable":true,"href":"https:\/\/engagingsafetysolutions.com\/esp\/wp-json\/wp\/v2\/media\/13401"}],"wp:attachment":[{"href":"https:\/\/engagingsafetysolutions.com\/esp\/wp-json\/wp\/v2\/media?parent=11680"}],"wp:term":[{"taxonomy":"product_brand","embeddable":true,"href":"https:\/\/engagingsafetysolutions.com\/esp\/wp-json\/wp\/v2\/product_brand?post=11680"},{"taxonomy":"product_cat","embeddable":true,"href":"https:\/\/engagingsafetysolutions.com\/esp\/wp-json\/wp\/v2\/product_cat?post=11680"},{"taxonomy":"product_tag","embeddable":true,"href":"https:\/\/engagingsafetysolutions.com\/esp\/wp-json\/wp\/v2\/product_tag?post=11680"}],"curies":[{"name":"wp","href":"https:\/\/api.w.org\/{rel}","templated":true}]}}