{"id":11679,"date":"2020-05-08T00:53:38","date_gmt":"2020-05-08T00:53:38","guid":{"rendered":"https:\/\/engagingsafetysolutions.com\/esp\/product\/seguridad-con-los-andamios-soportados-en-entornos-industriales-y-de-construccion\/"},"modified":"2025-08-18T16:43:47","modified_gmt":"2025-08-18T16:43:47","slug":"seguridad-con-los-andamios-soportados-en-entornos-industriales-y-de-construccion","status":"publish","type":"product","link":"https:\/\/engagingsafetysolutions.com\/esp\/product\/seguridad-con-los-andamios-soportados-en-entornos-industriales-y-de-construccion\/","title":{"rendered":"Seguridad con los Andamios Soportados en Entornos Industriales y de Construcci\u00f3n"},"content":{"rendered":"<p>El programa de seguridad de andamios con apoyo en entornos industriales y de construcci\u00f3n analiza los andamios compatibles, c\u00f3mo deben construirse, los peligros asociados con ellos, las regulaciones de OSHA que abordan estos peligros y el equipo y los procedimientos que los empleados deben usar para trabajar con ellos de manera segura. Los andamios apoyados hacen posible que los empleados alcancen el trabajo que realizan desde el suelo. Pero los peligros asociados con el trabajo con andamios provocan miles de lesiones de empleados y m\u00e1s de 50 muertes cada a\u00f1o. El programa incluye andamios compatibles y regulaciones de OSHA, construcci\u00f3n de una base firme, ensamblaje de una plataforma segura, acceso seguro a un andamio, protecci\u00f3n contra ca\u00eddas y m\u00e1s.<\/p>\n","protected":false},"excerpt":{"rendered":"<p>El programa de seguridad de andamios con apoyo en entornos industriales y de construcci\u00f3n analiza los andamios compatibles, c\u00f3mo deben construirse, los peligros asociados con ellos, las regulaciones de OSHA que abordan estos peligros y el equipo y los procedimientos que los empleados deben usar para trabajar con ellos de manera segura. <\/p>\n","protected":false},"featured_media":12577,"template":"","meta":{"_uag_custom_page_level_css":""},"product_brand":[],"product_cat":[68,51,32,52],"product_tag":[],"class_list":{"0":"post-11679","1":"product","2":"type-product","3":"status-publish","4":"has-post-thumbnail","6":"product_cat-dvd-2","7":"product_cat-elearning","8":"product_cat-usb","9":"product_cat-videos-en-demanda","11":"first","12":"instock","13":"sold-individually","14":"taxable","15":"shipping-taxable","16":"purchasable","17":"product-type-variable","18":"has-default-attributes"},"aioseo_notices":[],"uagb_featured_image_src":{"full":["https:\/\/engagingsafetysolutions.com\/esp\/wp-content\/uploads\/rck_341_action_photo-scaled.jpg",2560,1728,false],"thumbnail":["https:\/\/engagingsafetysolutions.com\/esp\/wp-content\/uploads\/rck_341_action_photo-150x150.jpg",150,150,true],"medium":["https:\/\/engagingsafetysolutions.com\/esp\/wp-content\/uploads\/rck_341_action_photo-300x203.jpg",300,203,true],"medium_large":["https:\/\/engagingsafetysolutions.com\/esp\/wp-content\/uploads\/rck_341_action_photo-768x518.jpg",768,518,true],"large":["https:\/\/engagingsafetysolutions.com\/esp\/wp-content\/uploads\/rck_341_action_photo-1024x691.jpg",1024,691,true],"1536x1536":["https:\/\/engagingsafetysolutions.com\/esp\/wp-content\/uploads\/rck_341_action_photo-1536x1037.jpg",1536,1037,true],"2048x2048":["https:\/\/engagingsafetysolutions.com\/esp\/wp-content\/uploads\/rck_341_action_photo-scaled.jpg",2048,1382,false],"woocommerce_thumbnail":["https:\/\/engagingsafetysolutions.com\/esp\/wp-content\/uploads\/rck_341_action_photo-scaled-300x225.jpg",300,225,true],"woocommerce_single":["https:\/\/engagingsafetysolutions.com\/esp\/wp-content\/uploads\/rck_341_action_photo-scaled.jpg",640,432,false],"woocommerce_gallery_thumbnail":["https:\/\/engagingsafetysolutions.com\/esp\/wp-content\/uploads\/rck_341_action_photo-scaled-100x100.jpg",100,100,true],"dgwt-wcas-product-suggestion":["https:\/\/engagingsafetysolutions.com\/esp\/wp-content\/uploads\/rck_341_action_photo-scaled.jpg",64,43,false]},"uagb_author_info":{"display_name":"evagomez","author_link":"https:\/\/engagingsafetysolutions.com\/esp\/author\/"},"uagb_comment_info":0,"uagb_excerpt":"El programa de seguridad de andamios con apoyo en entornos industriales y de construcci\u00f3n analiza los andamios compatibles, c\u00f3mo deben construirse, los peligros asociados con ellos, las regulaciones de OSHA que abordan estos peligros y el equipo y los procedimientos que los empleados deben usar para trabajar con ellos de manera segura.","_links":{"self":[{"href":"https:\/\/engagingsafetysolutions.com\/esp\/wp-json\/wp\/v2\/product\/11679","targetHints":{"allow":["GET"]}}],"collection":[{"href":"https:\/\/engagingsafetysolutions.com\/esp\/wp-json\/wp\/v2\/product"}],"about":[{"href":"https:\/\/engagingsafetysolutions.com\/esp\/wp-json\/wp\/v2\/types\/product"}],"version-history":[{"count":2,"href":"https:\/\/engagingsafetysolutions.com\/esp\/wp-json\/wp\/v2\/product\/11679\/revisions"}],"predecessor-version":[{"id":14676,"href":"https:\/\/engagingsafetysolutions.com\/esp\/wp-json\/wp\/v2\/product\/11679\/revisions\/14676"}],"wp:featuredmedia":[{"embeddable":true,"href":"https:\/\/engagingsafetysolutions.com\/esp\/wp-json\/wp\/v2\/media\/12577"}],"wp:attachment":[{"href":"https:\/\/engagingsafetysolutions.com\/esp\/wp-json\/wp\/v2\/media?parent=11679"}],"wp:term":[{"taxonomy":"product_brand","embeddable":true,"href":"https:\/\/engagingsafetysolutions.com\/esp\/wp-json\/wp\/v2\/product_brand?post=11679"},{"taxonomy":"product_cat","embeddable":true,"href":"https:\/\/engagingsafetysolutions.com\/esp\/wp-json\/wp\/v2\/product_cat?post=11679"},{"taxonomy":"product_tag","embeddable":true,"href":"https:\/\/engagingsafetysolutions.com\/esp\/wp-json\/wp\/v2\/product_tag?post=11679"}],"curies":[{"name":"wp","href":"https:\/\/api.w.org\/{rel}","templated":true}]}}