{"id":11678,"date":"2020-05-08T00:53:38","date_gmt":"2020-05-08T00:53:38","guid":{"rendered":"https:\/\/engagingsafetysolutions.com\/esp\/product\/import-placeholder-for-ess-shad-12031\/"},"modified":"2025-08-18T16:45:24","modified_gmt":"2025-08-18T16:45:24","slug":"como-comprender-hazwoper-dvd","status":"publish","type":"product","link":"https:\/\/engagingsafetysolutions.com\/esp\/product\/como-comprender-hazwoper-dvd\/","title":{"rendered":"HAZWOPER Capacitaci\u00f3n  Suplementaria (Paquete de 8 programas)"},"content":{"rendered":"<p>El paquete de capacitaci\u00f3n complementaria HAZWOPER ayuda a las instalaciones a cumplir con los requisitos de capacitaci\u00f3n de los empleados de la regulaci\u00f3n HAZWOPER de OSHA (29 CFR 1910.120) y ayuda a los empleados a evitar la exposici\u00f3n a materiales peligrosos. El paquete de ocho programas proporciona la base para las 16 horas de capacitaci\u00f3n adicional que necesitan los trabajadores que deben usar respiradores en sus trabajos, o que ya recibieron capacitaci\u00f3n general de 24 horas y se est\u00e1n moviendo a trabajos que requieren capacitaci\u00f3n completa de 40 horas. Los programas incluye orientaci\u00f3n de seguridad, GHS SDS, estr\u00e9s por calor, prevenci\u00f3n de incendios, plan de respuesta a emergencias, plan de seguridad y salud en el sitio, trato con los medios en situaciones de emergencia y seguridad el\u00e9ctrica en entornos HAZMAT. Los materiales y desechos peligrosos son parte de muchas situaciones de trabajo y se pueden encontrar en muchos tipos de sitios de trabajo. OSHA considera que es tan importante que los empleados sepan c\u00f3mo reconocer estas sustancias potencialmente peligrosas (as\u00ed como c\u00f3mo manipularlas y desecharlas adecuadamente) que han ordenado que cualquier persona que trabaje con estos materiales reciba una capacitaci\u00f3n integral en esta \u00e1rea. En 1976, la Agencia de Protecci\u00f3n Ambiental de EE. UU. (EPA) emiti\u00f3 la Ley de Conservaci\u00f3n y Recuperaci\u00f3n de Recursos (RCRA) para regular el manejo de desechos peligrosos desde la cuna hasta la tumba. Desde entonces, le han seguido otras regulaciones, incluida la 29 CFR 1910.120 de OSHA, tambi\u00e9n conocida como HAZWOPER. Como parte de estas regulaciones, existen diferentes requisitos para la capacitaci\u00f3n de los empleados, seg\u00fan el nivel espec\u00edfico de participaci\u00f3n de un empleado con materiales peligrosos. Cada programa viene con una gu\u00eda completa para l\u00edderes, reproducible El paquete de capacitaci\u00f3n complementaria HAZWOPER ayuda a las instalaciones a cumplir con los requisitos de capacitaci\u00f3n de los empleados de la regulaci\u00f3n HAZWOPER de OSHA (29 CFR 1910.120) y ayuda a los empleados a evitar la exposici\u00f3n a materiales peligrosos. El paquete de ocho programas proporciona la base para las 16 horas de capacitaci\u00f3n adicional que necesitan los trabajadores que deben usar respiradores en sus trabajos, o que ya recibieron capacitaci\u00f3n general de 24 horas y se est\u00e1n moviendo a trabajos que requieren capacitaci\u00f3n completa de 40 horas. Los programas incluye orientaci\u00f3n de seguridad, GHS SDS, estr\u00e9s por calor, prevenci\u00f3n de incendios, plan de respuesta a emergencias, plan de seguridad y salud en el sitio, trato con los medios en situaciones de emergencia y seguridad el\u00e9ctrica en entornos HAZMAT. Los materiales y desechos peligrosos son parte de muchas situaciones de trabajo y se pueden encontrar en muchos tipos de sitios de trabajo. OSHA considera que es tan importante que los empleados sepan c\u00f3mo reconocer estas sustancias potencialmente peligrosas (as\u00ed como c\u00f3mo manipularlas y desecharlas adecuadamente) que han ordenado que cualquier persona que trabaje con estos materiales reciba una capacitaci\u00f3n integral en esta \u00e1rea. En 1976, la Agencia de Protecci\u00f3n Ambiental de los Estados Unidos (EPA) emiti\u00f3 el formulario de Conservaci\u00f3n de Recursos y Recoveprogramaci\u00f3n y asistencia, cuestionario para empleados, registro de capacitaci\u00f3n y certificado de capacitaci\u00f3n. Cada programa se puede utilizar como base para aproximadamente dos horas de capacitaci\u00f3n en el aula.<\/p>\n","protected":false},"excerpt":{"rendered":"<p>El paquete de capacitaci\u00f3n complementaria de HAZWOPER ayuda a las instalaciones a cumplir con los requisitos de capacitaci\u00f3n de los empleados de la regulaci\u00f3n HAZWOPER de OSHA (29 CFR 1910.120) y ayuda a los empleados a evitar la exposici\u00f3n a materiales peligrosos. El paquete de ocho programas proporciona la base para las 16 horas de capacitaci\u00f3n adicional que necesitan los trabajadores que deben usar respiradores en sus trabajos, o que ya recibieron capacitaci\u00f3n general de 24 horas y se est\u00e1n moviendo a trabajos que requieren capacitaci\u00f3n completa de 40 horas. Los programas incluyen orientaci\u00f3n de seguridad, GHS SDS, estr\u00e9s por calor, prevenci\u00f3n de incendios, plan de respuesta a emergencias, plan de seguridad y salud en el sitio, trato con los medios en situaciones de emergencia y seguridad el\u00e9ctrica en entornos HAZMAT. Cada programa viene con una gu\u00eda completa para l\u00edderes, un formulario de programaci\u00f3n y asistencia reproducible, un cuestionario para empleados, un registro de capacitaci\u00f3n y un certificado de capacitaci\u00f3n. Cada programa se puede utilizar como base para aproximadamente dos horas de capacitaci\u00f3n en el aula.<\/p>\n","protected":false},"featured_media":13710,"template":"","meta":{"_uag_custom_page_level_css":""},"product_brand":[],"product_cat":[68,32,52],"product_tag":[],"class_list":{"0":"post-11678","1":"product","2":"type-product","3":"status-publish","4":"has-post-thumbnail","6":"product_cat-dvd-2","7":"product_cat-usb","8":"product_cat-videos-en-demanda","10":"first","11":"instock","12":"sold-individually","13":"taxable","14":"shipping-taxable","15":"purchasable","16":"product-type-variable","17":"has-default-attributes"},"aioseo_notices":[],"uagb_featured_image_src":{"full":["https:\/\/engagingsafetysolutions.com\/esp\/wp-content\/uploads\/haz-barreltest-bw.jpg",1040,748,false],"thumbnail":["https:\/\/engagingsafetysolutions.com\/esp\/wp-content\/uploads\/haz-barreltest-bw-150x150.jpg",150,150,true],"medium":["https:\/\/engagingsafetysolutions.com\/esp\/wp-content\/uploads\/haz-barreltest-bw-300x216.jpg",300,216,true],"medium_large":["https:\/\/engagingsafetysolutions.com\/esp\/wp-content\/uploads\/haz-barreltest-bw-768x552.jpg",768,552,true],"large":["https:\/\/engagingsafetysolutions.com\/esp\/wp-content\/uploads\/haz-barreltest-bw-1024x736.jpg",1024,736,true],"1536x1536":["https:\/\/engagingsafetysolutions.com\/esp\/wp-content\/uploads\/haz-barreltest-bw.jpg",1040,748,false],"2048x2048":["https:\/\/engagingsafetysolutions.com\/esp\/wp-content\/uploads\/haz-barreltest-bw.jpg",1040,748,false],"woocommerce_thumbnail":["https:\/\/engagingsafetysolutions.com\/esp\/wp-content\/uploads\/haz-barreltest-bw-300x225.jpg",300,225,true],"woocommerce_single":["https:\/\/engagingsafetysolutions.com\/esp\/wp-content\/uploads\/haz-barreltest-bw-640x460.jpg",640,460,true],"woocommerce_gallery_thumbnail":["https:\/\/engagingsafetysolutions.com\/esp\/wp-content\/uploads\/haz-barreltest-bw-100x100.jpg",100,100,true],"dgwt-wcas-product-suggestion":["https:\/\/engagingsafetysolutions.com\/esp\/wp-content\/uploads\/haz-barreltest-bw-64x46.jpg",64,46,true]},"uagb_author_info":{"display_name":"evagomez","author_link":"https:\/\/engagingsafetysolutions.com\/esp\/author\/"},"uagb_comment_info":0,"uagb_excerpt":"El paquete de capacitaci\u00f3n complementaria de HAZWOPER ayuda a las instalaciones a cumplir con los requisitos de capacitaci\u00f3n de los empleados de la regulaci\u00f3n HAZWOPER de OSHA (29 CFR 1910.120) y ayuda a los empleados a evitar la exposici\u00f3n a materiales peligrosos. El paquete de ocho programas proporciona la base para las 16 horas de&hellip;","_links":{"self":[{"href":"https:\/\/engagingsafetysolutions.com\/esp\/wp-json\/wp\/v2\/product\/11678","targetHints":{"allow":["GET"]}}],"collection":[{"href":"https:\/\/engagingsafetysolutions.com\/esp\/wp-json\/wp\/v2\/product"}],"about":[{"href":"https:\/\/engagingsafetysolutions.com\/esp\/wp-json\/wp\/v2\/types\/product"}],"version-history":[{"count":5,"href":"https:\/\/engagingsafetysolutions.com\/esp\/wp-json\/wp\/v2\/product\/11678\/revisions"}],"predecessor-version":[{"id":14675,"href":"https:\/\/engagingsafetysolutions.com\/esp\/wp-json\/wp\/v2\/product\/11678\/revisions\/14675"}],"wp:featuredmedia":[{"embeddable":true,"href":"https:\/\/engagingsafetysolutions.com\/esp\/wp-json\/wp\/v2\/media\/13710"}],"wp:attachment":[{"href":"https:\/\/engagingsafetysolutions.com\/esp\/wp-json\/wp\/v2\/media?parent=11678"}],"wp:term":[{"taxonomy":"product_brand","embeddable":true,"href":"https:\/\/engagingsafetysolutions.com\/esp\/wp-json\/wp\/v2\/product_brand?post=11678"},{"taxonomy":"product_cat","embeddable":true,"href":"https:\/\/engagingsafetysolutions.com\/esp\/wp-json\/wp\/v2\/product_cat?post=11678"},{"taxonomy":"product_tag","embeddable":true,"href":"https:\/\/engagingsafetysolutions.com\/esp\/wp-json\/wp\/v2\/product_tag?post=11678"}],"curies":[{"name":"wp","href":"https:\/\/api.w.org\/{rel}","templated":true}]}}