{"id":11677,"date":"2020-05-08T00:53:38","date_gmt":"2020-05-08T00:53:38","guid":{"rendered":"https:\/\/engagingsafetysolutions.com\/esp\/product\/import-placeholder-for-ess-shad-12026\/"},"modified":"2025-08-18T16:45:24","modified_gmt":"2025-08-18T16:45:24","slug":"como-comprender-hazwoper-dvd-2","status":"publish","type":"product","link":"https:\/\/engagingsafetysolutions.com\/esp\/product\/como-comprender-hazwoper-dvd-2\/","title":{"rendered":"HAZWOPER Capacitaci\u00f3n completa de 40 horas (paquete de 20 programas)"},"content":{"rendered":"<p>El paquete completo de capacitaci\u00f3n de 40 horas HAZWOPER ayuda a las instalaciones a cumplir con los requisitos de capacitaci\u00f3n de los empleados de la regulaci\u00f3n HAZWOPER de OSHA (29 CFR 1910.120) y ayuda a los empleados a evitar la exposici\u00f3n a materiales peligrosos. El paquete de 20 programas proporciona la informaci\u00f3n completa que necesitan los empleados que est\u00e1n expuestos a sustancias peligrosas como parte rutinaria de sus trabajos, las personas que los supervisan y administran, as\u00ed como los comandantes de incidentes de materiales peligrosos. Los programas incluye Comprensi\u00f3n de HAZWOPER, Comprensi\u00f3n de los peligros qu\u00edmicos, El plan de respuesta a emergencias, Plan de seguridad y salud del sitio, Etiquetado HAZMAT, Entrada a espacios confinados, Equipo de protecci\u00f3n personal, Programas de vigilancia m\u00e9dica, Procedimientos y equipos de monitoreo, Medidas de liberaci\u00f3n accidental y Procedimientos de limpieza de derrames, GHS SDS, Manejo de materiales peligrosos, Pr\u00e1cticas de trabajo y controles de ingenier\u00eda, Protecci\u00f3n respiratoria, Prevenci\u00f3n de incendios, Manejo de los medios en emergencias Situaciones, orientaci\u00f3n de seguridad, seguridad el\u00e9ctrica en entornos HAZMAT, estr\u00e9s t\u00e9rmico y procedimientos de descontaminaci\u00f3n. Los materiales y desechos peligrosos son parte de muchas situaciones de trabajo y se pueden encontrar en muchos tipos de sitios de trabajo. OSHA considera que es tan importante que los empleados sepan c\u00f3mo reconocer estas sustancias potencialmente peligrosas (as\u00ed como c\u00f3mo manipularlas y desecharlas adecuadamente) que han ordenado que cualquier persona que trabaje con estos materiales reciba una capacitaci\u00f3n integral en esta \u00e1rea. En 1976, la Agencia de Protecci\u00f3n Ambiental de EE. UU. (EPA) emiti\u00f3 la Ley de Conservaci\u00f3n y Recuperaci\u00f3n de Recursos (RCRA) para regular el manejo de desechos peligrosos desde la cuna hasta la tumba. Desde entonces, le han seguido otras regulaciones, incluida la 29 CFR 1910.120 de OSHA, tambi\u00e9n conocida como HAZWOPER. Como parte de estas regulaciones, existen diferentes requisitos para la capacitaci\u00f3n de los empleados, seg\u00fan el nivel espec\u00edfico de participaci\u00f3n de un empleado con materiales peligrosos. . Cada programa se puede utilizar como base para aproximadamente dos horas de capacitaci\u00f3n en el aula.<\/p>\n","protected":false},"excerpt":{"rendered":"<p>l paquete completo de capacitaci\u00f3n de 40 horas de HAZWOPER ayuda a las instalaciones a cumplir con los requisitos de capacitaci\u00f3n de los empleados de la regulaci\u00f3n HAZWOPER de OSHA (29 CFR 1910.120) y ayuda a los empleados a evitar la exposici\u00f3n a materiales peligrosos. El paquete de 20 programas proporciona la informaci\u00f3n completa que necesitan los empleados que est\u00e1n expuestos a sustancias peligrosas como parte rutinaria de sus trabajos, las personas que los supervisan y administran, as\u00ed como los comandantes de incidentes de materiales peligrosos. Los programas incluye Comprensi\u00f3n de HAZWOPER, Comprensi\u00f3n de los peligros qu\u00edmicos, El plan de respuesta a emergencias, Plan de seguridad y salud del sitio, Etiquetado HAZMAT, Entrada a espacios confinados, Equipo de protecci\u00f3n personal, Programas de vigilancia m\u00e9dica, Procedimientos y equipos de monitoreo, Medidas de liberaci\u00f3n accidental y Procedimientos de limpieza de derrames, GHS SDS, Manejo de materiales peligrosos, Pr\u00e1cticas de trabajo y controles de ingenier\u00eda, Protecci\u00f3n respiratoria, Prevenci\u00f3n de incendios, Manejo de los medios en emergencias Situaciones, orientaci\u00f3n de seguridad, seguridad el\u00e9ctrica en entornos HAZMAT, estr\u00e9s t\u00e9rmico y procedimientos de descontaminaci\u00f3n. Cada programa viene con una gu\u00eda completa para l\u00edderes, un formulario de programaci\u00f3n y asistencia reproducible, un cuestionario para empleados, un registro de capacitaci\u00f3n y un certificado de capacitaci\u00f3n. Cada programa se puede utilizar como base para aproximadamente dos horas de capacitaci\u00f3n en el aula.<\/p>\n","protected":false},"featured_media":13696,"template":"","meta":{"_uag_custom_page_level_css":""},"product_brand":[],"product_cat":[68,32,52],"product_tag":[],"class_list":{"0":"post-11677","1":"product","2":"type-product","3":"status-publish","4":"has-post-thumbnail","6":"product_cat-dvd-2","7":"product_cat-usb","8":"product_cat-videos-en-demanda","10":"first","11":"instock","12":"sold-individually","13":"taxable","14":"shipping-taxable","15":"purchasable","16":"product-type-variable","17":"has-default-attributes"},"aioseo_notices":[],"uagb_featured_image_src":{"full":["https:\/\/engagingsafetysolutions.com\/esp\/wp-content\/uploads\/haz-suitup.jpg",1046,750,false],"thumbnail":["https:\/\/engagingsafetysolutions.com\/esp\/wp-content\/uploads\/haz-suitup-150x150.jpg",150,150,true],"medium":["https:\/\/engagingsafetysolutions.com\/esp\/wp-content\/uploads\/haz-suitup-300x215.jpg",300,215,true],"medium_large":["https:\/\/engagingsafetysolutions.com\/esp\/wp-content\/uploads\/haz-suitup-768x551.jpg",768,551,true],"large":["https:\/\/engagingsafetysolutions.com\/esp\/wp-content\/uploads\/haz-suitup-1024x734.jpg",1024,734,true],"1536x1536":["https:\/\/engagingsafetysolutions.com\/esp\/wp-content\/uploads\/haz-suitup.jpg",1046,750,false],"2048x2048":["https:\/\/engagingsafetysolutions.com\/esp\/wp-content\/uploads\/haz-suitup.jpg",1046,750,false],"woocommerce_thumbnail":["https:\/\/engagingsafetysolutions.com\/esp\/wp-content\/uploads\/haz-suitup-300x225.jpg",300,225,true],"woocommerce_single":["https:\/\/engagingsafetysolutions.com\/esp\/wp-content\/uploads\/haz-suitup-640x459.jpg",640,459,true],"woocommerce_gallery_thumbnail":["https:\/\/engagingsafetysolutions.com\/esp\/wp-content\/uploads\/haz-suitup-100x100.jpg",100,100,true],"dgwt-wcas-product-suggestion":["https:\/\/engagingsafetysolutions.com\/esp\/wp-content\/uploads\/haz-suitup-64x46.jpg",64,46,true]},"uagb_author_info":{"display_name":"evagomez","author_link":"https:\/\/engagingsafetysolutions.com\/esp\/author\/"},"uagb_comment_info":0,"uagb_excerpt":"l paquete completo de capacitaci\u00f3n de 40 horas de HAZWOPER ayuda a las instalaciones a cumplir con los requisitos de capacitaci\u00f3n de los empleados de la regulaci\u00f3n HAZWOPER de OSHA (29 CFR 1910.120) y ayuda a los empleados a evitar la exposici\u00f3n a materiales peligrosos. El paquete de 20 programas proporciona la informaci\u00f3n completa que&hellip;","_links":{"self":[{"href":"https:\/\/engagingsafetysolutions.com\/esp\/wp-json\/wp\/v2\/product\/11677","targetHints":{"allow":["GET"]}}],"collection":[{"href":"https:\/\/engagingsafetysolutions.com\/esp\/wp-json\/wp\/v2\/product"}],"about":[{"href":"https:\/\/engagingsafetysolutions.com\/esp\/wp-json\/wp\/v2\/types\/product"}],"version-history":[{"count":5,"href":"https:\/\/engagingsafetysolutions.com\/esp\/wp-json\/wp\/v2\/product\/11677\/revisions"}],"predecessor-version":[{"id":14341,"href":"https:\/\/engagingsafetysolutions.com\/esp\/wp-json\/wp\/v2\/product\/11677\/revisions\/14341"}],"wp:featuredmedia":[{"embeddable":true,"href":"https:\/\/engagingsafetysolutions.com\/esp\/wp-json\/wp\/v2\/media\/13696"}],"wp:attachment":[{"href":"https:\/\/engagingsafetysolutions.com\/esp\/wp-json\/wp\/v2\/media?parent=11677"}],"wp:term":[{"taxonomy":"product_brand","embeddable":true,"href":"https:\/\/engagingsafetysolutions.com\/esp\/wp-json\/wp\/v2\/product_brand?post=11677"},{"taxonomy":"product_cat","embeddable":true,"href":"https:\/\/engagingsafetysolutions.com\/esp\/wp-json\/wp\/v2\/product_cat?post=11677"},{"taxonomy":"product_tag","embeddable":true,"href":"https:\/\/engagingsafetysolutions.com\/esp\/wp-json\/wp\/v2\/product_tag?post=11677"}],"curies":[{"name":"wp","href":"https:\/\/api.w.org\/{rel}","templated":true}]}}