{"id":11676,"date":"2020-05-08T00:53:30","date_gmt":"2020-05-08T00:53:30","guid":{"rendered":"https:\/\/engagingsafetysolutions.com\/esp\/product\/seguridad-con-las-manos-las-munecas-y-los-dedos-en-ambientes-de-construccion\/"},"modified":"2025-08-18T16:46:00","modified_gmt":"2025-08-18T16:46:00","slug":"seguridad-con-las-manos-las-munecas-y-los-dedos-en-ambientes-de-construccion","status":"publish","type":"product","link":"https:\/\/engagingsafetysolutions.com\/esp\/product\/seguridad-con-las-manos-las-munecas-y-los-dedos-en-ambientes-de-construccion\/","title":{"rendered":"Seguridad con las Manos, las Mu\u00f1ecas y los Dedos en Ambientes de Construcci\u00f3n"},"content":{"rendered":"<p>El Programa de Seguridad de Manos, Mu\u00f1ecas y Dedos en Entornos de Construcci\u00f3n revisa los peligros de manos, mu\u00f1ecas y dedos que los empleados pueden encontrar en un lugar de trabajo, y les muestra el equipo y las pr\u00e1cticas de trabajo seguras que pueden usar para prevenir lesiones. Las manos de los trabajadores de la construcci\u00f3n son sus herramientas m\u00e1s valiosas. Todos los d\u00edas, sus manos, mu\u00f1ecas y dedos est\u00e1n expuestos a muchos peligros diferentes, incluidos cortes, contusiones, quemaduras y lesiones por aplastamiento. Las tensiones ergon\u00f3micas tambi\u00e9n pueden da\u00f1arlos gravemente con el tiempo. Pero esto no tiene por qu\u00e9 suceder. El programa incluye el dise\u00f1o y la estructura de la mano, las pr\u00e1cticas de trabajo seguras, la prevenci\u00f3n de lesiones ergon\u00f3micas, la elecci\u00f3n de herramientas y su uso seguro, la selecci\u00f3n de los mejores guantes para el trabajo y m\u00e1s.<\/p>\n","protected":false},"excerpt":{"rendered":"<p>El Programa de Seguridad de Manos, Mu\u00f1ecas y Dedos en Entornos de Construcci\u00f3n revisa los peligros de manos, mu\u00f1ecas y dedos que los empleados pueden encontrar en un lugar de trabajo, y les muestra el equipo y las pr\u00e1cticas de trabajo seguras que pueden usar para prevenir lesiones. <\/p>\n","protected":false},"featured_media":12456,"template":"","meta":{"_uag_custom_page_level_css":""},"product_brand":[],"product_cat":[68,51,32,52],"product_tag":[],"class_list":{"0":"post-11676","1":"product","2":"type-product","3":"status-publish","4":"has-post-thumbnail","6":"product_cat-dvd-2","7":"product_cat-elearning","8":"product_cat-usb","9":"product_cat-videos-en-demanda","11":"first","12":"instock","13":"sold-individually","14":"taxable","15":"shipping-taxable","16":"purchasable","17":"product-type-variable","18":"has-default-attributes"},"aioseo_notices":[],"uagb_featured_image_src":{"full":["https:\/\/engagingsafetysolutions.com\/esp\/wp-content\/uploads\/con_312_action_photo.jpg",1920,1080,false],"thumbnail":["https:\/\/engagingsafetysolutions.com\/esp\/wp-content\/uploads\/con_312_action_photo-150x150.jpg",150,150,true],"medium":["https:\/\/engagingsafetysolutions.com\/esp\/wp-content\/uploads\/con_312_action_photo-300x169.jpg",300,169,true],"medium_large":["https:\/\/engagingsafetysolutions.com\/esp\/wp-content\/uploads\/con_312_action_photo-768x432.jpg",768,432,true],"large":["https:\/\/engagingsafetysolutions.com\/esp\/wp-content\/uploads\/con_312_action_photo-1024x576.jpg",1024,576,true],"1536x1536":["https:\/\/engagingsafetysolutions.com\/esp\/wp-content\/uploads\/con_312_action_photo-1536x864.jpg",1536,864,true],"2048x2048":["https:\/\/engagingsafetysolutions.com\/esp\/wp-content\/uploads\/con_312_action_photo.jpg",1920,1080,false],"woocommerce_thumbnail":["https:\/\/engagingsafetysolutions.com\/esp\/wp-content\/uploads\/con_312_action_photo-300x225.jpg",300,225,true],"woocommerce_single":["https:\/\/engagingsafetysolutions.com\/esp\/wp-content\/uploads\/con_312_action_photo-640x360.jpg",640,360,true],"woocommerce_gallery_thumbnail":["https:\/\/engagingsafetysolutions.com\/esp\/wp-content\/uploads\/con_312_action_photo-100x100.jpg",100,100,true],"dgwt-wcas-product-suggestion":["https:\/\/engagingsafetysolutions.com\/esp\/wp-content\/uploads\/con_312_action_photo-64x36.jpg",64,36,true]},"uagb_author_info":{"display_name":"evagomez","author_link":"https:\/\/engagingsafetysolutions.com\/esp\/author\/"},"uagb_comment_info":0,"uagb_excerpt":"El Programa de Seguridad de Manos, Mu\u00f1ecas y Dedos en Entornos de Construcci\u00f3n revisa los peligros de manos, mu\u00f1ecas y dedos que los empleados pueden encontrar en un lugar de trabajo, y les muestra el equipo y las pr\u00e1cticas de trabajo seguras que pueden usar para prevenir lesiones.","_links":{"self":[{"href":"https:\/\/engagingsafetysolutions.com\/esp\/wp-json\/wp\/v2\/product\/11676","targetHints":{"allow":["GET"]}}],"collection":[{"href":"https:\/\/engagingsafetysolutions.com\/esp\/wp-json\/wp\/v2\/product"}],"about":[{"href":"https:\/\/engagingsafetysolutions.com\/esp\/wp-json\/wp\/v2\/types\/product"}],"version-history":[{"count":2,"href":"https:\/\/engagingsafetysolutions.com\/esp\/wp-json\/wp\/v2\/product\/11676\/revisions"}],"predecessor-version":[{"id":14673,"href":"https:\/\/engagingsafetysolutions.com\/esp\/wp-json\/wp\/v2\/product\/11676\/revisions\/14673"}],"wp:featuredmedia":[{"embeddable":true,"href":"https:\/\/engagingsafetysolutions.com\/esp\/wp-json\/wp\/v2\/media\/12456"}],"wp:attachment":[{"href":"https:\/\/engagingsafetysolutions.com\/esp\/wp-json\/wp\/v2\/media?parent=11676"}],"wp:term":[{"taxonomy":"product_brand","embeddable":true,"href":"https:\/\/engagingsafetysolutions.com\/esp\/wp-json\/wp\/v2\/product_brand?post=11676"},{"taxonomy":"product_cat","embeddable":true,"href":"https:\/\/engagingsafetysolutions.com\/esp\/wp-json\/wp\/v2\/product_cat?post=11676"},{"taxonomy":"product_tag","embeddable":true,"href":"https:\/\/engagingsafetysolutions.com\/esp\/wp-json\/wp\/v2\/product_tag?post=11676"}],"curies":[{"name":"wp","href":"https:\/\/api.w.org\/{rel}","templated":true}]}}