{"id":11675,"date":"2020-05-08T00:53:26","date_gmt":"2020-05-08T00:53:26","guid":{"rendered":"https:\/\/engagingsafetysolutions.com\/esp\/product\/seguridad-con-las-manos-las-munecas-y-los-dedos\/"},"modified":"2025-08-18T16:43:47","modified_gmt":"2025-08-18T16:43:47","slug":"seguridad-con-las-manos-las-munecas-y-los-dedos","status":"publish","type":"product","link":"https:\/\/engagingsafetysolutions.com\/esp\/product\/seguridad-con-las-manos-las-munecas-y-los-dedos\/","title":{"rendered":"Seguridad con las Manos, las Mu\u00f1ecas y los Dedos"},"content":{"rendered":"<p>El Programa de Seguridad de Manos, Mu\u00f1ecas y Dedos revisa los peligros de manos, mu\u00f1ecas y dedos que los empleados pueden encontrar en su lugar de trabajo, y les muestra el equipo y las pr\u00e1cticas de trabajo seguras que pueden usar para prevenir lesiones. Las manos de los empleados son sus herramientas m\u00e1s valiosas. Todos los d\u00edas, sus manos, mu\u00f1ecas y dedos est\u00e1n expuestos a muchos peligros diferentes, incluidos cortes, contusiones, quemaduras y lesiones por aplastamiento. Las tensiones ergon\u00f3micas tambi\u00e9n pueden da\u00f1arlos gravemente con el tiempo. Pero esto no tiene por qu\u00e9 suceder. El programa incluye el dise\u00f1o y la estructura de la mano, las pr\u00e1cticas de trabajo seguras, la prevenci\u00f3n de lesiones ergon\u00f3micas, la elecci\u00f3n de herramientas y su uso seguro, la selecci\u00f3n de los mejores guantes para el trabajo y m\u00e1s. El programa viene con una gu\u00eda completa para el l\u00edder, un formulario de programaci\u00f3n y asistencia reproducible, un cuestionario para empleados, un certificado de capacitaci\u00f3n y un registro de capacitaci\u00f3n.<\/p>\n","protected":false},"excerpt":{"rendered":"<p>El Programa de Seguridad de Manos, Mu\u00f1ecas y Dedos revisa los peligros de manos, mu\u00f1ecas y dedos que los empleados pueden encontrar en su lugar de trabajo, y les muestra el equipo y las pr\u00e1cticas de trabajo seguras que pueden usar para prevenir lesiones. <\/p>\n","protected":false},"featured_media":14206,"template":"","meta":{"_uag_custom_page_level_css":""},"product_brand":[],"product_cat":[68,51,32,52],"product_tag":[],"class_list":{"0":"post-11675","1":"product","2":"type-product","3":"status-publish","4":"has-post-thumbnail","6":"product_cat-dvd-2","7":"product_cat-elearning","8":"product_cat-usb","9":"product_cat-videos-en-demanda","11":"first","12":"instock","13":"sold-individually","14":"taxable","15":"shipping-taxable","16":"purchasable","17":"product-type-variable","18":"has-default-attributes"},"aioseo_notices":[],"uagb_featured_image_src":{"full":["https:\/\/engagingsafetysolutions.com\/esp\/wp-content\/uploads\/SMK_HWF_308_vid_EN-FINAL.mov.01_09_32_14.Still006.jpg",1920,1080,false],"thumbnail":["https:\/\/engagingsafetysolutions.com\/esp\/wp-content\/uploads\/SMK_HWF_308_vid_EN-FINAL.mov.01_09_32_14.Still006-150x150.jpg",150,150,true],"medium":["https:\/\/engagingsafetysolutions.com\/esp\/wp-content\/uploads\/SMK_HWF_308_vid_EN-FINAL.mov.01_09_32_14.Still006-300x169.jpg",300,169,true],"medium_large":["https:\/\/engagingsafetysolutions.com\/esp\/wp-content\/uploads\/SMK_HWF_308_vid_EN-FINAL.mov.01_09_32_14.Still006-768x432.jpg",768,432,true],"large":["https:\/\/engagingsafetysolutions.com\/esp\/wp-content\/uploads\/SMK_HWF_308_vid_EN-FINAL.mov.01_09_32_14.Still006-1024x576.jpg",1024,576,true],"1536x1536":["https:\/\/engagingsafetysolutions.com\/esp\/wp-content\/uploads\/SMK_HWF_308_vid_EN-FINAL.mov.01_09_32_14.Still006-1536x864.jpg",1536,864,true],"2048x2048":["https:\/\/engagingsafetysolutions.com\/esp\/wp-content\/uploads\/SMK_HWF_308_vid_EN-FINAL.mov.01_09_32_14.Still006.jpg",1920,1080,false],"woocommerce_thumbnail":["https:\/\/engagingsafetysolutions.com\/esp\/wp-content\/uploads\/SMK_HWF_308_vid_EN-FINAL.mov.01_09_32_14.Still006-300x225.jpg",300,225,true],"woocommerce_single":["https:\/\/engagingsafetysolutions.com\/esp\/wp-content\/uploads\/SMK_HWF_308_vid_EN-FINAL.mov.01_09_32_14.Still006-640x360.jpg",640,360,true],"woocommerce_gallery_thumbnail":["https:\/\/engagingsafetysolutions.com\/esp\/wp-content\/uploads\/SMK_HWF_308_vid_EN-FINAL.mov.01_09_32_14.Still006-100x100.jpg",100,100,true],"dgwt-wcas-product-suggestion":["https:\/\/engagingsafetysolutions.com\/esp\/wp-content\/uploads\/SMK_HWF_308_vid_EN-FINAL.mov.01_09_32_14.Still006-64x36.jpg",64,36,true]},"uagb_author_info":{"display_name":"evagomez","author_link":"https:\/\/engagingsafetysolutions.com\/esp\/author\/"},"uagb_comment_info":0,"uagb_excerpt":"El Programa de Seguridad de Manos, Mu\u00f1ecas y Dedos revisa los peligros de manos, mu\u00f1ecas y dedos que los empleados pueden encontrar en su lugar de trabajo, y les muestra el equipo y las pr\u00e1cticas de trabajo seguras que pueden usar para prevenir lesiones.","_links":{"self":[{"href":"https:\/\/engagingsafetysolutions.com\/esp\/wp-json\/wp\/v2\/product\/11675","targetHints":{"allow":["GET"]}}],"collection":[{"href":"https:\/\/engagingsafetysolutions.com\/esp\/wp-json\/wp\/v2\/product"}],"about":[{"href":"https:\/\/engagingsafetysolutions.com\/esp\/wp-json\/wp\/v2\/types\/product"}],"version-history":[{"count":3,"href":"https:\/\/engagingsafetysolutions.com\/esp\/wp-json\/wp\/v2\/product\/11675\/revisions"}],"predecessor-version":[{"id":14672,"href":"https:\/\/engagingsafetysolutions.com\/esp\/wp-json\/wp\/v2\/product\/11675\/revisions\/14672"}],"wp:featuredmedia":[{"embeddable":true,"href":"https:\/\/engagingsafetysolutions.com\/esp\/wp-json\/wp\/v2\/media\/14206"}],"wp:attachment":[{"href":"https:\/\/engagingsafetysolutions.com\/esp\/wp-json\/wp\/v2\/media?parent=11675"}],"wp:term":[{"taxonomy":"product_brand","embeddable":true,"href":"https:\/\/engagingsafetysolutions.com\/esp\/wp-json\/wp\/v2\/product_brand?post=11675"},{"taxonomy":"product_cat","embeddable":true,"href":"https:\/\/engagingsafetysolutions.com\/esp\/wp-json\/wp\/v2\/product_cat?post=11675"},{"taxonomy":"product_tag","embeddable":true,"href":"https:\/\/engagingsafetysolutions.com\/esp\/wp-json\/wp\/v2\/product_tag?post=11675"}],"curies":[{"name":"wp","href":"https:\/\/api.w.org\/{rel}","templated":true}]}}