{"id":11673,"date":"2020-05-08T00:53:22","date_gmt":"2020-05-08T00:53:22","guid":{"rendered":"https:\/\/engagingsafetysolutions.com\/esp\/product\/seguridad-con-las-herramientas-manuales-y-automaticas\/"},"modified":"2025-08-18T16:43:43","modified_gmt":"2025-08-18T16:43:43","slug":"seguridad-con-las-herramientas-manuales-y-automaticas","status":"publish","type":"product","link":"https:\/\/engagingsafetysolutions.com\/esp\/product\/seguridad-con-las-herramientas-manuales-y-automaticas\/","title":{"rendered":"Seguridad con las Herramientas Manuales y Autom\u00e1ticas"},"content":{"rendered":"<p>El Programa de Seguridad de Manos y Herramientas El\u00e9ctricas analiza los peligros de las herramientas manuales y el\u00e9ctricas, y muestra a los empleados el equipo y las pr\u00e1cticas seguras que pueden usar para prevenir lesiones. Las herramientas manuales y el\u00e9ctricas permiten a los empleados realizar tareas que nunca podr\u00edan hacer sin ellas. Pero las herramientas tambi\u00e9n pueden ser peligrosas. Las lesiones relacionadas con herramientas manuales y el\u00e9ctricas env\u00edan a casi medio mill\u00f3n de personas a la sala de emergencias cada a\u00f1o y tambi\u00e9n causan un n\u00famero significativo de muertes. El programa incluye peligros de herramientas manuales y el\u00e9ctricas, inspecci\u00f3n y mantenimiento de herramientas, equipo de protecci\u00f3n personal (EPP), uso seguro de herramientas el\u00e9ctricas, prevenci\u00f3n de contragolpes, reducci\u00f3n de riesgos en un \u00e1rea de trabajo y m\u00e1s.<\/p>\n","protected":false},"excerpt":{"rendered":"<p>El Programa de Seguridad de Manos y Herramientas El\u00e9ctricas analiza los peligros de las herramientas manuales y el\u00e9ctricas, y muestra a los empleados el equipo y las pr\u00e1cticas seguras que pueden usar para prevenir lesiones. <\/p>\n","protected":false},"featured_media":12503,"template":"","meta":{"_uag_custom_page_level_css":""},"product_brand":[],"product_cat":[68,51,32,52],"product_tag":[],"class_list":{"0":"post-11673","1":"product","2":"type-product","3":"status-publish","4":"has-post-thumbnail","6":"product_cat-dvd-2","7":"product_cat-elearning","8":"product_cat-usb","9":"product_cat-videos-en-demanda","11":"first","12":"instock","13":"sold-individually","14":"taxable","15":"shipping-taxable","16":"purchasable","17":"product-type-variable","18":"has-default-attributes"},"aioseo_notices":[],"uagb_featured_image_src":{"full":["https:\/\/engagingsafetysolutions.com\/esp\/wp-content\/uploads\/smk_307_action_photo.jpg",1920,1080,false],"thumbnail":["https:\/\/engagingsafetysolutions.com\/esp\/wp-content\/uploads\/smk_307_action_photo-150x150.jpg",150,150,true],"medium":["https:\/\/engagingsafetysolutions.com\/esp\/wp-content\/uploads\/smk_307_action_photo-300x169.jpg",300,169,true],"medium_large":["https:\/\/engagingsafetysolutions.com\/esp\/wp-content\/uploads\/smk_307_action_photo-768x432.jpg",768,432,true],"large":["https:\/\/engagingsafetysolutions.com\/esp\/wp-content\/uploads\/smk_307_action_photo-1024x576.jpg",1024,576,true],"1536x1536":["https:\/\/engagingsafetysolutions.com\/esp\/wp-content\/uploads\/smk_307_action_photo-1536x864.jpg",1536,864,true],"2048x2048":["https:\/\/engagingsafetysolutions.com\/esp\/wp-content\/uploads\/smk_307_action_photo.jpg",1920,1080,false],"woocommerce_thumbnail":["https:\/\/engagingsafetysolutions.com\/esp\/wp-content\/uploads\/smk_307_action_photo-300x225.jpg",300,225,true],"woocommerce_single":["https:\/\/engagingsafetysolutions.com\/esp\/wp-content\/uploads\/smk_307_action_photo-640x360.jpg",640,360,true],"woocommerce_gallery_thumbnail":["https:\/\/engagingsafetysolutions.com\/esp\/wp-content\/uploads\/smk_307_action_photo-100x100.jpg",100,100,true],"dgwt-wcas-product-suggestion":["https:\/\/engagingsafetysolutions.com\/esp\/wp-content\/uploads\/smk_307_action_photo-64x36.jpg",64,36,true]},"uagb_author_info":{"display_name":"evagomez","author_link":"https:\/\/engagingsafetysolutions.com\/esp\/author\/"},"uagb_comment_info":0,"uagb_excerpt":"El Programa de Seguridad de Manos y Herramientas El\u00e9ctricas analiza los peligros de las herramientas manuales y el\u00e9ctricas, y muestra a los empleados el equipo y las pr\u00e1cticas seguras que pueden usar para prevenir lesiones.","_links":{"self":[{"href":"https:\/\/engagingsafetysolutions.com\/esp\/wp-json\/wp\/v2\/product\/11673","targetHints":{"allow":["GET"]}}],"collection":[{"href":"https:\/\/engagingsafetysolutions.com\/esp\/wp-json\/wp\/v2\/product"}],"about":[{"href":"https:\/\/engagingsafetysolutions.com\/esp\/wp-json\/wp\/v2\/types\/product"}],"version-history":[{"count":3,"href":"https:\/\/engagingsafetysolutions.com\/esp\/wp-json\/wp\/v2\/product\/11673\/revisions"}],"predecessor-version":[{"id":14670,"href":"https:\/\/engagingsafetysolutions.com\/esp\/wp-json\/wp\/v2\/product\/11673\/revisions\/14670"}],"wp:featuredmedia":[{"embeddable":true,"href":"https:\/\/engagingsafetysolutions.com\/esp\/wp-json\/wp\/v2\/media\/12503"}],"wp:attachment":[{"href":"https:\/\/engagingsafetysolutions.com\/esp\/wp-json\/wp\/v2\/media?parent=11673"}],"wp:term":[{"taxonomy":"product_brand","embeddable":true,"href":"https:\/\/engagingsafetysolutions.com\/esp\/wp-json\/wp\/v2\/product_brand?post=11673"},{"taxonomy":"product_cat","embeddable":true,"href":"https:\/\/engagingsafetysolutions.com\/esp\/wp-json\/wp\/v2\/product_cat?post=11673"},{"taxonomy":"product_tag","embeddable":true,"href":"https:\/\/engagingsafetysolutions.com\/esp\/wp-json\/wp\/v2\/product_tag?post=11673"}],"curies":[{"name":"wp","href":"https:\/\/api.w.org\/{rel}","templated":true}]}}