{"id":11671,"date":"2020-05-08T00:53:19","date_gmt":"2020-05-08T00:53:19","guid":{"rendered":"https:\/\/engagingsafetysolutions.com\/esp\/product\/seguridad-con-escaleras\/"},"modified":"2025-08-18T16:45:42","modified_gmt":"2025-08-18T16:45:42","slug":"seguridad-con-escaleras","status":"publish","type":"product","link":"https:\/\/engagingsafetysolutions.com\/esp\/product\/seguridad-con-escaleras\/","title":{"rendered":"Seguridad con las Escaleras Port\u00e1tiles"},"content":{"rendered":"<p>El programa de seguridad de escaleras analiza los diferentes tipos de escaleras, los peligros que se pueden asociar con ellas y c\u00f3mo los empleados pueden trabajar con ellas de manera segura. La mayor parte del tiempo, trabajar desde el suelo significa subir una escalera. Las escaleras permiten a los empleados trabajar c\u00f3modamente en lugares que normalmente est\u00e1n fuera de su alcance y les ayudan a ser m\u00e1s productivos. Pero si no se usan de manera segura, las escaleras tambi\u00e9n pueden provocar accidentes y lesiones graves. El programa incluye la selecci\u00f3n de la escalera adecuada, la inspecci\u00f3n de las escaleras antes de usarlas, la instalaci\u00f3n y el movimiento de escaleras, la subida y el trabajo seguro en las escaleras, los accidentes de escaleras y mucho m\u00e1s.<\/p>\n","protected":false},"excerpt":{"rendered":"<p>El programa de seguridad de escaleras analiza los diferentes tipos de escaleras, los peligros que pueden asociarse con ellas y c\u00f3mo los empleados pueden trabajar con ellas de manera segura. <\/p>\n","protected":false},"featured_media":13877,"template":"","meta":{"_uag_custom_page_level_css":""},"product_brand":[],"product_cat":[68,51,32,52],"product_tag":[],"class_list":{"0":"post-11671","1":"product","2":"type-product","3":"status-publish","4":"has-post-thumbnail","6":"product_cat-dvd-2","7":"product_cat-elearning","8":"product_cat-usb","9":"product_cat-videos-en-demanda","11":"first","12":"instock","13":"sold-individually","14":"taxable","15":"shipping-taxable","16":"purchasable","17":"product-type-variable","18":"has-default-attributes"},"aioseo_notices":[],"uagb_featured_image_src":{"full":["https:\/\/engagingsafetysolutions.com\/esp\/wp-content\/uploads\/ladder-safe.jpg",742,1039,false],"thumbnail":["https:\/\/engagingsafetysolutions.com\/esp\/wp-content\/uploads\/ladder-safe-150x150.jpg",150,150,true],"medium":["https:\/\/engagingsafetysolutions.com\/esp\/wp-content\/uploads\/ladder-safe-214x300.jpg",214,300,true],"medium_large":["https:\/\/engagingsafetysolutions.com\/esp\/wp-content\/uploads\/ladder-safe.jpg",742,1039,false],"large":["https:\/\/engagingsafetysolutions.com\/esp\/wp-content\/uploads\/ladder-safe-731x1024.jpg",731,1024,true],"1536x1536":["https:\/\/engagingsafetysolutions.com\/esp\/wp-content\/uploads\/ladder-safe.jpg",742,1039,false],"2048x2048":["https:\/\/engagingsafetysolutions.com\/esp\/wp-content\/uploads\/ladder-safe.jpg",742,1039,false],"woocommerce_thumbnail":["https:\/\/engagingsafetysolutions.com\/esp\/wp-content\/uploads\/ladder-safe-300x225.jpg",300,225,true],"woocommerce_single":["https:\/\/engagingsafetysolutions.com\/esp\/wp-content\/uploads\/ladder-safe-640x896.jpg",640,896,true],"woocommerce_gallery_thumbnail":["https:\/\/engagingsafetysolutions.com\/esp\/wp-content\/uploads\/ladder-safe-100x100.jpg",100,100,true],"dgwt-wcas-product-suggestion":["https:\/\/engagingsafetysolutions.com\/esp\/wp-content\/uploads\/ladder-safe-64x90.jpg",64,90,true]},"uagb_author_info":{"display_name":"evagomez","author_link":"https:\/\/engagingsafetysolutions.com\/esp\/author\/"},"uagb_comment_info":0,"uagb_excerpt":"El programa de seguridad de escaleras analiza los diferentes tipos de escaleras, los peligros que pueden asociarse con ellas y c\u00f3mo los empleados pueden trabajar con ellas de manera segura.","_links":{"self":[{"href":"https:\/\/engagingsafetysolutions.com\/esp\/wp-json\/wp\/v2\/product\/11671","targetHints":{"allow":["GET"]}}],"collection":[{"href":"https:\/\/engagingsafetysolutions.com\/esp\/wp-json\/wp\/v2\/product"}],"about":[{"href":"https:\/\/engagingsafetysolutions.com\/esp\/wp-json\/wp\/v2\/types\/product"}],"version-history":[{"count":3,"href":"https:\/\/engagingsafetysolutions.com\/esp\/wp-json\/wp\/v2\/product\/11671\/revisions"}],"predecessor-version":[{"id":14669,"href":"https:\/\/engagingsafetysolutions.com\/esp\/wp-json\/wp\/v2\/product\/11671\/revisions\/14669"}],"wp:featuredmedia":[{"embeddable":true,"href":"https:\/\/engagingsafetysolutions.com\/esp\/wp-json\/wp\/v2\/media\/13877"}],"wp:attachment":[{"href":"https:\/\/engagingsafetysolutions.com\/esp\/wp-json\/wp\/v2\/media?parent=11671"}],"wp:term":[{"taxonomy":"product_brand","embeddable":true,"href":"https:\/\/engagingsafetysolutions.com\/esp\/wp-json\/wp\/v2\/product_brand?post=11671"},{"taxonomy":"product_cat","embeddable":true,"href":"https:\/\/engagingsafetysolutions.com\/esp\/wp-json\/wp\/v2\/product_cat?post=11671"},{"taxonomy":"product_tag","embeddable":true,"href":"https:\/\/engagingsafetysolutions.com\/esp\/wp-json\/wp\/v2\/product_tag?post=11671"}],"curies":[{"name":"wp","href":"https:\/\/api.w.org\/{rel}","templated":true}]}}