{"id":11668,"date":"2020-05-08T00:53:14","date_gmt":"2020-05-08T00:53:14","guid":{"rendered":"https:\/\/engagingsafetysolutions.com\/esp\/product\/seguridad-al-soldar\/"},"modified":"2025-08-18T16:44:43","modified_gmt":"2025-08-18T16:44:43","slug":"seguridad-al-soldar","status":"publish","type":"product","link":"https:\/\/engagingsafetysolutions.com\/esp\/product\/seguridad-al-soldar\/","title":{"rendered":"Seguridad al Soldar"},"content":{"rendered":"<p>El programa de seguridad de soldadura analiza los peligros asociados con las tareas de soldadura y corte, y explica el equipo y las pr\u00e1cticas seguras que los empleados pueden usar para evitarlos. M\u00e1s de medio mill\u00f3n de trabajadores estadounidenses en diversas industrias realizan trabajos de soldadura, corte, soldadura fuerte y soldadura blanda como parte de sus trabajos todos los d\u00edas. Dentro de un a\u00f1o, estas tareas matar\u00e1n a m\u00e1s de cincuenta de ellos. Miles m\u00e1s resultar\u00e1n heridos. Algunos de sus lugares de trabajo tambi\u00e9n habr\u00e1n sido da\u00f1ados por incendios y explosiones. El programa incluye informaci\u00f3n sobre los peligros potenciales de la soldadura, las \u00e1reas designadas, los permisos de trabajo y los espacios confinados, la prevenci\u00f3n de incendios durante la soldadura, la protecci\u00f3n contra humos t\u00f3xicos, gafas, cascos y protectores de manos, guantes, ropa y otros equipos de protecci\u00f3n, y m\u00e1s.<\/p>\n","protected":false},"excerpt":{"rendered":"<p>El programa de seguridad de soldadura analiza los peligros asociados con las tareas de soldadura y corte, y explica el equipo y las pr\u00e1cticas seguras que los empleados pueden usar para evitarlos. <\/p>\n","protected":false},"featured_media":12491,"template":"","meta":{"_uag_custom_page_level_css":""},"product_brand":[],"product_cat":[68,51,32,52],"product_tag":[],"class_list":{"0":"post-11668","1":"product","2":"type-product","3":"status-publish","4":"has-post-thumbnail","6":"product_cat-dvd-2","7":"product_cat-elearning","8":"product_cat-usb","9":"product_cat-videos-en-demanda","11":"first","12":"instock","13":"sold-individually","14":"taxable","15":"shipping-taxable","16":"purchasable","17":"product-type-variable","18":"has-default-attributes"},"aioseo_notices":[],"uagb_featured_image_src":{"full":["https:\/\/engagingsafetysolutions.com\/esp\/wp-content\/uploads\/smk_286_action_photo.jpg",1920,1080,false],"thumbnail":["https:\/\/engagingsafetysolutions.com\/esp\/wp-content\/uploads\/smk_286_action_photo-150x150.jpg",150,150,true],"medium":["https:\/\/engagingsafetysolutions.com\/esp\/wp-content\/uploads\/smk_286_action_photo-300x169.jpg",300,169,true],"medium_large":["https:\/\/engagingsafetysolutions.com\/esp\/wp-content\/uploads\/smk_286_action_photo-768x432.jpg",768,432,true],"large":["https:\/\/engagingsafetysolutions.com\/esp\/wp-content\/uploads\/smk_286_action_photo-1024x576.jpg",1024,576,true],"1536x1536":["https:\/\/engagingsafetysolutions.com\/esp\/wp-content\/uploads\/smk_286_action_photo-1536x864.jpg",1536,864,true],"2048x2048":["https:\/\/engagingsafetysolutions.com\/esp\/wp-content\/uploads\/smk_286_action_photo.jpg",1920,1080,false],"woocommerce_thumbnail":["https:\/\/engagingsafetysolutions.com\/esp\/wp-content\/uploads\/smk_286_action_photo-300x225.jpg",300,225,true],"woocommerce_single":["https:\/\/engagingsafetysolutions.com\/esp\/wp-content\/uploads\/smk_286_action_photo-640x360.jpg",640,360,true],"woocommerce_gallery_thumbnail":["https:\/\/engagingsafetysolutions.com\/esp\/wp-content\/uploads\/smk_286_action_photo-100x100.jpg",100,100,true],"dgwt-wcas-product-suggestion":["https:\/\/engagingsafetysolutions.com\/esp\/wp-content\/uploads\/smk_286_action_photo-64x36.jpg",64,36,true]},"uagb_author_info":{"display_name":"evagomez","author_link":"https:\/\/engagingsafetysolutions.com\/esp\/author\/"},"uagb_comment_info":0,"uagb_excerpt":"El programa de seguridad de soldadura analiza los peligros asociados con las tareas de soldadura y corte, y explica el equipo y las pr\u00e1cticas seguras que los empleados pueden usar para evitarlos.","_links":{"self":[{"href":"https:\/\/engagingsafetysolutions.com\/esp\/wp-json\/wp\/v2\/product\/11668","targetHints":{"allow":["GET"]}}],"collection":[{"href":"https:\/\/engagingsafetysolutions.com\/esp\/wp-json\/wp\/v2\/product"}],"about":[{"href":"https:\/\/engagingsafetysolutions.com\/esp\/wp-json\/wp\/v2\/types\/product"}],"version-history":[{"count":3,"href":"https:\/\/engagingsafetysolutions.com\/esp\/wp-json\/wp\/v2\/product\/11668\/revisions"}],"predecessor-version":[{"id":14668,"href":"https:\/\/engagingsafetysolutions.com\/esp\/wp-json\/wp\/v2\/product\/11668\/revisions\/14668"}],"wp:featuredmedia":[{"embeddable":true,"href":"https:\/\/engagingsafetysolutions.com\/esp\/wp-json\/wp\/v2\/media\/12491"}],"wp:attachment":[{"href":"https:\/\/engagingsafetysolutions.com\/esp\/wp-json\/wp\/v2\/media?parent=11668"}],"wp:term":[{"taxonomy":"product_brand","embeddable":true,"href":"https:\/\/engagingsafetysolutions.com\/esp\/wp-json\/wp\/v2\/product_brand?post=11668"},{"taxonomy":"product_cat","embeddable":true,"href":"https:\/\/engagingsafetysolutions.com\/esp\/wp-json\/wp\/v2\/product_cat?post=11668"},{"taxonomy":"product_tag","embeddable":true,"href":"https:\/\/engagingsafetysolutions.com\/esp\/wp-json\/wp\/v2\/product_tag?post=11668"}],"curies":[{"name":"wp","href":"https:\/\/api.w.org\/{rel}","templated":true}]}}