{"id":11666,"date":"2020-05-08T00:53:04","date_gmt":"2020-05-08T00:53:04","guid":{"rendered":"https:\/\/engagingsafetysolutions.com\/esp\/product\/seguridad-al-conducir-los-fundamentos\/"},"modified":"2025-08-18T16:45:06","modified_gmt":"2025-08-18T16:45:06","slug":"seguridad-al-conducir-los-fundamentos","status":"publish","type":"product","link":"https:\/\/engagingsafetysolutions.com\/esp\/product\/seguridad-al-conducir-los-fundamentos\/","title":{"rendered":"Seguridad al Conducir&#8230; Los Fundamentos"},"content":{"rendered":"<p>La seguridad en la conducci\u00f3n  El programa Basics proporciona la informaci\u00f3n que los empleados necesitan para conducir autom\u00f3viles, camionetas y camiones peque\u00f1os de manera segura, tanto dentro como fuera del trabajo. Conducimos tanto que es f\u00e1cil olvidar lo peligroso que puede ser. Cada a\u00f1o, los accidentes de tr\u00e1fico se cobran m\u00e1s de dos millones de vidas en todo el mundo y causan decenas de millones de lesiones graves. Afortunadamente, la mayor\u00eda de los accidentes se pueden prevenir cuando los conductores piensan en el futuro y son proactivos, haciendo cosas para evitar situaciones peligrosas en la carretera. Y la buena noticia es que las personas pueden comenzar a ser conductores seguros incluso antes de que la llave entre en el encendido. Con las habilidades adecuadas, un veh\u00edculo bien mantenido y la actitud correcta hacia la conducci\u00f3n, los empleados pueden hacer de las carreteras un lugar m\u00e1s seguro para todos. El programa incluye informaci\u00f3n sobre c\u00f3mo prepararse para conducir de manera segura, los fundamentos de la conducci\u00f3n segura, conducir de manera segura al compartir la carretera con diferentes tipos de veh\u00edculos, mantenerse seguro al conducir de noche y en condiciones clim\u00e1ticas adversas, ira al volante y conducci\u00f3n distra\u00edda, qu\u00e9 hacer si hay una emergencia y m\u00e1s.<\/p>\n","protected":false},"excerpt":{"rendered":"<p>Seguridad al conducir&#8230; El programa B\u00e1sico proporciona la informaci\u00f3n que los empleados necesitan para conducir autom\u00f3viles, camionetas y camiones peque\u00f1os de manera segura, tanto dentro como fuera del trabajo. <\/p>\n","protected":false},"featured_media":12466,"template":"","meta":{"_uag_custom_page_level_css":""},"product_brand":[],"product_cat":[68,51,32,52],"product_tag":[],"class_list":{"0":"post-11666","1":"product","2":"type-product","3":"status-publish","4":"has-post-thumbnail","6":"product_cat-dvd-2","7":"product_cat-elearning","8":"product_cat-usb","9":"product_cat-videos-en-demanda","11":"first","12":"instock","13":"sold-individually","14":"taxable","15":"shipping-taxable","16":"purchasable","17":"product-type-variable","18":"has-default-attributes"},"aioseo_notices":[],"uagb_featured_image_src":{"full":["https:\/\/engagingsafetysolutions.com\/esp\/wp-content\/uploads\/smk_230_action_photo.jpg",1920,1080,false],"thumbnail":["https:\/\/engagingsafetysolutions.com\/esp\/wp-content\/uploads\/smk_230_action_photo-150x150.jpg",150,150,true],"medium":["https:\/\/engagingsafetysolutions.com\/esp\/wp-content\/uploads\/smk_230_action_photo-300x169.jpg",300,169,true],"medium_large":["https:\/\/engagingsafetysolutions.com\/esp\/wp-content\/uploads\/smk_230_action_photo-768x432.jpg",768,432,true],"large":["https:\/\/engagingsafetysolutions.com\/esp\/wp-content\/uploads\/smk_230_action_photo-1024x576.jpg",1024,576,true],"1536x1536":["https:\/\/engagingsafetysolutions.com\/esp\/wp-content\/uploads\/smk_230_action_photo-1536x864.jpg",1536,864,true],"2048x2048":["https:\/\/engagingsafetysolutions.com\/esp\/wp-content\/uploads\/smk_230_action_photo.jpg",1920,1080,false],"woocommerce_thumbnail":["https:\/\/engagingsafetysolutions.com\/esp\/wp-content\/uploads\/smk_230_action_photo-300x225.jpg",300,225,true],"woocommerce_single":["https:\/\/engagingsafetysolutions.com\/esp\/wp-content\/uploads\/smk_230_action_photo-640x360.jpg",640,360,true],"woocommerce_gallery_thumbnail":["https:\/\/engagingsafetysolutions.com\/esp\/wp-content\/uploads\/smk_230_action_photo-100x100.jpg",100,100,true],"dgwt-wcas-product-suggestion":["https:\/\/engagingsafetysolutions.com\/esp\/wp-content\/uploads\/smk_230_action_photo-64x36.jpg",64,36,true]},"uagb_author_info":{"display_name":"evagomez","author_link":"https:\/\/engagingsafetysolutions.com\/esp\/author\/"},"uagb_comment_info":0,"uagb_excerpt":"Seguridad al conducir... El programa B\u00e1sico proporciona la informaci\u00f3n que los empleados necesitan para conducir autom\u00f3viles, camionetas y camiones peque\u00f1os de manera segura, tanto dentro como fuera del trabajo.","_links":{"self":[{"href":"https:\/\/engagingsafetysolutions.com\/esp\/wp-json\/wp\/v2\/product\/11666","targetHints":{"allow":["GET"]}}],"collection":[{"href":"https:\/\/engagingsafetysolutions.com\/esp\/wp-json\/wp\/v2\/product"}],"about":[{"href":"https:\/\/engagingsafetysolutions.com\/esp\/wp-json\/wp\/v2\/types\/product"}],"version-history":[{"count":5,"href":"https:\/\/engagingsafetysolutions.com\/esp\/wp-json\/wp\/v2\/product\/11666\/revisions"}],"predecessor-version":[{"id":14666,"href":"https:\/\/engagingsafetysolutions.com\/esp\/wp-json\/wp\/v2\/product\/11666\/revisions\/14666"}],"wp:featuredmedia":[{"embeddable":true,"href":"https:\/\/engagingsafetysolutions.com\/esp\/wp-json\/wp\/v2\/media\/12466"}],"wp:attachment":[{"href":"https:\/\/engagingsafetysolutions.com\/esp\/wp-json\/wp\/v2\/media?parent=11666"}],"wp:term":[{"taxonomy":"product_brand","embeddable":true,"href":"https:\/\/engagingsafetysolutions.com\/esp\/wp-json\/wp\/v2\/product_brand?post=11666"},{"taxonomy":"product_cat","embeddable":true,"href":"https:\/\/engagingsafetysolutions.com\/esp\/wp-json\/wp\/v2\/product_cat?post=11666"},{"taxonomy":"product_tag","embeddable":true,"href":"https:\/\/engagingsafetysolutions.com\/esp\/wp-json\/wp\/v2\/product_tag?post=11666"}],"curies":[{"name":"wp","href":"https:\/\/api.w.org\/{rel}","templated":true}]}}