{"id":11663,"date":"2020-05-08T00:53:02","date_gmt":"2020-05-08T00:53:02","guid":{"rendered":"https:\/\/engagingsafetysolutions.com\/esp\/product\/relampago-de-arco\/"},"modified":"2025-08-18T16:45:54","modified_gmt":"2025-08-18T16:45:54","slug":"relampago-de-arco","status":"publish","type":"product","link":"https:\/\/engagingsafetysolutions.com\/esp\/product\/relampago-de-arco\/","title":{"rendered":"Rel\u00e1mpago de Arco"},"content":{"rendered":"<p>El programa Rel\u00e1mpago de Arco se enfoca en qu\u00e9 es el arco el\u00e9ctrico, sus peligros y c\u00f3mo los empleados pueden evitarlo en el trabajo. Utilizando una poderosa combinaci\u00f3n de audio, video de movimiento completo, texto y gr\u00e1ficos coloridos, este curso proporciona la capacitaci\u00f3n en seguridad y cumplimiento normativo m\u00e1s rentable disponible en la actualidad. El curso est\u00e1 dividido en una serie de secciones l\u00f3gicas para que la informaci\u00f3n se entienda f\u00e1cilmente&#8230; y retenido. La electricidad es tan com\u00fan en nuestros hogares y lugares de trabajo que normalmente no nos lo pensamos dos veces antes de usarla. Pero la electricidad mata y lesiona a miles de personas cada a\u00f1o, por lo que es importante comprender sus peligros y saber c\u00f3mo evitarlos. La electricidad presenta dos peligros principales para las personas que trabajan con ella. El m\u00e1s intenso es el arco el\u00e9ctrico, una liberaci\u00f3n violenta de energ\u00eda el\u00e9ctrica que causa lesiones graves y muertes. El segundo es el shock, que puede causar quemaduras, lesiones internas, paro card\u00edaco&#8230; incluso ser fatal. Las \u00e1reas cubiertas en el curso incluyen descargas el\u00e9ctricas y c\u00f3mo evitarlas, qu\u00e9 es el arco el\u00e9ctrico, equipo de protecci\u00f3n personal, creaci\u00f3n de una condici\u00f3n el\u00e9ctricamente segura, evitar situaciones de arco el\u00e9ctrico y m\u00e1s.<\/p>\n","protected":false},"excerpt":{"rendered":"<p>El programa Rel\u00e1mpago de Arco se enfoca en qu\u00e9 es el arco el\u00e9ctrico, sus peligros y c\u00f3mo los empleados pueden evitarlo en el trabajo. <\/p>\n","protected":false},"featured_media":12479,"template":"","meta":{"_uag_custom_page_level_css":""},"product_brand":[],"product_cat":[68,51,32,52],"product_tag":[],"class_list":{"0":"post-11663","1":"product","2":"type-product","3":"status-publish","4":"has-post-thumbnail","6":"product_cat-dvd-2","7":"product_cat-elearning","8":"product_cat-usb","9":"product_cat-videos-en-demanda","11":"first","12":"instock","13":"sold-individually","14":"taxable","15":"shipping-taxable","16":"purchasable","17":"product-type-variable","18":"has-default-attributes"},"aioseo_notices":[],"uagb_featured_image_src":{"full":["https:\/\/engagingsafetysolutions.com\/esp\/wp-content\/uploads\/smk_253_action_photo.jpg",1920,1080,false],"thumbnail":["https:\/\/engagingsafetysolutions.com\/esp\/wp-content\/uploads\/smk_253_action_photo-150x150.jpg",150,150,true],"medium":["https:\/\/engagingsafetysolutions.com\/esp\/wp-content\/uploads\/smk_253_action_photo-300x169.jpg",300,169,true],"medium_large":["https:\/\/engagingsafetysolutions.com\/esp\/wp-content\/uploads\/smk_253_action_photo-768x432.jpg",768,432,true],"large":["https:\/\/engagingsafetysolutions.com\/esp\/wp-content\/uploads\/smk_253_action_photo-1024x576.jpg",1024,576,true],"1536x1536":["https:\/\/engagingsafetysolutions.com\/esp\/wp-content\/uploads\/smk_253_action_photo-1536x864.jpg",1536,864,true],"2048x2048":["https:\/\/engagingsafetysolutions.com\/esp\/wp-content\/uploads\/smk_253_action_photo.jpg",1920,1080,false],"woocommerce_thumbnail":["https:\/\/engagingsafetysolutions.com\/esp\/wp-content\/uploads\/smk_253_action_photo-300x225.jpg",300,225,true],"woocommerce_single":["https:\/\/engagingsafetysolutions.com\/esp\/wp-content\/uploads\/smk_253_action_photo-640x360.jpg",640,360,true],"woocommerce_gallery_thumbnail":["https:\/\/engagingsafetysolutions.com\/esp\/wp-content\/uploads\/smk_253_action_photo-100x100.jpg",100,100,true],"dgwt-wcas-product-suggestion":["https:\/\/engagingsafetysolutions.com\/esp\/wp-content\/uploads\/smk_253_action_photo-64x36.jpg",64,36,true]},"uagb_author_info":{"display_name":"evagomez","author_link":"https:\/\/engagingsafetysolutions.com\/esp\/author\/"},"uagb_comment_info":0,"uagb_excerpt":"El programa Rel\u00e1mpago de Arco se enfoca en qu\u00e9 es el arco el\u00e9ctrico, sus peligros y c\u00f3mo los empleados pueden evitarlo en el trabajo.","_links":{"self":[{"href":"https:\/\/engagingsafetysolutions.com\/esp\/wp-json\/wp\/v2\/product\/11663","targetHints":{"allow":["GET"]}}],"collection":[{"href":"https:\/\/engagingsafetysolutions.com\/esp\/wp-json\/wp\/v2\/product"}],"about":[{"href":"https:\/\/engagingsafetysolutions.com\/esp\/wp-json\/wp\/v2\/types\/product"}],"version-history":[{"count":4,"href":"https:\/\/engagingsafetysolutions.com\/esp\/wp-json\/wp\/v2\/product\/11663\/revisions"}],"predecessor-version":[{"id":14855,"href":"https:\/\/engagingsafetysolutions.com\/esp\/wp-json\/wp\/v2\/product\/11663\/revisions\/14855"}],"wp:featuredmedia":[{"embeddable":true,"href":"https:\/\/engagingsafetysolutions.com\/esp\/wp-json\/wp\/v2\/media\/12479"}],"wp:attachment":[{"href":"https:\/\/engagingsafetysolutions.com\/esp\/wp-json\/wp\/v2\/media?parent=11663"}],"wp:term":[{"taxonomy":"product_brand","embeddable":true,"href":"https:\/\/engagingsafetysolutions.com\/esp\/wp-json\/wp\/v2\/product_brand?post=11663"},{"taxonomy":"product_cat","embeddable":true,"href":"https:\/\/engagingsafetysolutions.com\/esp\/wp-json\/wp\/v2\/product_cat?post=11663"},{"taxonomy":"product_tag","embeddable":true,"href":"https:\/\/engagingsafetysolutions.com\/esp\/wp-json\/wp\/v2\/product_tag?post=11663"}],"curies":[{"name":"wp","href":"https:\/\/api.w.org\/{rel}","templated":true}]}}