{"id":11662,"date":"2020-05-08T00:53:02","date_gmt":"2020-05-08T00:53:02","guid":{"rendered":"https:\/\/engagingsafetysolutions.com\/esp\/product\/reglas-y-cumplimiento-de-hipaa\/"},"modified":"2025-08-18T16:46:00","modified_gmt":"2025-08-18T16:46:00","slug":"reglas-y-cumplimiento-de-hipaa","status":"publish","type":"product","link":"https:\/\/engagingsafetysolutions.com\/esp\/product\/reglas-y-cumplimiento-de-hipaa\/","title":{"rendered":"Reglas y Cumplimiento de HIPAA"},"content":{"rendered":"<p>El Programa de Reglas y Cumplimiento de HIPAA define los t\u00e9rminos de HIPAA, explica las regulaciones y discute lo que las entidades comerciales y los empleados en campos relacionados con la atenci\u00f3n m\u00e9dica deben hacer para cumplirlas. Para obtener atenci\u00f3n m\u00e9dica de calidad, las personas no deber\u00edan tener que sacrificar la privacidad o seguridad de su informaci\u00f3n m\u00e9dica personal. El conjunto de regulaciones conocido como &#8220;HIPAA&#8221; garantiza que los datos de los pacientes permanezcan privados, pero las leyes pueden parecer complejas y las sanciones por incumplimiento pueden ser costosas. El programa incluye informaci\u00f3n sobre HIPAA e informaci\u00f3n m\u00e9dica protegida (PHI), entidades cubiertas, socios comerciales y subcontratistas, PHI y derechos de los pacientes, pautas para el uso y divulgaci\u00f3n de PHI, uso de PHI para marketing y recaudaci\u00f3n de fondos, requisitos de la Regla de seguridad de HIPAA, notificaci\u00f3n de incumplimiento y sanciones, y m\u00e1s.<\/p>\n","protected":false},"excerpt":{"rendered":"<p>El Programa de Reglas y Cumplimiento de HIPAA define los t\u00e9rminos de HIPAA, explica las regulaciones y discute lo que las entidades comerciales y los empleados en campos relacionados con la atenci\u00f3n m\u00e9dica deben hacer para cumplirlas. <\/p>\n","protected":false},"featured_media":12543,"template":"","meta":{"_uag_custom_page_level_css":""},"product_brand":[],"product_cat":[68,51,32,52],"product_tag":[],"class_list":{"0":"post-11662","1":"product","2":"type-product","3":"status-publish","4":"has-post-thumbnail","6":"product_cat-dvd-2","7":"product_cat-elearning","8":"product_cat-usb","9":"product_cat-videos-en-demanda","11":"first","12":"instock","13":"sold-individually","14":"taxable","15":"shipping-taxable","16":"purchasable","17":"product-type-variable","18":"has-default-attributes"},"aioseo_notices":[],"uagb_featured_image_src":{"full":["https:\/\/engagingsafetysolutions.com\/esp\/wp-content\/uploads\/rck_272_action_photo.jpg",1920,1080,false],"thumbnail":["https:\/\/engagingsafetysolutions.com\/esp\/wp-content\/uploads\/rck_272_action_photo-150x150.jpg",150,150,true],"medium":["https:\/\/engagingsafetysolutions.com\/esp\/wp-content\/uploads\/rck_272_action_photo-300x169.jpg",300,169,true],"medium_large":["https:\/\/engagingsafetysolutions.com\/esp\/wp-content\/uploads\/rck_272_action_photo-768x432.jpg",768,432,true],"large":["https:\/\/engagingsafetysolutions.com\/esp\/wp-content\/uploads\/rck_272_action_photo-1024x576.jpg",1024,576,true],"1536x1536":["https:\/\/engagingsafetysolutions.com\/esp\/wp-content\/uploads\/rck_272_action_photo-1536x864.jpg",1536,864,true],"2048x2048":["https:\/\/engagingsafetysolutions.com\/esp\/wp-content\/uploads\/rck_272_action_photo.jpg",1920,1080,false],"woocommerce_thumbnail":["https:\/\/engagingsafetysolutions.com\/esp\/wp-content\/uploads\/rck_272_action_photo-300x225.jpg",300,225,true],"woocommerce_single":["https:\/\/engagingsafetysolutions.com\/esp\/wp-content\/uploads\/rck_272_action_photo-640x360.jpg",640,360,true],"woocommerce_gallery_thumbnail":["https:\/\/engagingsafetysolutions.com\/esp\/wp-content\/uploads\/rck_272_action_photo-100x100.jpg",100,100,true],"dgwt-wcas-product-suggestion":["https:\/\/engagingsafetysolutions.com\/esp\/wp-content\/uploads\/rck_272_action_photo-64x36.jpg",64,36,true]},"uagb_author_info":{"display_name":"evagomez","author_link":"https:\/\/engagingsafetysolutions.com\/esp\/author\/"},"uagb_comment_info":0,"uagb_excerpt":"El Programa de Reglas y Cumplimiento de HIPAA define los t\u00e9rminos de HIPAA, explica las regulaciones y discute lo que las entidades comerciales y los empleados en campos relacionados con la atenci\u00f3n m\u00e9dica deben hacer para cumplirlas.","_links":{"self":[{"href":"https:\/\/engagingsafetysolutions.com\/esp\/wp-json\/wp\/v2\/product\/11662","targetHints":{"allow":["GET"]}}],"collection":[{"href":"https:\/\/engagingsafetysolutions.com\/esp\/wp-json\/wp\/v2\/product"}],"about":[{"href":"https:\/\/engagingsafetysolutions.com\/esp\/wp-json\/wp\/v2\/types\/product"}],"version-history":[{"count":4,"href":"https:\/\/engagingsafetysolutions.com\/esp\/wp-json\/wp\/v2\/product\/11662\/revisions"}],"predecessor-version":[{"id":14662,"href":"https:\/\/engagingsafetysolutions.com\/esp\/wp-json\/wp\/v2\/product\/11662\/revisions\/14662"}],"wp:featuredmedia":[{"embeddable":true,"href":"https:\/\/engagingsafetysolutions.com\/esp\/wp-json\/wp\/v2\/media\/12543"}],"wp:attachment":[{"href":"https:\/\/engagingsafetysolutions.com\/esp\/wp-json\/wp\/v2\/media?parent=11662"}],"wp:term":[{"taxonomy":"product_brand","embeddable":true,"href":"https:\/\/engagingsafetysolutions.com\/esp\/wp-json\/wp\/v2\/product_brand?post=11662"},{"taxonomy":"product_cat","embeddable":true,"href":"https:\/\/engagingsafetysolutions.com\/esp\/wp-json\/wp\/v2\/product_cat?post=11662"},{"taxonomy":"product_tag","embeddable":true,"href":"https:\/\/engagingsafetysolutions.com\/esp\/wp-json\/wp\/v2\/product_tag?post=11662"}],"curies":[{"name":"wp","href":"https:\/\/api.w.org\/{rel}","templated":true}]}}