{"id":11660,"date":"2020-05-08T00:53:00","date_gmt":"2020-05-08T00:53:00","guid":{"rendered":"https:\/\/engagingsafetysolutions.com\/esp\/product\/proteccion-respiratoria-y-seguridad\/"},"modified":"2025-08-18T16:43:42","modified_gmt":"2025-08-18T16:43:42","slug":"proteccion-respiratoria-y-seguridad","status":"publish","type":"product","link":"https:\/\/engagingsafetysolutions.com\/esp\/product\/proteccion-respiratoria-y-seguridad\/","title":{"rendered":"Protecci\u00f3n Respiratoria y Seguridad"},"content":{"rendered":"<p>El Programa de Protecci\u00f3n y Seguridad Respiratoria proporciona a los empleados esta importante informaci\u00f3n y ayuda a las instalaciones a cumplir con los requisitos de la Norma Respiratoria de OSHA. Cada a\u00f1o, decenas de miles de trabajadores estadounidenses est\u00e1n expuestos a contaminantes nocivos en el aire. Estos gases nocivos, polvos, vapores y pat\u00f3genos biol\u00f3gicos pueden causar da\u00f1o pulmonar, c\u00e1ncer y otras enfermedades graves. Algunos pueden causar r\u00e1pidamente la p\u00e9rdida del conocimiento e incluso la muerte, a menudo sin previo aviso. Para evitar estos peligros, los trabajadores deben comprender los riesgos asociados con los contaminantes en el aire, as\u00ed como las regulaciones gubernamentales y las pr\u00e1cticas de trabajo seguras que pueden protegerlos. Tambi\u00e9n deben estar familiarizados con varios tipos de respiradores, comprender c\u00f3mo funcionan y saber c\u00f3mo usarlos. El programa incluye informaci\u00f3n sobre la necesidad de un Programa de Protecci\u00f3n Respiratoria, conceptos b\u00e1sicos respiratorios y m\u00e1scaras desechables, respiradores purificadores de aire y tipos de filtros, respiradores que suministran atm\u00f3sfera, incluidos SAR y SCBA, pruebas de ajuste de un respirador, uso de un respirador, mantenimiento de un respirador y m\u00e1s.<\/p>\n","protected":false},"excerpt":{"rendered":"<p>El Programa de Protecci\u00f3n y Seguridad Respiratoria proporciona a los empleados esta importante informaci\u00f3n y ayuda a las instalaciones a cumplir con los requisitos de la Norma Respiratoria de OSHA. <\/p>\n","protected":false},"featured_media":12545,"template":"","meta":{"_uag_custom_page_level_css":""},"product_brand":[],"product_cat":[68,51,32,52],"product_tag":[],"class_list":{"0":"post-11660","1":"product","2":"type-product","3":"status-publish","4":"has-post-thumbnail","6":"product_cat-dvd-2","7":"product_cat-elearning","8":"product_cat-usb","9":"product_cat-videos-en-demanda","11":"first","12":"instock","13":"sold-individually","14":"taxable","15":"shipping-taxable","16":"purchasable","17":"product-type-variable","18":"has-default-attributes"},"aioseo_notices":[],"uagb_featured_image_src":{"full":["https:\/\/engagingsafetysolutions.com\/esp\/wp-content\/uploads\/rck_275_action_photo.jpg",1920,1080,false],"thumbnail":["https:\/\/engagingsafetysolutions.com\/esp\/wp-content\/uploads\/rck_275_action_photo-150x150.jpg",150,150,true],"medium":["https:\/\/engagingsafetysolutions.com\/esp\/wp-content\/uploads\/rck_275_action_photo-300x169.jpg",300,169,true],"medium_large":["https:\/\/engagingsafetysolutions.com\/esp\/wp-content\/uploads\/rck_275_action_photo-768x432.jpg",768,432,true],"large":["https:\/\/engagingsafetysolutions.com\/esp\/wp-content\/uploads\/rck_275_action_photo-1024x576.jpg",1024,576,true],"1536x1536":["https:\/\/engagingsafetysolutions.com\/esp\/wp-content\/uploads\/rck_275_action_photo-1536x864.jpg",1536,864,true],"2048x2048":["https:\/\/engagingsafetysolutions.com\/esp\/wp-content\/uploads\/rck_275_action_photo.jpg",1920,1080,false],"woocommerce_thumbnail":["https:\/\/engagingsafetysolutions.com\/esp\/wp-content\/uploads\/rck_275_action_photo-300x225.jpg",300,225,true],"woocommerce_single":["https:\/\/engagingsafetysolutions.com\/esp\/wp-content\/uploads\/rck_275_action_photo-640x360.jpg",640,360,true],"woocommerce_gallery_thumbnail":["https:\/\/engagingsafetysolutions.com\/esp\/wp-content\/uploads\/rck_275_action_photo-100x100.jpg",100,100,true],"dgwt-wcas-product-suggestion":["https:\/\/engagingsafetysolutions.com\/esp\/wp-content\/uploads\/rck_275_action_photo-64x36.jpg",64,36,true]},"uagb_author_info":{"display_name":"evagomez","author_link":"https:\/\/engagingsafetysolutions.com\/esp\/author\/"},"uagb_comment_info":0,"uagb_excerpt":"El Programa de Protecci\u00f3n y Seguridad Respiratoria proporciona a los empleados esta importante informaci\u00f3n y ayuda a las instalaciones a cumplir con los requisitos de la Norma Respiratoria de OSHA.","_links":{"self":[{"href":"https:\/\/engagingsafetysolutions.com\/esp\/wp-json\/wp\/v2\/product\/11660","targetHints":{"allow":["GET"]}}],"collection":[{"href":"https:\/\/engagingsafetysolutions.com\/esp\/wp-json\/wp\/v2\/product"}],"about":[{"href":"https:\/\/engagingsafetysolutions.com\/esp\/wp-json\/wp\/v2\/types\/product"}],"version-history":[{"count":4,"href":"https:\/\/engagingsafetysolutions.com\/esp\/wp-json\/wp\/v2\/product\/11660\/revisions"}],"predecessor-version":[{"id":14660,"href":"https:\/\/engagingsafetysolutions.com\/esp\/wp-json\/wp\/v2\/product\/11660\/revisions\/14660"}],"wp:featuredmedia":[{"embeddable":true,"href":"https:\/\/engagingsafetysolutions.com\/esp\/wp-json\/wp\/v2\/media\/12545"}],"wp:attachment":[{"href":"https:\/\/engagingsafetysolutions.com\/esp\/wp-json\/wp\/v2\/media?parent=11660"}],"wp:term":[{"taxonomy":"product_brand","embeddable":true,"href":"https:\/\/engagingsafetysolutions.com\/esp\/wp-json\/wp\/v2\/product_brand?post=11660"},{"taxonomy":"product_cat","embeddable":true,"href":"https:\/\/engagingsafetysolutions.com\/esp\/wp-json\/wp\/v2\/product_cat?post=11660"},{"taxonomy":"product_tag","embeddable":true,"href":"https:\/\/engagingsafetysolutions.com\/esp\/wp-json\/wp\/v2\/product_tag?post=11660"}],"curies":[{"name":"wp","href":"https:\/\/api.w.org\/{rel}","templated":true}]}}