{"id":11656,"date":"2020-05-08T00:52:58","date_gmt":"2020-05-08T00:52:58","guid":{"rendered":"https:\/\/engagingsafetysolutions.com\/esp\/product\/primeros-auxilios\/"},"modified":"2025-08-18T16:45:54","modified_gmt":"2025-08-18T16:45:54","slug":"primeros-auxilios","status":"publish","type":"product","link":"https:\/\/engagingsafetysolutions.com\/esp\/product\/primeros-auxilios\/","title":{"rendered":"Primeros Auxilios"},"content":{"rendered":"<p>El Programa de Primeros Auxilios analiza lo que los empleados deben hacer y no hacer cuando alguien est\u00e1 enfermo o lesionado, y c\u00f3mo determinar cu\u00e1ndo deben llamar para solicitar asistencia de emergencia. Cuando un empleado se lesiona o se enferma, sus compa\u00f1eros de trabajo generalmente ser\u00e1n los primeros &#8220;en la escena&#8221; y tendr\u00e1n la oportunidad de brindar un tratamiento inicial. En estas situaciones, deben poder reconocer lesiones y enfermedades comunes y comprender c\u00f3mo tratarlas. El programa  incluye informaci\u00f3n sobre lesiones oculares, cortes, quemaduras y abrasiones, distensiones, esguinces, fracturas y shock, ataques card\u00edacos y paros card\u00edacos, asfixia, enfermedades relacionadas con el calor y m\u00e1s.<\/p>\n","protected":false},"excerpt":{"rendered":"<p>El Programa de Primeros Auxilios analiza lo que los empleados deben hacer y no hacer cuando alguien est\u00e1 enfermo o lesionado, y c\u00f3mo determinar cu\u00e1ndo deben llamar para solicitar asistencia de emergencia. <\/p>\n","protected":false},"featured_media":12508,"template":"","meta":{"_uag_custom_page_level_css":""},"product_brand":[],"product_cat":[68,51,32,52],"product_tag":[],"class_list":{"0":"post-11656","1":"product","2":"type-product","3":"status-publish","4":"has-post-thumbnail","6":"product_cat-dvd-2","7":"product_cat-elearning","8":"product_cat-usb","9":"product_cat-videos-en-demanda","11":"first","12":"instock","13":"sold-individually","14":"taxable","15":"shipping-taxable","16":"purchasable","17":"product-type-variable","18":"has-default-attributes"},"aioseo_notices":[],"uagb_featured_image_src":{"full":["https:\/\/engagingsafetysolutions.com\/esp\/wp-content\/uploads\/smk_321_action_photo.jpg",1920,1080,false],"thumbnail":["https:\/\/engagingsafetysolutions.com\/esp\/wp-content\/uploads\/smk_321_action_photo-150x150.jpg",150,150,true],"medium":["https:\/\/engagingsafetysolutions.com\/esp\/wp-content\/uploads\/smk_321_action_photo-300x169.jpg",300,169,true],"medium_large":["https:\/\/engagingsafetysolutions.com\/esp\/wp-content\/uploads\/smk_321_action_photo-768x432.jpg",768,432,true],"large":["https:\/\/engagingsafetysolutions.com\/esp\/wp-content\/uploads\/smk_321_action_photo-1024x576.jpg",1024,576,true],"1536x1536":["https:\/\/engagingsafetysolutions.com\/esp\/wp-content\/uploads\/smk_321_action_photo-1536x864.jpg",1536,864,true],"2048x2048":["https:\/\/engagingsafetysolutions.com\/esp\/wp-content\/uploads\/smk_321_action_photo.jpg",1920,1080,false],"woocommerce_thumbnail":["https:\/\/engagingsafetysolutions.com\/esp\/wp-content\/uploads\/smk_321_action_photo-300x225.jpg",300,225,true],"woocommerce_single":["https:\/\/engagingsafetysolutions.com\/esp\/wp-content\/uploads\/smk_321_action_photo-640x360.jpg",640,360,true],"woocommerce_gallery_thumbnail":["https:\/\/engagingsafetysolutions.com\/esp\/wp-content\/uploads\/smk_321_action_photo-100x100.jpg",100,100,true],"dgwt-wcas-product-suggestion":["https:\/\/engagingsafetysolutions.com\/esp\/wp-content\/uploads\/smk_321_action_photo-64x36.jpg",64,36,true]},"uagb_author_info":{"display_name":"evagomez","author_link":"https:\/\/engagingsafetysolutions.com\/esp\/author\/"},"uagb_comment_info":0,"uagb_excerpt":"El Programa de Primeros Auxilios analiza lo que los empleados deben hacer y no hacer cuando alguien est\u00e1 enfermo o lesionado, y c\u00f3mo determinar cu\u00e1ndo deben llamar para solicitar asistencia de emergencia.","_links":{"self":[{"href":"https:\/\/engagingsafetysolutions.com\/esp\/wp-json\/wp\/v2\/product\/11656","targetHints":{"allow":["GET"]}}],"collection":[{"href":"https:\/\/engagingsafetysolutions.com\/esp\/wp-json\/wp\/v2\/product"}],"about":[{"href":"https:\/\/engagingsafetysolutions.com\/esp\/wp-json\/wp\/v2\/types\/product"}],"version-history":[{"count":4,"href":"https:\/\/engagingsafetysolutions.com\/esp\/wp-json\/wp\/v2\/product\/11656\/revisions"}],"predecessor-version":[{"id":14657,"href":"https:\/\/engagingsafetysolutions.com\/esp\/wp-json\/wp\/v2\/product\/11656\/revisions\/14657"}],"wp:featuredmedia":[{"embeddable":true,"href":"https:\/\/engagingsafetysolutions.com\/esp\/wp-json\/wp\/v2\/media\/12508"}],"wp:attachment":[{"href":"https:\/\/engagingsafetysolutions.com\/esp\/wp-json\/wp\/v2\/media?parent=11656"}],"wp:term":[{"taxonomy":"product_brand","embeddable":true,"href":"https:\/\/engagingsafetysolutions.com\/esp\/wp-json\/wp\/v2\/product_brand?post=11656"},{"taxonomy":"product_cat","embeddable":true,"href":"https:\/\/engagingsafetysolutions.com\/esp\/wp-json\/wp\/v2\/product_cat?post=11656"},{"taxonomy":"product_tag","embeddable":true,"href":"https:\/\/engagingsafetysolutions.com\/esp\/wp-json\/wp\/v2\/product_tag?post=11656"}],"curies":[{"name":"wp","href":"https:\/\/api.w.org\/{rel}","templated":true}]}}