{"id":11654,"date":"2020-05-08T00:52:56","date_gmt":"2020-05-08T00:52:56","guid":{"rendered":"https:\/\/engagingsafetysolutions.com\/esp\/product\/prevenir-la-discriminacion-en-el-lugar-de-trabajo-para-empleados\/"},"modified":"2025-08-18T16:45:54","modified_gmt":"2025-08-18T16:45:54","slug":"prevenir-la-discriminacion-en-el-lugar-de-trabajo-para-empleados","status":"publish","type":"product","link":"https:\/\/engagingsafetysolutions.com\/esp\/product\/prevenir-la-discriminacion-en-el-lugar-de-trabajo-para-empleados\/","title":{"rendered":"Prevenir la Discriminaci\u00f3n en el Lugar de Trabajo para Empleados"},"content":{"rendered":"<p>Prevenci\u00f3n de la discriminaci\u00f3n en el lugar de trabajo&#8230; El programa for Employees analiza diferentes tipos de comportamiento discriminatorio, sus causas y lo que los empleados pueden hacer para prevenirlo en su lugar de trabajo. La variedad entre las personas, llamada &#8220;diversidad&#8221;, ha ido aumentando en la sociedad y la fuerza laboral durante d\u00e9cadas. Pero el cambio puede hacer que los empleados se sientan inc\u00f3modos. La resistencia a la diversidad a menudo conduce a un trato injusto y perjudicial de las personas por ser quienes son. Esta &#8220;discriminaci\u00f3n&#8221; es mala para todos, y tambi\u00e9n ilegal. El programa incluye informaci\u00f3n sobre discriminaci\u00f3n y la ley, la pol\u00edtica de la empresa y el comportamiento discriminatorio, c\u00f3mo responder a la discriminaci\u00f3n, denunciar la discriminaci\u00f3n en el lugar de trabajo y m\u00e1s.<\/p>\n","protected":false},"excerpt":{"rendered":"<p> Prevenci\u00f3n de la discriminaci\u00f3n en el lugar de trabajo&#8230; El programa Para Empleados analiza diferentes tipos de comportamiento discriminatorio, sus causas y lo que los empleados pueden hacer para prevenirlo en su lugar de trabajo. <\/p>\n","protected":false},"featured_media":12513,"template":"","meta":{"_uag_custom_page_level_css":""},"product_brand":[],"product_cat":[68,51,32,52],"product_tag":[],"class_list":{"0":"post-11654","1":"product","2":"type-product","3":"status-publish","4":"has-post-thumbnail","6":"product_cat-dvd-2","7":"product_cat-elearning","8":"product_cat-usb","9":"product_cat-videos-en-demanda","11":"first","12":"instock","13":"sold-individually","14":"taxable","15":"shipping-taxable","16":"purchasable","17":"product-type-variable","18":"has-default-attributes"},"aioseo_notices":[],"uagb_featured_image_src":{"full":["https:\/\/engagingsafetysolutions.com\/esp\/wp-content\/uploads\/smk_328_action_photo.jpg",1920,1080,false],"thumbnail":["https:\/\/engagingsafetysolutions.com\/esp\/wp-content\/uploads\/smk_328_action_photo-150x150.jpg",150,150,true],"medium":["https:\/\/engagingsafetysolutions.com\/esp\/wp-content\/uploads\/smk_328_action_photo-300x169.jpg",300,169,true],"medium_large":["https:\/\/engagingsafetysolutions.com\/esp\/wp-content\/uploads\/smk_328_action_photo-768x432.jpg",768,432,true],"large":["https:\/\/engagingsafetysolutions.com\/esp\/wp-content\/uploads\/smk_328_action_photo-1024x576.jpg",1024,576,true],"1536x1536":["https:\/\/engagingsafetysolutions.com\/esp\/wp-content\/uploads\/smk_328_action_photo-1536x864.jpg",1536,864,true],"2048x2048":["https:\/\/engagingsafetysolutions.com\/esp\/wp-content\/uploads\/smk_328_action_photo.jpg",1920,1080,false],"woocommerce_thumbnail":["https:\/\/engagingsafetysolutions.com\/esp\/wp-content\/uploads\/smk_328_action_photo-300x225.jpg",300,225,true],"woocommerce_single":["https:\/\/engagingsafetysolutions.com\/esp\/wp-content\/uploads\/smk_328_action_photo-640x360.jpg",640,360,true],"woocommerce_gallery_thumbnail":["https:\/\/engagingsafetysolutions.com\/esp\/wp-content\/uploads\/smk_328_action_photo-100x100.jpg",100,100,true],"dgwt-wcas-product-suggestion":["https:\/\/engagingsafetysolutions.com\/esp\/wp-content\/uploads\/smk_328_action_photo-64x36.jpg",64,36,true]},"uagb_author_info":{"display_name":"evagomez","author_link":"https:\/\/engagingsafetysolutions.com\/esp\/author\/"},"uagb_comment_info":0,"uagb_excerpt":"Prevenci\u00f3n de la discriminaci\u00f3n en el lugar de trabajo... El programa Para Empleados analiza diferentes tipos de comportamiento discriminatorio, sus causas y lo que los empleados pueden hacer para prevenirlo en su lugar de trabajo.","_links":{"self":[{"href":"https:\/\/engagingsafetysolutions.com\/esp\/wp-json\/wp\/v2\/product\/11654","targetHints":{"allow":["GET"]}}],"collection":[{"href":"https:\/\/engagingsafetysolutions.com\/esp\/wp-json\/wp\/v2\/product"}],"about":[{"href":"https:\/\/engagingsafetysolutions.com\/esp\/wp-json\/wp\/v2\/types\/product"}],"version-history":[{"count":2,"href":"https:\/\/engagingsafetysolutions.com\/esp\/wp-json\/wp\/v2\/product\/11654\/revisions"}],"predecessor-version":[{"id":14655,"href":"https:\/\/engagingsafetysolutions.com\/esp\/wp-json\/wp\/v2\/product\/11654\/revisions\/14655"}],"wp:featuredmedia":[{"embeddable":true,"href":"https:\/\/engagingsafetysolutions.com\/esp\/wp-json\/wp\/v2\/media\/12513"}],"wp:attachment":[{"href":"https:\/\/engagingsafetysolutions.com\/esp\/wp-json\/wp\/v2\/media?parent=11654"}],"wp:term":[{"taxonomy":"product_brand","embeddable":true,"href":"https:\/\/engagingsafetysolutions.com\/esp\/wp-json\/wp\/v2\/product_brand?post=11654"},{"taxonomy":"product_cat","embeddable":true,"href":"https:\/\/engagingsafetysolutions.com\/esp\/wp-json\/wp\/v2\/product_cat?post=11654"},{"taxonomy":"product_tag","embeddable":true,"href":"https:\/\/engagingsafetysolutions.com\/esp\/wp-json\/wp\/v2\/product_tag?post=11654"}],"curies":[{"name":"wp","href":"https:\/\/api.w.org\/{rel}","templated":true}]}}