{"id":11653,"date":"2020-05-08T00:52:56","date_gmt":"2020-05-08T00:52:56","guid":{"rendered":"https:\/\/engagingsafetysolutions.com\/esp\/product\/prevencion-del-acoso-sexual-para-gerentes-y-supervisores\/"},"modified":"2025-08-18T16:44:13","modified_gmt":"2025-08-18T16:44:13","slug":"prevencion-del-acoso-sexual-para-gerentes-y-supervisores","status":"publish","type":"product","link":"https:\/\/engagingsafetysolutions.com\/esp\/product\/prevencion-del-acoso-sexual-para-gerentes-y-supervisores\/","title":{"rendered":"Prevenci\u00f3n del Acoso Sexual Para Gerentes y Supervisores"},"content":{"rendered":"<p>Prevenci\u00f3n del acoso sexual  El Programa para Gerentes y Supervisores proporciona la informaci\u00f3n que los gerentes y supervisores necesitan para identificar situaciones que podr\u00edan conducir al acoso sexual, ayudar a prevenir el acoso en sus departamentos y tratarlo de manera efectiva si ocurre. El acoso sexual puede ser devastador tanto para sus v\u00edctimas como para las empresas para las que trabajan. Tambi\u00e9n es ilegal. Pero la Comisi\u00f3n de Igualdad de Oportunidades en el Empleo todav\u00eda recibe m\u00e1s de 10,000 quejas de acoso sexual de trabajadores estadounidenses cada a\u00f1o. El programa incluye informaci\u00f3n sobre qu\u00e9 es el acoso sexual, la pol\u00edtica de la empresa y el comportamiento ofensivo, el acoso sexual en su departamento, la entrega de un informe de acoso sexual, el proceso de &#8220;investigaci\u00f3n de hechos&#8221; y m\u00e1s.<\/p>\n","protected":false},"excerpt":{"rendered":"<p>Prevenci\u00f3n del acoso sexual de . El Programa para Gerentes y Supervisores proporciona la informaci\u00f3n que los gerentes y supervisores necesitan para identificar situaciones que podr\u00edan conducir al acoso sexual, ayudar a prevenir el acoso en sus departamentos y tratarlo de manera efectiva si ocurre. <\/p>\n","protected":false},"featured_media":12219,"template":"","meta":{"_uag_custom_page_level_css":""},"product_brand":[],"product_cat":[68,51,32,52],"product_tag":[],"class_list":{"0":"post-11653","1":"product","2":"type-product","3":"status-publish","4":"has-post-thumbnail","6":"product_cat-dvd-2","7":"product_cat-elearning","8":"product_cat-usb","9":"product_cat-videos-en-demanda","11":"first","12":"instock","13":"sold-individually","14":"taxable","15":"shipping-taxable","16":"purchasable","17":"product-type-variable","18":"has-default-attributes"},"aioseo_notices":[],"uagb_featured_image_src":{"full":["https:\/\/engagingsafetysolutions.com\/esp\/wp-content\/uploads\/smk_296_action_photo.jpg",1920,1080,false],"thumbnail":["https:\/\/engagingsafetysolutions.com\/esp\/wp-content\/uploads\/smk_296_action_photo-150x150.jpg",150,150,true],"medium":["https:\/\/engagingsafetysolutions.com\/esp\/wp-content\/uploads\/smk_296_action_photo-300x169.jpg",300,169,true],"medium_large":["https:\/\/engagingsafetysolutions.com\/esp\/wp-content\/uploads\/smk_296_action_photo-768x432.jpg",768,432,true],"large":["https:\/\/engagingsafetysolutions.com\/esp\/wp-content\/uploads\/smk_296_action_photo-1024x576.jpg",1024,576,true],"1536x1536":["https:\/\/engagingsafetysolutions.com\/esp\/wp-content\/uploads\/smk_296_action_photo-1536x864.jpg",1536,864,true],"2048x2048":["https:\/\/engagingsafetysolutions.com\/esp\/wp-content\/uploads\/smk_296_action_photo.jpg",1920,1080,false],"woocommerce_thumbnail":["https:\/\/engagingsafetysolutions.com\/esp\/wp-content\/uploads\/smk_296_action_photo-300x225.jpg",300,225,true],"woocommerce_single":["https:\/\/engagingsafetysolutions.com\/esp\/wp-content\/uploads\/smk_296_action_photo-640x360.jpg",640,360,true],"woocommerce_gallery_thumbnail":["https:\/\/engagingsafetysolutions.com\/esp\/wp-content\/uploads\/smk_296_action_photo-100x100.jpg",100,100,true],"dgwt-wcas-product-suggestion":["https:\/\/engagingsafetysolutions.com\/esp\/wp-content\/uploads\/smk_296_action_photo.jpg",64,36,false]},"uagb_author_info":{"display_name":"evagomez","author_link":"https:\/\/engagingsafetysolutions.com\/esp\/author\/"},"uagb_comment_info":0,"uagb_excerpt":"Prevenci\u00f3n del acoso sexual de . El Programa para Gerentes y Supervisores proporciona la informaci\u00f3n que los gerentes y supervisores necesitan para identificar situaciones que podr\u00edan conducir al acoso sexual, ayudar a prevenir el acoso en sus departamentos y tratarlo de manera efectiva si ocurre.","_links":{"self":[{"href":"https:\/\/engagingsafetysolutions.com\/esp\/wp-json\/wp\/v2\/product\/11653","targetHints":{"allow":["GET"]}}],"collection":[{"href":"https:\/\/engagingsafetysolutions.com\/esp\/wp-json\/wp\/v2\/product"}],"about":[{"href":"https:\/\/engagingsafetysolutions.com\/esp\/wp-json\/wp\/v2\/types\/product"}],"version-history":[{"count":5,"href":"https:\/\/engagingsafetysolutions.com\/esp\/wp-json\/wp\/v2\/product\/11653\/revisions"}],"predecessor-version":[{"id":14654,"href":"https:\/\/engagingsafetysolutions.com\/esp\/wp-json\/wp\/v2\/product\/11653\/revisions\/14654"}],"wp:featuredmedia":[{"embeddable":true,"href":"https:\/\/engagingsafetysolutions.com\/esp\/wp-json\/wp\/v2\/media\/12219"}],"wp:attachment":[{"href":"https:\/\/engagingsafetysolutions.com\/esp\/wp-json\/wp\/v2\/media?parent=11653"}],"wp:term":[{"taxonomy":"product_brand","embeddable":true,"href":"https:\/\/engagingsafetysolutions.com\/esp\/wp-json\/wp\/v2\/product_brand?post=11653"},{"taxonomy":"product_cat","embeddable":true,"href":"https:\/\/engagingsafetysolutions.com\/esp\/wp-json\/wp\/v2\/product_cat?post=11653"},{"taxonomy":"product_tag","embeddable":true,"href":"https:\/\/engagingsafetysolutions.com\/esp\/wp-json\/wp\/v2\/product_tag?post=11653"}],"curies":[{"name":"wp","href":"https:\/\/api.w.org\/{rel}","templated":true}]}}