{"id":11650,"date":"2020-05-08T00:52:54","date_gmt":"2020-05-08T00:52:54","guid":{"rendered":"https:\/\/engagingsafetysolutions.com\/esp\/product\/prevencion-de-incendios-en-los-centros-de-salud\/"},"modified":"2025-08-18T16:46:00","modified_gmt":"2025-08-18T16:46:00","slug":"prevencion-de-incendios-en-los-centros-de-salud","status":"publish","type":"product","link":"https:\/\/engagingsafetysolutions.com\/esp\/product\/prevencion-de-incendios-en-los-centros-de-salud\/","title":{"rendered":"Prevenci\u00f3n de Incendios en los Centros de Salud"},"content":{"rendered":"<p>El programa de prevenci\u00f3n de incendios en instalaciones de atenci\u00f3n m\u00e9dica analiza los riesgos de incendio que se pueden encontrar en entornos de atenci\u00f3n m\u00e9dica, analiza c\u00f3mo se pueden prevenir incendios y explica qu\u00e9 deben hacer los empleados en caso de que ocurra una emergencia por incendio en su lugar de trabajo. Cada a\u00f1o se reportan m\u00e1s de un mill\u00f3n de emergencias por incendios en los EE. UU., Y m\u00e1s de 5,000 de ellas tienen lugar en centros de atenci\u00f3n m\u00e9dica. Causan lesiones, muertes y m\u00e1s de $45 millones en da\u00f1os. El programa incluye informaci\u00f3n sobre c\u00f3mo arden los incendios, las cuatro clases m\u00e1s comunes de incendios, c\u00f3mo Enfrentar con una emergencia por incendio, la seguridad del paciente y los procedimientos de evacuaci\u00f3n, los riesgos de incendio en entornos de atenci\u00f3n m\u00e9dica, el control de los peligros el\u00e9ctricos y m\u00e1s.<\/p>\n","protected":false},"excerpt":{"rendered":"<p>El programa de prevenci\u00f3n de incendios en instalaciones de atenci\u00f3n m\u00e9dica analiza los riesgos de incendio que se pueden encontrar en entornos de atenci\u00f3n m\u00e9dica, analiza c\u00f3mo se pueden prevenir incendios y explica qu\u00e9 deben hacer los empleados en caso de que ocurra una emergencia por incendio en su lugar de trabajo. <\/p>\n","protected":false},"featured_media":12495,"template":"","meta":{"_uag_custom_page_level_css":""},"product_brand":[],"product_cat":[68,51,32,52],"product_tag":[],"class_list":{"0":"post-11650","1":"product","2":"type-product","3":"status-publish","4":"has-post-thumbnail","6":"product_cat-dvd-2","7":"product_cat-elearning","8":"product_cat-usb","9":"product_cat-videos-en-demanda","11":"first","12":"instock","13":"sold-individually","14":"taxable","15":"shipping-taxable","16":"purchasable","17":"product-type-variable","18":"has-default-attributes"},"aioseo_notices":[],"uagb_featured_image_src":{"full":["https:\/\/engagingsafetysolutions.com\/esp\/wp-content\/uploads\/smk_293_action_photo.jpg",1920,1080,false],"thumbnail":["https:\/\/engagingsafetysolutions.com\/esp\/wp-content\/uploads\/smk_293_action_photo-150x150.jpg",150,150,true],"medium":["https:\/\/engagingsafetysolutions.com\/esp\/wp-content\/uploads\/smk_293_action_photo-300x169.jpg",300,169,true],"medium_large":["https:\/\/engagingsafetysolutions.com\/esp\/wp-content\/uploads\/smk_293_action_photo-768x432.jpg",768,432,true],"large":["https:\/\/engagingsafetysolutions.com\/esp\/wp-content\/uploads\/smk_293_action_photo-1024x576.jpg",1024,576,true],"1536x1536":["https:\/\/engagingsafetysolutions.com\/esp\/wp-content\/uploads\/smk_293_action_photo-1536x864.jpg",1536,864,true],"2048x2048":["https:\/\/engagingsafetysolutions.com\/esp\/wp-content\/uploads\/smk_293_action_photo.jpg",1920,1080,false],"woocommerce_thumbnail":["https:\/\/engagingsafetysolutions.com\/esp\/wp-content\/uploads\/smk_293_action_photo-300x225.jpg",300,225,true],"woocommerce_single":["https:\/\/engagingsafetysolutions.com\/esp\/wp-content\/uploads\/smk_293_action_photo-640x360.jpg",640,360,true],"woocommerce_gallery_thumbnail":["https:\/\/engagingsafetysolutions.com\/esp\/wp-content\/uploads\/smk_293_action_photo-100x100.jpg",100,100,true],"dgwt-wcas-product-suggestion":["https:\/\/engagingsafetysolutions.com\/esp\/wp-content\/uploads\/smk_293_action_photo-64x36.jpg",64,36,true]},"uagb_author_info":{"display_name":"evagomez","author_link":"https:\/\/engagingsafetysolutions.com\/esp\/author\/"},"uagb_comment_info":0,"uagb_excerpt":"El programa de prevenci\u00f3n de incendios en instalaciones de atenci\u00f3n m\u00e9dica analiza los riesgos de incendio que se pueden encontrar en entornos de atenci\u00f3n m\u00e9dica, analiza c\u00f3mo se pueden prevenir incendios y explica qu\u00e9 deben hacer los empleados en caso de que ocurra una emergencia por incendio en su lugar de trabajo.","_links":{"self":[{"href":"https:\/\/engagingsafetysolutions.com\/esp\/wp-json\/wp\/v2\/product\/11650","targetHints":{"allow":["GET"]}}],"collection":[{"href":"https:\/\/engagingsafetysolutions.com\/esp\/wp-json\/wp\/v2\/product"}],"about":[{"href":"https:\/\/engagingsafetysolutions.com\/esp\/wp-json\/wp\/v2\/types\/product"}],"version-history":[{"count":4,"href":"https:\/\/engagingsafetysolutions.com\/esp\/wp-json\/wp\/v2\/product\/11650\/revisions"}],"predecessor-version":[{"id":14651,"href":"https:\/\/engagingsafetysolutions.com\/esp\/wp-json\/wp\/v2\/product\/11650\/revisions\/14651"}],"wp:featuredmedia":[{"embeddable":true,"href":"https:\/\/engagingsafetysolutions.com\/esp\/wp-json\/wp\/v2\/media\/12495"}],"wp:attachment":[{"href":"https:\/\/engagingsafetysolutions.com\/esp\/wp-json\/wp\/v2\/media?parent=11650"}],"wp:term":[{"taxonomy":"product_brand","embeddable":true,"href":"https:\/\/engagingsafetysolutions.com\/esp\/wp-json\/wp\/v2\/product_brand?post=11650"},{"taxonomy":"product_cat","embeddable":true,"href":"https:\/\/engagingsafetysolutions.com\/esp\/wp-json\/wp\/v2\/product_cat?post=11650"},{"taxonomy":"product_tag","embeddable":true,"href":"https:\/\/engagingsafetysolutions.com\/esp\/wp-json\/wp\/v2\/product_tag?post=11650"}],"curies":[{"name":"wp","href":"https:\/\/api.w.org\/{rel}","templated":true}]}}