{"id":11648,"date":"2020-05-08T00:52:53","date_gmt":"2020-05-08T00:52:53","guid":{"rendered":"https:\/\/engagingsafetysolutions.com\/esp\/product\/plataformas-elevadoras-tipo-tijera-en-entornos-industriales-y-de-construccion\/"},"modified":"2025-08-18T16:44:08","modified_gmt":"2025-08-18T16:44:08","slug":"plataformas-elevadoras-tipo-tijera-en-entornos-industriales-y-de-construccion","status":"publish","type":"product","link":"https:\/\/engagingsafetysolutions.com\/esp\/product\/plataformas-elevadoras-tipo-tijera-en-entornos-industriales-y-de-construccion\/","title":{"rendered":"Plataformas Elevadoras Tijera en Entornos Industriales y de Construcci\u00f3n"},"content":{"rendered":"<p>El programa de elevadores de tijera en entornos industriales y de construcci\u00f3n ha sido dise\u00f1ado para cumplir con los requisitos de capacitaci\u00f3n de OSHA en su est\u00e1ndar de &#8220;Plataformas de trabajo elevadas m\u00f3viles&#8221; (PEMP\/PTA). El programa analiza los peligros asociados con los elevadores de tijera, los tipos de inspecciones que se deben realizar antes de usar un elevador, la forma correcta de configurar y operar un elevador de tijera y c\u00f3mo trabajar de manera segura en el suelo cerca de un elevador. Llegar a lugares altos puede ser dif\u00edcil en muchos entornos de trabajo. A veces, una escalera es todo lo que necesitas. Pero en algunas situaciones, tendr\u00e1 que usar otros equipos para realizar trabajos que requieren que lo eleven mientras trabaja. Ya sea que est\u00e9 en un sitio de construcci\u00f3n, dentro de un almac\u00e9n o realizando un trabajo de mantenimiento &#8220;en lo alto&#8221;, los elevadores de tijera pueden ayudarlo a llegar a lugares altos cuando una escalera no es suficiente. El programa incluye las normas OSHA y ANSI para el uso de PEMP\/PTA, la creaci\u00f3n de un Programa de Uso Seguro para elevadores de tijera, los requisitos de capacitaci\u00f3n para operadores y ocupantes de ascensores, la identificaci\u00f3n y prevenci\u00f3n de peligros asociados con los elevadores de tijera, las inspecciones de equipos y lugares de trabajo, c\u00f3mo operar un elevador de tijera de manera segura, c\u00f3mo trabajar de manera segura en el suelo cerca de un elevador y m\u00e1s.<\/p>\n","protected":false},"excerpt":{"rendered":"<p>El programa de elevadores de tijera en entornos industriales y de construcci\u00f3n ha sido dise\u00f1ado para cumplir con los requisitos de capacitaci\u00f3n de OSHA en su est\u00e1ndar de &#8220;Plataformas de trabajo elevadas m\u00f3viles&#8221; (PEMP\/PTA). El programa analiza los peligros asociados con los elevadores de tijera, los tipos de inspecciones que se deben realizar antes de usar un elevador, la forma correcta de configurar y operar un elevador de tijera y c\u00f3mo trabajar de manera segura en el suelo cerca de un elevador. <\/p>\n","protected":false},"featured_media":12532,"template":"","meta":{"_uag_custom_page_level_css":""},"product_brand":[],"product_cat":[68,51,32,52],"product_tag":[],"class_list":{"0":"post-11648","1":"product","2":"type-product","3":"status-publish","4":"has-post-thumbnail","6":"product_cat-dvd-2","7":"product_cat-elearning","8":"product_cat-usb","9":"product_cat-videos-en-demanda","11":"first","12":"instock","13":"sold-individually","14":"taxable","15":"shipping-taxable","16":"purchasable","17":"product-type-variable","18":"has-default-attributes"},"aioseo_notices":[],"uagb_featured_image_src":{"full":["https:\/\/engagingsafetysolutions.com\/esp\/wp-content\/uploads\/rck_172_action_photo.jpg",720,480,false],"thumbnail":["https:\/\/engagingsafetysolutions.com\/esp\/wp-content\/uploads\/rck_172_action_photo-150x150.jpg",150,150,true],"medium":["https:\/\/engagingsafetysolutions.com\/esp\/wp-content\/uploads\/rck_172_action_photo-300x200.jpg",300,200,true],"medium_large":["https:\/\/engagingsafetysolutions.com\/esp\/wp-content\/uploads\/rck_172_action_photo.jpg",720,480,false],"large":["https:\/\/engagingsafetysolutions.com\/esp\/wp-content\/uploads\/rck_172_action_photo.jpg",720,480,false],"1536x1536":["https:\/\/engagingsafetysolutions.com\/esp\/wp-content\/uploads\/rck_172_action_photo.jpg",720,480,false],"2048x2048":["https:\/\/engagingsafetysolutions.com\/esp\/wp-content\/uploads\/rck_172_action_photo.jpg",720,480,false],"woocommerce_thumbnail":["https:\/\/engagingsafetysolutions.com\/esp\/wp-content\/uploads\/rck_172_action_photo-300x225.jpg",300,225,true],"woocommerce_single":["https:\/\/engagingsafetysolutions.com\/esp\/wp-content\/uploads\/rck_172_action_photo-640x427.jpg",640,427,true],"woocommerce_gallery_thumbnail":["https:\/\/engagingsafetysolutions.com\/esp\/wp-content\/uploads\/rck_172_action_photo-100x100.jpg",100,100,true],"dgwt-wcas-product-suggestion":["https:\/\/engagingsafetysolutions.com\/esp\/wp-content\/uploads\/rck_172_action_photo-64x43.jpg",64,43,true]},"uagb_author_info":{"display_name":"evagomez","author_link":"https:\/\/engagingsafetysolutions.com\/esp\/author\/"},"uagb_comment_info":0,"uagb_excerpt":"El programa de elevadores de tijera en entornos industriales y de construcci\u00f3n ha sido dise\u00f1ado para cumplir con los requisitos de capacitaci\u00f3n de OSHA en su est\u00e1ndar de \"Plataformas de trabajo elevadas m\u00f3viles\" (PEMP\/PTA). El programa analiza los peligros asociados con los elevadores de tijera, los tipos de inspecciones que se deben realizar antes de&hellip;","_links":{"self":[{"href":"https:\/\/engagingsafetysolutions.com\/esp\/wp-json\/wp\/v2\/product\/11648","targetHints":{"allow":["GET"]}}],"collection":[{"href":"https:\/\/engagingsafetysolutions.com\/esp\/wp-json\/wp\/v2\/product"}],"about":[{"href":"https:\/\/engagingsafetysolutions.com\/esp\/wp-json\/wp\/v2\/types\/product"}],"version-history":[{"count":3,"href":"https:\/\/engagingsafetysolutions.com\/esp\/wp-json\/wp\/v2\/product\/11648\/revisions"}],"predecessor-version":[{"id":14649,"href":"https:\/\/engagingsafetysolutions.com\/esp\/wp-json\/wp\/v2\/product\/11648\/revisions\/14649"}],"wp:featuredmedia":[{"embeddable":true,"href":"https:\/\/engagingsafetysolutions.com\/esp\/wp-json\/wp\/v2\/media\/12532"}],"wp:attachment":[{"href":"https:\/\/engagingsafetysolutions.com\/esp\/wp-json\/wp\/v2\/media?parent=11648"}],"wp:term":[{"taxonomy":"product_brand","embeddable":true,"href":"https:\/\/engagingsafetysolutions.com\/esp\/wp-json\/wp\/v2\/product_brand?post=11648"},{"taxonomy":"product_cat","embeddable":true,"href":"https:\/\/engagingsafetysolutions.com\/esp\/wp-json\/wp\/v2\/product_cat?post=11648"},{"taxonomy":"product_tag","embeddable":true,"href":"https:\/\/engagingsafetysolutions.com\/esp\/wp-json\/wp\/v2\/product_tag?post=11648"}],"curies":[{"name":"wp","href":"https:\/\/api.w.org\/{rel}","templated":true}]}}