{"id":11645,"date":"2020-05-08T00:52:51","date_gmt":"2020-05-08T00:52:51","guid":{"rendered":"https:\/\/engagingsafetysolutions.com\/esp\/product\/peligros-de-quedar-atrapado-adentro-o-entremedio-en-los-ambientes-de-construccion\/"},"modified":"2025-08-18T16:46:00","modified_gmt":"2025-08-18T16:46:00","slug":"peligros-de-quedar-atrapado-adentro-o-entremedio-en-los-ambientes-de-construccion","status":"publish","type":"product","link":"https:\/\/engagingsafetysolutions.com\/esp\/product\/peligros-de-quedar-atrapado-adentro-o-entremedio-en-los-ambientes-de-construccion\/","title":{"rendered":"Peligros de Quedar Atrapado Adentro o Entremedio en los Ambientes de Construcci\u00f3n"},"content":{"rendered":"<p>El programa Atrapado en \/ Entre Peligros en Entornos de Construcci\u00f3n proporciona la informaci\u00f3n que los empleados necesitan para reconocer los peligros atrapados \/ intermedios que est\u00e1n asociados con las tareas de construcci\u00f3n y evitarlos antes de que ocurran accidentes. Los accidentes atrapados en \/ entre ocurren cuando una persona es apretada, atrapada, aplastada, pellizcada o comprimida entre dos o m\u00e1s objetos. Son una de las cuatro causas principales de muertes en trabajos de construcci\u00f3n y tambi\u00e9n pueden provocar lesiones graves. El programa  incluye informaci\u00f3n sobre qu\u00e9 son los peligros atrapados \/ intermedios, los tres tipos principales de peligros atrapados \/ intermedios, zanjas, andamios y demolici\u00f3n, veh\u00edculos y equipos pesados, herramientas y maquinaria el\u00e9ctricas y m\u00e1s.<\/p>\n","protected":false},"excerpt":{"rendered":"<p>El programa Atrapados\/Intermedios en Entornos de Construcci\u00f3n proporciona la informaci\u00f3n que los empleados necesitan para reconocer los peligros atrapados\/intermedios asociados con las tareas de construcci\u00f3n y evitarlos antes de que ocurran accidentes. <\/p>\n","protected":false},"featured_media":14250,"template":"","meta":{"_uag_custom_page_level_css":""},"product_brand":[],"product_cat":[68,51,32,52],"product_tag":[],"class_list":{"0":"post-11645","1":"product","2":"type-product","3":"status-publish","4":"has-post-thumbnail","6":"product_cat-dvd-2","7":"product_cat-elearning","8":"product_cat-usb","9":"product_cat-videos-en-demanda","11":"first","12":"instock","13":"sold-individually","14":"taxable","15":"shipping-taxable","16":"purchasable","17":"product-type-variable","18":"has-default-attributes"},"aioseo_notices":[],"uagb_featured_image_src":{"full":["https:\/\/engagingsafetysolutions.com\/esp\/wp-content\/uploads\/RCK_Caught-Between_276_vid_EN-FINAL.mov.01_05_24_10.Still010.jpg",1920,1080,false],"thumbnail":["https:\/\/engagingsafetysolutions.com\/esp\/wp-content\/uploads\/RCK_Caught-Between_276_vid_EN-FINAL.mov.01_05_24_10.Still010-150x150.jpg",150,150,true],"medium":["https:\/\/engagingsafetysolutions.com\/esp\/wp-content\/uploads\/RCK_Caught-Between_276_vid_EN-FINAL.mov.01_05_24_10.Still010-300x169.jpg",300,169,true],"medium_large":["https:\/\/engagingsafetysolutions.com\/esp\/wp-content\/uploads\/RCK_Caught-Between_276_vid_EN-FINAL.mov.01_05_24_10.Still010-768x432.jpg",768,432,true],"large":["https:\/\/engagingsafetysolutions.com\/esp\/wp-content\/uploads\/RCK_Caught-Between_276_vid_EN-FINAL.mov.01_05_24_10.Still010-1024x576.jpg",1024,576,true],"1536x1536":["https:\/\/engagingsafetysolutions.com\/esp\/wp-content\/uploads\/RCK_Caught-Between_276_vid_EN-FINAL.mov.01_05_24_10.Still010-1536x864.jpg",1536,864,true],"2048x2048":["https:\/\/engagingsafetysolutions.com\/esp\/wp-content\/uploads\/RCK_Caught-Between_276_vid_EN-FINAL.mov.01_05_24_10.Still010.jpg",1920,1080,false],"woocommerce_thumbnail":["https:\/\/engagingsafetysolutions.com\/esp\/wp-content\/uploads\/RCK_Caught-Between_276_vid_EN-FINAL.mov.01_05_24_10.Still010-300x225.jpg",300,225,true],"woocommerce_single":["https:\/\/engagingsafetysolutions.com\/esp\/wp-content\/uploads\/RCK_Caught-Between_276_vid_EN-FINAL.mov.01_05_24_10.Still010-640x360.jpg",640,360,true],"woocommerce_gallery_thumbnail":["https:\/\/engagingsafetysolutions.com\/esp\/wp-content\/uploads\/RCK_Caught-Between_276_vid_EN-FINAL.mov.01_05_24_10.Still010-100x100.jpg",100,100,true],"dgwt-wcas-product-suggestion":["https:\/\/engagingsafetysolutions.com\/esp\/wp-content\/uploads\/RCK_Caught-Between_276_vid_EN-FINAL.mov.01_05_24_10.Still010-64x36.jpg",64,36,true]},"uagb_author_info":{"display_name":"evagomez","author_link":"https:\/\/engagingsafetysolutions.com\/esp\/author\/"},"uagb_comment_info":0,"uagb_excerpt":"El programa Atrapados\/Intermedios en Entornos de Construcci\u00f3n proporciona la informaci\u00f3n que los empleados necesitan para reconocer los peligros atrapados\/intermedios asociados con las tareas de construcci\u00f3n y evitarlos antes de que ocurran accidentes.","_links":{"self":[{"href":"https:\/\/engagingsafetysolutions.com\/esp\/wp-json\/wp\/v2\/product\/11645","targetHints":{"allow":["GET"]}}],"collection":[{"href":"https:\/\/engagingsafetysolutions.com\/esp\/wp-json\/wp\/v2\/product"}],"about":[{"href":"https:\/\/engagingsafetysolutions.com\/esp\/wp-json\/wp\/v2\/types\/product"}],"version-history":[{"count":5,"href":"https:\/\/engagingsafetysolutions.com\/esp\/wp-json\/wp\/v2\/product\/11645\/revisions"}],"predecessor-version":[{"id":14647,"href":"https:\/\/engagingsafetysolutions.com\/esp\/wp-json\/wp\/v2\/product\/11645\/revisions\/14647"}],"wp:featuredmedia":[{"embeddable":true,"href":"https:\/\/engagingsafetysolutions.com\/esp\/wp-json\/wp\/v2\/media\/14250"}],"wp:attachment":[{"href":"https:\/\/engagingsafetysolutions.com\/esp\/wp-json\/wp\/v2\/media?parent=11645"}],"wp:term":[{"taxonomy":"product_brand","embeddable":true,"href":"https:\/\/engagingsafetysolutions.com\/esp\/wp-json\/wp\/v2\/product_brand?post=11645"},{"taxonomy":"product_cat","embeddable":true,"href":"https:\/\/engagingsafetysolutions.com\/esp\/wp-json\/wp\/v2\/product_cat?post=11645"},{"taxonomy":"product_tag","embeddable":true,"href":"https:\/\/engagingsafetysolutions.com\/esp\/wp-json\/wp\/v2\/product_tag?post=11645"}],"curies":[{"name":"wp","href":"https:\/\/api.w.org\/{rel}","templated":true}]}}