{"id":11644,"date":"2020-05-08T00:52:50","date_gmt":"2020-05-08T00:52:50","guid":{"rendered":"https:\/\/engagingsafetysolutions.com\/esp\/product\/peligros-de-impacto-en-los-ambientes-de-construccion\/"},"modified":"2025-08-18T16:46:00","modified_gmt":"2025-08-18T16:46:00","slug":"peligros-de-impacto-en-los-ambientes-de-construccion","status":"publish","type":"product","link":"https:\/\/engagingsafetysolutions.com\/esp\/product\/peligros-de-impacto-en-los-ambientes-de-construccion\/","title":{"rendered":"Peligros de Impacto en los Ambientes de Construcci\u00f3n"},"content":{"rendered":"<p>El programa Peligros de golpes en entornos de construcci\u00f3n proporciona la informaci\u00f3n que los empleados necesitan para reconocer los peligros de golpes asociados con las tareas de construcci\u00f3n y tomar medidas para evitarlos antes de que ocurran accidentes. Los accidentes por atropello ocurren cuando una persona es golpeada por un objeto en movimiento. En los sitios de construcci\u00f3n, esto puede incluir ser golpeado en la cabeza por un martillo que cae, golpeado por part\u00edculas lanzadas desde una amoladora, golpeado por un cami\u00f3n que est\u00e1 retrocediendo o golpeado por una carga de paneles de yeso que se est\u00e1 izando. Los accidentes por golpes son una de las cuatro causas principales de muertes en trabajos de construcci\u00f3n y tambi\u00e9n pueden provocar lesiones graves. Pero no tienen por qu\u00e9 suceder. El programa  incluye informaci\u00f3n sobre qu\u00e9 son los peligros de golpes, equipo de protecci\u00f3n personal, seguridad vial, equipo pesado, herramientas manuales y el\u00e9ctricas, paredes de mamposter\u00eda, trabajos a\u00e9reos y materiales de construcci\u00f3n, y m\u00e1s.<\/p>\n","protected":false},"excerpt":{"rendered":"<p>El programa Peligros de golpes en entornos de construcci\u00f3n proporciona la informaci\u00f3n que los empleados necesitan para reconocer los peligros de golpes asociados con las tareas de construcci\u00f3n y tomar medidas para evitarlos antes de que ocurran accidentes. <\/p>\n","protected":false},"featured_media":12451,"template":"","meta":{"_uag_custom_page_level_css":""},"product_brand":[],"product_cat":[68,51,32,52],"product_tag":[],"class_list":{"0":"post-11644","1":"product","2":"type-product","3":"status-publish","4":"has-post-thumbnail","6":"product_cat-dvd-2","7":"product_cat-elearning","8":"product_cat-usb","9":"product_cat-videos-en-demanda","11":"first","12":"instock","13":"sold-individually","14":"taxable","15":"shipping-taxable","16":"purchasable","17":"product-type-variable","18":"has-default-attributes"},"aioseo_notices":[],"uagb_featured_image_src":{"full":["https:\/\/engagingsafetysolutions.com\/esp\/wp-content\/uploads\/con_277_action_photo.jpg",1920,1080,false],"thumbnail":["https:\/\/engagingsafetysolutions.com\/esp\/wp-content\/uploads\/con_277_action_photo-150x150.jpg",150,150,true],"medium":["https:\/\/engagingsafetysolutions.com\/esp\/wp-content\/uploads\/con_277_action_photo-300x169.jpg",300,169,true],"medium_large":["https:\/\/engagingsafetysolutions.com\/esp\/wp-content\/uploads\/con_277_action_photo-768x432.jpg",768,432,true],"large":["https:\/\/engagingsafetysolutions.com\/esp\/wp-content\/uploads\/con_277_action_photo-1024x576.jpg",1024,576,true],"1536x1536":["https:\/\/engagingsafetysolutions.com\/esp\/wp-content\/uploads\/con_277_action_photo-1536x864.jpg",1536,864,true],"2048x2048":["https:\/\/engagingsafetysolutions.com\/esp\/wp-content\/uploads\/con_277_action_photo.jpg",1920,1080,false],"woocommerce_thumbnail":["https:\/\/engagingsafetysolutions.com\/esp\/wp-content\/uploads\/con_277_action_photo-300x225.jpg",300,225,true],"woocommerce_single":["https:\/\/engagingsafetysolutions.com\/esp\/wp-content\/uploads\/con_277_action_photo-640x360.jpg",640,360,true],"woocommerce_gallery_thumbnail":["https:\/\/engagingsafetysolutions.com\/esp\/wp-content\/uploads\/con_277_action_photo-100x100.jpg",100,100,true],"dgwt-wcas-product-suggestion":["https:\/\/engagingsafetysolutions.com\/esp\/wp-content\/uploads\/con_277_action_photo-64x36.jpg",64,36,true]},"uagb_author_info":{"display_name":"evagomez","author_link":"https:\/\/engagingsafetysolutions.com\/esp\/author\/"},"uagb_comment_info":0,"uagb_excerpt":"El programa Peligros de golpes en entornos de construcci\u00f3n proporciona la informaci\u00f3n que los empleados necesitan para reconocer los peligros de golpes asociados con las tareas de construcci\u00f3n y tomar medidas para evitarlos antes de que ocurran accidentes.","_links":{"self":[{"href":"https:\/\/engagingsafetysolutions.com\/esp\/wp-json\/wp\/v2\/product\/11644","targetHints":{"allow":["GET"]}}],"collection":[{"href":"https:\/\/engagingsafetysolutions.com\/esp\/wp-json\/wp\/v2\/product"}],"about":[{"href":"https:\/\/engagingsafetysolutions.com\/esp\/wp-json\/wp\/v2\/types\/product"}],"version-history":[{"count":2,"href":"https:\/\/engagingsafetysolutions.com\/esp\/wp-json\/wp\/v2\/product\/11644\/revisions"}],"predecessor-version":[{"id":14646,"href":"https:\/\/engagingsafetysolutions.com\/esp\/wp-json\/wp\/v2\/product\/11644\/revisions\/14646"}],"wp:featuredmedia":[{"embeddable":true,"href":"https:\/\/engagingsafetysolutions.com\/esp\/wp-json\/wp\/v2\/media\/12451"}],"wp:attachment":[{"href":"https:\/\/engagingsafetysolutions.com\/esp\/wp-json\/wp\/v2\/media?parent=11644"}],"wp:term":[{"taxonomy":"product_brand","embeddable":true,"href":"https:\/\/engagingsafetysolutions.com\/esp\/wp-json\/wp\/v2\/product_brand?post=11644"},{"taxonomy":"product_cat","embeddable":true,"href":"https:\/\/engagingsafetysolutions.com\/esp\/wp-json\/wp\/v2\/product_cat?post=11644"},{"taxonomy":"product_tag","embeddable":true,"href":"https:\/\/engagingsafetysolutions.com\/esp\/wp-json\/wp\/v2\/product_tag?post=11644"}],"curies":[{"name":"wp","href":"https:\/\/api.w.org\/{rel}","templated":true}]}}