{"id":11643,"date":"2020-05-08T00:52:49","date_gmt":"2020-05-08T00:52:49","guid":{"rendered":"https:\/\/engagingsafetysolutions.com\/esp\/product\/peligros-de-electrocucion-en-ambientes-de-construccion-parte-i-tipos-de-peligros-y-como-protegerse-de-ellos\/"},"modified":"2025-08-18T16:43:36","modified_gmt":"2025-08-18T16:43:36","slug":"peligros-de-electrocucion-en-ambientes-de-construccion-parte-i-tipos-de-peligros-y-como-protegerse-de-ellos","status":"publish","type":"product","link":"https:\/\/engagingsafetysolutions.com\/esp\/product\/peligros-de-electrocucion-en-ambientes-de-construccion-parte-i-tipos-de-peligros-y-como-protegerse-de-ellos\/","title":{"rendered":"Peligros de Electrocuci\u00f3n Parte I Seguridad en la Obra"},"content":{"rendered":"<p>El primero de una serie de dos partes sobre riesgos de electrocuci\u00f3n, Riesgos de electrocuci\u00f3n Parte I: Programa de seguridad en el lugar de trabajo analiza los peligros el\u00e9ctricos que se pueden encontrar en un lugar de trabajo, los est\u00e1ndares de OSHA que se han establecido para proteger a los trabajadores de ellos y lo que los empleados deben hacer para evitar accidentes y lesiones relacionadas con la electricidad. Hacer las cosas en un lugar de trabajo puede requerir mucha energ\u00eda el\u00e9ctrica, y es f\u00e1cil olvidar que la electricidad puede causar descargas dolorosas, quemaduras &#8230; incluso &#8220;electrocuci\u00f3n&#8221;. Cada a\u00f1o, causa cientos de muertes y miles de lesiones en la industria de la construcci\u00f3n. Pero estos incidentes podr\u00edan haberse evitado. El programa incluye informaci\u00f3n sobre peligros el\u00e9ctricos y normas de OSHA, l\u00edneas el\u00e9ctricas de alto voltaje, herramientas, cables de extensi\u00f3n y recept\u00e1culos, conexi\u00f3n a tierra, continuidad y GFCI, bloqueo\/etiquetado y m\u00e1s.<\/p>\n","protected":false},"excerpt":{"rendered":"<p>El primero de una serie de dos partes sobre riesgos de electrocuci\u00f3n, Riesgos de electrocuci\u00f3n Parte I: Programa de seguridad en el lugar de trabajo analiza los peligros el\u00e9ctricos que se pueden encontrar en un lugar de trabajo, los est\u00e1ndares de OSHA que se han establecido para proteger a los trabajadores de ellos y lo que los empleados deben hacer para evitar accidentes y lesiones relacionadas con la electricidad. <\/p>\n","protected":false},"featured_media":14147,"template":"","meta":{"_uag_custom_page_level_css":""},"product_brand":[],"product_cat":[68,51,32,52],"product_tag":[],"class_list":{"0":"post-11643","1":"product","2":"type-product","3":"status-publish","4":"has-post-thumbnail","6":"product_cat-dvd-2","7":"product_cat-elearning","8":"product_cat-usb","9":"product_cat-videos-en-demanda","11":"first","12":"instock","13":"sold-individually","14":"taxable","15":"shipping-taxable","16":"purchasable","17":"product-type-variable","18":"has-default-attributes"},"aioseo_notices":[],"uagb_featured_image_src":{"full":["https:\/\/engagingsafetysolutions.com\/esp\/wp-content\/uploads\/Electrocution-Part-1.Still002.jpg",360,240,false],"thumbnail":["https:\/\/engagingsafetysolutions.com\/esp\/wp-content\/uploads\/Electrocution-Part-1.Still002-150x150.jpg",150,150,true],"medium":["https:\/\/engagingsafetysolutions.com\/esp\/wp-content\/uploads\/Electrocution-Part-1.Still002-300x200.jpg",300,200,true],"medium_large":["https:\/\/engagingsafetysolutions.com\/esp\/wp-content\/uploads\/Electrocution-Part-1.Still002.jpg",360,240,false],"large":["https:\/\/engagingsafetysolutions.com\/esp\/wp-content\/uploads\/Electrocution-Part-1.Still002.jpg",360,240,false],"1536x1536":["https:\/\/engagingsafetysolutions.com\/esp\/wp-content\/uploads\/Electrocution-Part-1.Still002.jpg",360,240,false],"2048x2048":["https:\/\/engagingsafetysolutions.com\/esp\/wp-content\/uploads\/Electrocution-Part-1.Still002.jpg",360,240,false],"woocommerce_thumbnail":["https:\/\/engagingsafetysolutions.com\/esp\/wp-content\/uploads\/Electrocution-Part-1.Still002-300x225.jpg",300,225,true],"woocommerce_single":["https:\/\/engagingsafetysolutions.com\/esp\/wp-content\/uploads\/Electrocution-Part-1.Still002.jpg",360,240,false],"woocommerce_gallery_thumbnail":["https:\/\/engagingsafetysolutions.com\/esp\/wp-content\/uploads\/Electrocution-Part-1.Still002-100x100.jpg",100,100,true],"dgwt-wcas-product-suggestion":["https:\/\/engagingsafetysolutions.com\/esp\/wp-content\/uploads\/Electrocution-Part-1.Still002-64x43.jpg",64,43,true]},"uagb_author_info":{"display_name":"evagomez","author_link":"https:\/\/engagingsafetysolutions.com\/esp\/author\/"},"uagb_comment_info":0,"uagb_excerpt":"El primero de una serie de dos partes sobre riesgos de electrocuci\u00f3n, Riesgos de electrocuci\u00f3n Parte I: Programa de seguridad en el lugar de trabajo analiza los peligros el\u00e9ctricos que se pueden encontrar en un lugar de trabajo, los est\u00e1ndares de OSHA que se han establecido para proteger a los trabajadores de ellos y lo&hellip;","_links":{"self":[{"href":"https:\/\/engagingsafetysolutions.com\/esp\/wp-json\/wp\/v2\/product\/11643","targetHints":{"allow":["GET"]}}],"collection":[{"href":"https:\/\/engagingsafetysolutions.com\/esp\/wp-json\/wp\/v2\/product"}],"about":[{"href":"https:\/\/engagingsafetysolutions.com\/esp\/wp-json\/wp\/v2\/types\/product"}],"version-history":[{"count":5,"href":"https:\/\/engagingsafetysolutions.com\/esp\/wp-json\/wp\/v2\/product\/11643\/revisions"}],"predecessor-version":[{"id":14645,"href":"https:\/\/engagingsafetysolutions.com\/esp\/wp-json\/wp\/v2\/product\/11643\/revisions\/14645"}],"wp:featuredmedia":[{"embeddable":true,"href":"https:\/\/engagingsafetysolutions.com\/esp\/wp-json\/wp\/v2\/media\/14147"}],"wp:attachment":[{"href":"https:\/\/engagingsafetysolutions.com\/esp\/wp-json\/wp\/v2\/media?parent=11643"}],"wp:term":[{"taxonomy":"product_brand","embeddable":true,"href":"https:\/\/engagingsafetysolutions.com\/esp\/wp-json\/wp\/v2\/product_brand?post=11643"},{"taxonomy":"product_cat","embeddable":true,"href":"https:\/\/engagingsafetysolutions.com\/esp\/wp-json\/wp\/v2\/product_cat?post=11643"},{"taxonomy":"product_tag","embeddable":true,"href":"https:\/\/engagingsafetysolutions.com\/esp\/wp-json\/wp\/v2\/product_tag?post=11643"}],"curies":[{"name":"wp","href":"https:\/\/api.w.org\/{rel}","templated":true}]}}