{"id":11641,"date":"2020-05-08T00:52:48","date_gmt":"2020-05-08T00:52:48","guid":{"rendered":"https:\/\/engagingsafetysolutions.com\/esp\/product\/patogenos-presentes-en-la-sangre-en-instalaciones-comerciales-e-industriales\/"},"modified":"2025-08-18T16:46:01","modified_gmt":"2025-08-18T16:46:01","slug":"patogenos-presentes-en-la-sangre-en-instalaciones-comerciales-e-industriales","status":"publish","type":"product","link":"https:\/\/engagingsafetysolutions.com\/esp\/product\/patogenos-presentes-en-la-sangre-en-instalaciones-comerciales-e-industriales\/","title":{"rendered":"Pat\u00f3genos Presentes en la Sangre en Instalaciones Comerciales e Industriales"},"content":{"rendered":"<p>El Programa de Pat\u00f3genos Transmitidos por la Sangre en Instalaciones Comerciales e Industriales proporciona informaci\u00f3n esencial al tiempo que ayuda a las organizaciones comerciales e industriales a cumplir con los requisitos de capacitaci\u00f3n contenidos en la Norma de Pat\u00f3genos Transmitidos por la Sangre de OSHA. Las enfermedades transmitidas por la sangre siguen planteando importantes problemas de salud. El aumento de las tasas de infecci\u00f3n por hepatitis B y hepatitis C las est\u00e1 convirtiendo en una preocupaci\u00f3n tan grave como el VIH, el virus que a menudo puede provocar el SIDA. Por lo tanto, es m\u00e1s importante que nunca que los empleados comprendan los peligros de los pat\u00f3genos transmitidos por la sangre, las pol\u00edticas y pr\u00e1cticas que pueden prevenir su transmisi\u00f3n y las regulaciones de OSHA que los abordan. El programa incluye informaci\u00f3n sobre pat\u00f3genos transmitidos por la sangre: VIH y hepatitis, infecci\u00f3n y el plan de control de exposici\u00f3n, m\u00e9todos de control de exposici\u00f3n, protecci\u00f3n personal y vacunaci\u00f3n, limpieza y desechos regulados, procedimientos de exposici\u00f3n accidental y m\u00e1s.<\/p>\n","protected":false},"excerpt":{"rendered":"<p>El Programa de Pat\u00f3genos Transmitidos por la Sangre en Instalaciones Comerciales e Industriales proporciona informaci\u00f3n esencial al tiempo que ayuda a las organizaciones comerciales e industriales a cumplir con los requisitos de capacitaci\u00f3n contenidos en la Norma de Pat\u00f3genos Transmitidos por la Sangre de OSHA. <\/p>\n","protected":false},"featured_media":12534,"template":"","meta":{"_uag_custom_page_level_css":""},"product_brand":[],"product_cat":[68,51,32,52],"product_tag":[],"class_list":{"0":"post-11641","1":"product","2":"type-product","3":"status-publish","4":"has-post-thumbnail","6":"product_cat-dvd-2","7":"product_cat-elearning","8":"product_cat-usb","9":"product_cat-videos-en-demanda","11":"first","12":"instock","13":"sold-individually","14":"taxable","15":"shipping-taxable","16":"purchasable","17":"product-type-variable","18":"has-default-attributes"},"aioseo_notices":[],"uagb_featured_image_src":{"full":["https:\/\/engagingsafetysolutions.com\/esp\/wp-content\/uploads\/rck_244_action_photo.jpg",1920,1080,false],"thumbnail":["https:\/\/engagingsafetysolutions.com\/esp\/wp-content\/uploads\/rck_244_action_photo-150x150.jpg",150,150,true],"medium":["https:\/\/engagingsafetysolutions.com\/esp\/wp-content\/uploads\/rck_244_action_photo-300x169.jpg",300,169,true],"medium_large":["https:\/\/engagingsafetysolutions.com\/esp\/wp-content\/uploads\/rck_244_action_photo-768x432.jpg",768,432,true],"large":["https:\/\/engagingsafetysolutions.com\/esp\/wp-content\/uploads\/rck_244_action_photo-1024x576.jpg",1024,576,true],"1536x1536":["https:\/\/engagingsafetysolutions.com\/esp\/wp-content\/uploads\/rck_244_action_photo-1536x864.jpg",1536,864,true],"2048x2048":["https:\/\/engagingsafetysolutions.com\/esp\/wp-content\/uploads\/rck_244_action_photo.jpg",1920,1080,false],"woocommerce_thumbnail":["https:\/\/engagingsafetysolutions.com\/esp\/wp-content\/uploads\/rck_244_action_photo-300x225.jpg",300,225,true],"woocommerce_single":["https:\/\/engagingsafetysolutions.com\/esp\/wp-content\/uploads\/rck_244_action_photo-640x360.jpg",640,360,true],"woocommerce_gallery_thumbnail":["https:\/\/engagingsafetysolutions.com\/esp\/wp-content\/uploads\/rck_244_action_photo-100x100.jpg",100,100,true],"dgwt-wcas-product-suggestion":["https:\/\/engagingsafetysolutions.com\/esp\/wp-content\/uploads\/rck_244_action_photo-64x36.jpg",64,36,true]},"uagb_author_info":{"display_name":"evagomez","author_link":"https:\/\/engagingsafetysolutions.com\/esp\/author\/"},"uagb_comment_info":0,"uagb_excerpt":"El Programa de Pat\u00f3genos Transmitidos por la Sangre en Instalaciones Comerciales e Industriales proporciona informaci\u00f3n esencial al tiempo que ayuda a las organizaciones comerciales e industriales a cumplir con los requisitos de capacitaci\u00f3n contenidos en la Norma de Pat\u00f3genos Transmitidos por la Sangre de OSHA.","_links":{"self":[{"href":"https:\/\/engagingsafetysolutions.com\/esp\/wp-json\/wp\/v2\/product\/11641","targetHints":{"allow":["GET"]}}],"collection":[{"href":"https:\/\/engagingsafetysolutions.com\/esp\/wp-json\/wp\/v2\/product"}],"about":[{"href":"https:\/\/engagingsafetysolutions.com\/esp\/wp-json\/wp\/v2\/types\/product"}],"version-history":[{"count":3,"href":"https:\/\/engagingsafetysolutions.com\/esp\/wp-json\/wp\/v2\/product\/11641\/revisions"}],"predecessor-version":[{"id":14643,"href":"https:\/\/engagingsafetysolutions.com\/esp\/wp-json\/wp\/v2\/product\/11641\/revisions\/14643"}],"wp:featuredmedia":[{"embeddable":true,"href":"https:\/\/engagingsafetysolutions.com\/esp\/wp-json\/wp\/v2\/media\/12534"}],"wp:attachment":[{"href":"https:\/\/engagingsafetysolutions.com\/esp\/wp-json\/wp\/v2\/media?parent=11641"}],"wp:term":[{"taxonomy":"product_brand","embeddable":true,"href":"https:\/\/engagingsafetysolutions.com\/esp\/wp-json\/wp\/v2\/product_brand?post=11641"},{"taxonomy":"product_cat","embeddable":true,"href":"https:\/\/engagingsafetysolutions.com\/esp\/wp-json\/wp\/v2\/product_cat?post=11641"},{"taxonomy":"product_tag","embeddable":true,"href":"https:\/\/engagingsafetysolutions.com\/esp\/wp-json\/wp\/v2\/product_tag?post=11641"}],"curies":[{"name":"wp","href":"https:\/\/api.w.org\/{rel}","templated":true}]}}