{"id":11638,"date":"2020-05-08T00:52:46","date_gmt":"2020-05-08T00:52:46","guid":{"rendered":"https:\/\/engagingsafetysolutions.com\/esp\/product\/orientacion-de-seguridad-en-ambientes-de-construccion\/"},"modified":"2025-08-18T16:44:54","modified_gmt":"2025-08-18T16:44:54","slug":"orientacion-de-seguridad-en-ambientes-de-construccion","status":"publish","type":"product","link":"https:\/\/engagingsafetysolutions.com\/esp\/product\/orientacion-de-seguridad-en-ambientes-de-construccion\/","title":{"rendered":"Orientaci\u00f3n de Seguridad en Ambientes de Construcci\u00f3n"},"content":{"rendered":"<p>El programa de orientaci\u00f3n de seguridad en entornos de construcci\u00f3n analiza los peligros comunes que se pueden encontrar en un lugar de trabajo y las pr\u00e1cticas y equipos seguros que los trabajadores pueden usar para evitar lesiones. Cada a\u00f1o, los accidentes en el trabajo causan millones de lesiones dolorosas y, a veces, debilitantes, y cuestan a las empresas estadounidenses casi $ 90 mil millones de d\u00f3lares en facturas m\u00e9dicas, salarios perdidos y p\u00e9rdida de productividad. Pero la mayor\u00eda de estos incidentes se pueden prevenir. El programa incluye informaci\u00f3n sobre la preparaci\u00f3n mental para el trabajo, la limpieza de seguridad y la prevenci\u00f3n de accidentes, el equipo de protecci\u00f3n personal, las pr\u00e1cticas de trabajo seguras, la preparaci\u00f3n para emergencias y m\u00e1s.<\/p>\n","protected":false},"excerpt":{"rendered":"<p>El programa de orientaci\u00f3n de seguridad analiza los peligros comunes relacionados con el trabajo y las pr\u00e1cticas y equipos seguros que los empleados pueden usar para evitar lesiones. <\/p>\n","protected":false},"featured_media":13417,"template":"","meta":{"_uag_custom_page_level_css":""},"product_brand":[],"product_cat":[68,51,32,52],"product_tag":[],"class_list":{"0":"post-11638","1":"product","2":"type-product","3":"status-publish","4":"has-post-thumbnail","6":"product_cat-dvd-2","7":"product_cat-elearning","8":"product_cat-usb","9":"product_cat-videos-en-demanda","11":"first","12":"instock","13":"sold-individually","14":"taxable","15":"shipping-taxable","16":"purchasable","17":"product-type-variable","18":"has-default-attributes"},"aioseo_notices":[],"uagb_featured_image_src":{"full":["https:\/\/engagingsafetysolutions.com\/esp\/wp-content\/uploads\/CST_427.jpg",1912,1081,false],"thumbnail":["https:\/\/engagingsafetysolutions.com\/esp\/wp-content\/uploads\/CST_427-150x150.jpg",150,150,true],"medium":["https:\/\/engagingsafetysolutions.com\/esp\/wp-content\/uploads\/CST_427-300x170.jpg",300,170,true],"medium_large":["https:\/\/engagingsafetysolutions.com\/esp\/wp-content\/uploads\/CST_427-768x434.jpg",768,434,true],"large":["https:\/\/engagingsafetysolutions.com\/esp\/wp-content\/uploads\/CST_427-1024x579.jpg",1024,579,true],"1536x1536":["https:\/\/engagingsafetysolutions.com\/esp\/wp-content\/uploads\/CST_427-1536x868.jpg",1536,868,true],"2048x2048":["https:\/\/engagingsafetysolutions.com\/esp\/wp-content\/uploads\/CST_427.jpg",1912,1081,false],"woocommerce_thumbnail":["https:\/\/engagingsafetysolutions.com\/esp\/wp-content\/uploads\/CST_427-300x225.jpg",300,225,true],"woocommerce_single":["https:\/\/engagingsafetysolutions.com\/esp\/wp-content\/uploads\/CST_427-640x362.jpg",640,362,true],"woocommerce_gallery_thumbnail":["https:\/\/engagingsafetysolutions.com\/esp\/wp-content\/uploads\/CST_427-100x100.jpg",100,100,true],"dgwt-wcas-product-suggestion":["https:\/\/engagingsafetysolutions.com\/esp\/wp-content\/uploads\/CST_427-64x36.jpg",64,36,true]},"uagb_author_info":{"display_name":"evagomez","author_link":"https:\/\/engagingsafetysolutions.com\/esp\/author\/"},"uagb_comment_info":0,"uagb_excerpt":"El programa de orientaci\u00f3n de seguridad analiza los peligros comunes relacionados con el trabajo y las pr\u00e1cticas y equipos seguros que los empleados pueden usar para evitar lesiones.","_links":{"self":[{"href":"https:\/\/engagingsafetysolutions.com\/esp\/wp-json\/wp\/v2\/product\/11638","targetHints":{"allow":["GET"]}}],"collection":[{"href":"https:\/\/engagingsafetysolutions.com\/esp\/wp-json\/wp\/v2\/product"}],"about":[{"href":"https:\/\/engagingsafetysolutions.com\/esp\/wp-json\/wp\/v2\/types\/product"}],"version-history":[{"count":4,"href":"https:\/\/engagingsafetysolutions.com\/esp\/wp-json\/wp\/v2\/product\/11638\/revisions"}],"predecessor-version":[{"id":14640,"href":"https:\/\/engagingsafetysolutions.com\/esp\/wp-json\/wp\/v2\/product\/11638\/revisions\/14640"}],"wp:featuredmedia":[{"embeddable":true,"href":"https:\/\/engagingsafetysolutions.com\/esp\/wp-json\/wp\/v2\/media\/13417"}],"wp:attachment":[{"href":"https:\/\/engagingsafetysolutions.com\/esp\/wp-json\/wp\/v2\/media?parent=11638"}],"wp:term":[{"taxonomy":"product_brand","embeddable":true,"href":"https:\/\/engagingsafetysolutions.com\/esp\/wp-json\/wp\/v2\/product_brand?post=11638"},{"taxonomy":"product_cat","embeddable":true,"href":"https:\/\/engagingsafetysolutions.com\/esp\/wp-json\/wp\/v2\/product_cat?post=11638"},{"taxonomy":"product_tag","embeddable":true,"href":"https:\/\/engagingsafetysolutions.com\/esp\/wp-json\/wp\/v2\/product_tag?post=11638"}],"curies":[{"name":"wp","href":"https:\/\/api.w.org\/{rel}","templated":true}]}}