{"id":11636,"date":"2020-05-08T00:52:38","date_gmt":"2020-05-08T00:52:38","guid":{"rendered":"https:\/\/engagingsafetysolutions.com\/esp\/product\/orden-y-aseo-orientados-a-la-seguridad-y-prevencion-de-accidentes\/"},"modified":"2025-08-18T16:44:30","modified_gmt":"2025-08-18T16:44:30","slug":"orden-y-aseo-orientados-a-la-seguridad-y-prevencion-de-accidentes","status":"publish","type":"product","link":"https:\/\/engagingsafetysolutions.com\/esp\/product\/orden-y-aseo-orientados-a-la-seguridad-y-prevencion-de-accidentes\/","title":{"rendered":"Orden y Aseo Orientados a la Seguridad y Prevenci\u00f3n de Accidentes"},"content":{"rendered":"<p>El Programa de Seguridad, Limpieza y Prevenci\u00f3n de Accidentes proporciona a los trabajadores la informaci\u00f3n que necesitan para reconocer los peligros en el trabajo y explicar c\u00f3mo pueden prevenirlos. Los accidentes laborales causan casi 5,000 muertes y 3 millones de lesiones cada a\u00f1o. Pero muchos de estos incidentes podr\u00edan haberse evitado. Las buenas pr\u00e1cticas de limpieza y seguridad pueden reducir significativamente los accidentes y lesiones en cualquier tipo de entorno de trabajo. Los empleados deben comprender c\u00f3mo mantener un entorno de trabajo limpio y ordenado y desarrollar otros buenos h\u00e1bitos de seguridad que los ayudar\u00e1n a crear un lugar de trabajo m\u00e1s seguro para todos. El programa sobre c\u00f3mo desarrollar una buena actitud de seguridad, mantener un entorno de trabajo limpio y ordenado, usar herramientas y equipos, identificar y almacenar materiales peligrosos, limpieza y eliminaci\u00f3n de materiales peligrosos, equipo de protecci\u00f3n personal y m\u00e1s.<\/p>\n","protected":false},"excerpt":{"rendered":"<p>El programa de limpieza de seguridad y prevenci\u00f3n de accidentes proporciona a los trabajadores la informaci\u00f3n que necesitan para reconocer los peligros en el trabajo y explicar c\u00f3mo pueden prevenirlos. <\/p>\n","protected":false},"featured_media":12486,"template":"","meta":{"_uag_custom_page_level_css":""},"product_brand":[],"product_cat":[68,51,32,52],"product_tag":[],"class_list":{"0":"post-11636","1":"product","2":"type-product","3":"status-publish","4":"has-post-thumbnail","6":"product_cat-dvd-2","7":"product_cat-elearning","8":"product_cat-usb","9":"product_cat-videos-en-demanda","11":"first","12":"instock","13":"sold-individually","14":"taxable","15":"shipping-taxable","16":"purchasable","17":"product-type-variable","18":"has-default-attributes"},"aioseo_notices":[],"uagb_featured_image_src":{"full":["https:\/\/engagingsafetysolutions.com\/esp\/wp-content\/uploads\/smk_278_action_photo.jpg",1920,1080,false],"thumbnail":["https:\/\/engagingsafetysolutions.com\/esp\/wp-content\/uploads\/smk_278_action_photo-150x150.jpg",150,150,true],"medium":["https:\/\/engagingsafetysolutions.com\/esp\/wp-content\/uploads\/smk_278_action_photo-300x169.jpg",300,169,true],"medium_large":["https:\/\/engagingsafetysolutions.com\/esp\/wp-content\/uploads\/smk_278_action_photo-768x432.jpg",768,432,true],"large":["https:\/\/engagingsafetysolutions.com\/esp\/wp-content\/uploads\/smk_278_action_photo-1024x576.jpg",1024,576,true],"1536x1536":["https:\/\/engagingsafetysolutions.com\/esp\/wp-content\/uploads\/smk_278_action_photo-1536x864.jpg",1536,864,true],"2048x2048":["https:\/\/engagingsafetysolutions.com\/esp\/wp-content\/uploads\/smk_278_action_photo.jpg",1920,1080,false],"woocommerce_thumbnail":["https:\/\/engagingsafetysolutions.com\/esp\/wp-content\/uploads\/smk_278_action_photo-300x225.jpg",300,225,true],"woocommerce_single":["https:\/\/engagingsafetysolutions.com\/esp\/wp-content\/uploads\/smk_278_action_photo-640x360.jpg",640,360,true],"woocommerce_gallery_thumbnail":["https:\/\/engagingsafetysolutions.com\/esp\/wp-content\/uploads\/smk_278_action_photo-100x100.jpg",100,100,true],"dgwt-wcas-product-suggestion":["https:\/\/engagingsafetysolutions.com\/esp\/wp-content\/uploads\/smk_278_action_photo-64x36.jpg",64,36,true]},"uagb_author_info":{"display_name":"evagomez","author_link":"https:\/\/engagingsafetysolutions.com\/esp\/author\/"},"uagb_comment_info":0,"uagb_excerpt":"El programa de limpieza de seguridad y prevenci\u00f3n de accidentes proporciona a los trabajadores la informaci\u00f3n que necesitan para reconocer los peligros en el trabajo y explicar c\u00f3mo pueden prevenirlos.","_links":{"self":[{"href":"https:\/\/engagingsafetysolutions.com\/esp\/wp-json\/wp\/v2\/product\/11636","targetHints":{"allow":["GET"]}}],"collection":[{"href":"https:\/\/engagingsafetysolutions.com\/esp\/wp-json\/wp\/v2\/product"}],"about":[{"href":"https:\/\/engagingsafetysolutions.com\/esp\/wp-json\/wp\/v2\/types\/product"}],"version-history":[{"count":2,"href":"https:\/\/engagingsafetysolutions.com\/esp\/wp-json\/wp\/v2\/product\/11636\/revisions"}],"predecessor-version":[{"id":14638,"href":"https:\/\/engagingsafetysolutions.com\/esp\/wp-json\/wp\/v2\/product\/11636\/revisions\/14638"}],"wp:featuredmedia":[{"embeddable":true,"href":"https:\/\/engagingsafetysolutions.com\/esp\/wp-json\/wp\/v2\/media\/12486"}],"wp:attachment":[{"href":"https:\/\/engagingsafetysolutions.com\/esp\/wp-json\/wp\/v2\/media?parent=11636"}],"wp:term":[{"taxonomy":"product_brand","embeddable":true,"href":"https:\/\/engagingsafetysolutions.com\/esp\/wp-json\/wp\/v2\/product_brand?post=11636"},{"taxonomy":"product_cat","embeddable":true,"href":"https:\/\/engagingsafetysolutions.com\/esp\/wp-json\/wp\/v2\/product_cat?post=11636"},{"taxonomy":"product_tag","embeddable":true,"href":"https:\/\/engagingsafetysolutions.com\/esp\/wp-json\/wp\/v2\/product_tag?post=11636"}],"curies":[{"name":"wp","href":"https:\/\/api.w.org\/{rel}","templated":true}]}}