{"id":11635,"date":"2020-05-08T00:52:37","date_gmt":"2020-05-08T00:52:37","guid":{"rendered":"https:\/\/engagingsafetysolutions.com\/esp\/product\/matonaje-y-otros-comportamientos-perturbadores-para-gerentes-y-supervisores\/"},"modified":"2025-08-18T16:46:00","modified_gmt":"2025-08-18T16:46:00","slug":"matonaje-y-otros-comportamientos-perturbadores-para-gerentes-y-supervisores","status":"publish","type":"product","link":"https:\/\/engagingsafetysolutions.com\/esp\/product\/matonaje-y-otros-comportamientos-perturbadores-para-gerentes-y-supervisores\/","title":{"rendered":"Matonaje y Otros Comportamientos Perturbadores para Gerentes y Supervisores"},"content":{"rendered":"<p>El programa Bullying y otros comportamientos disruptivos: para gerentes y supervisores proporciona la informaci\u00f3n que necesitan para ayudar a prevenir este tipo de comportamiento en su departamento y Enfrentar con \u00e9l cuando sucede. Las palabras &#8220;intimidaci\u00f3n&#8221; y &#8220;comportamiento disruptivo&#8221; a menudo nos hacen pensar en c\u00f3mo act\u00faan a veces los ni\u00f1os. Pero los &#8220;adultos&#8221; que intimidan y se involucran en otras formas de comportamiento disruptivo en el trabajo pueden interferir con el funcionamiento del lugar de trabajo, molestar y amenazar a los compa\u00f1eros de trabajo e incluso afectar su salud. El programa incluye informaci\u00f3n sobre el acoso y sus efectos, otros comportamientos disruptivos, entrenamiento de su departamento sobre el acoso y la interrupci\u00f3n, manejo de un informe de acoso u otra interrupci\u00f3n, respuestas informales e intervenci\u00f3n de concientizaci\u00f3n, niveles adicionales de intervenci\u00f3n y m\u00e1s.<\/p>\n","protected":false},"excerpt":{"rendered":"<p>El programa Bullying y otros comportamientos disruptivos: para gerentes y supervisores proporciona la informaci\u00f3n que necesitan para ayudar a prevenir este tipo de comportamiento en su departamento y Enfrentar con \u00e9l cuando sucede. <\/p>\n","protected":false},"featured_media":12483,"template":"","meta":{"_uag_custom_page_level_css":""},"product_brand":[],"product_cat":[68,51,32,52],"product_tag":[],"class_list":{"0":"post-11635","1":"product","2":"type-product","3":"status-publish","4":"has-post-thumbnail","6":"product_cat-dvd-2","7":"product_cat-elearning","8":"product_cat-usb","9":"product_cat-videos-en-demanda","11":"first","12":"instock","13":"sold-individually","14":"taxable","15":"shipping-taxable","16":"purchasable","17":"product-type-variable","18":"has-default-attributes"},"aioseo_notices":[],"uagb_featured_image_src":{"full":["https:\/\/engagingsafetysolutions.com\/esp\/wp-content\/uploads\/smk_267_action_photo.jpg",1920,1080,false],"thumbnail":["https:\/\/engagingsafetysolutions.com\/esp\/wp-content\/uploads\/smk_267_action_photo-150x150.jpg",150,150,true],"medium":["https:\/\/engagingsafetysolutions.com\/esp\/wp-content\/uploads\/smk_267_action_photo-300x169.jpg",300,169,true],"medium_large":["https:\/\/engagingsafetysolutions.com\/esp\/wp-content\/uploads\/smk_267_action_photo-768x432.jpg",768,432,true],"large":["https:\/\/engagingsafetysolutions.com\/esp\/wp-content\/uploads\/smk_267_action_photo-1024x576.jpg",1024,576,true],"1536x1536":["https:\/\/engagingsafetysolutions.com\/esp\/wp-content\/uploads\/smk_267_action_photo-1536x864.jpg",1536,864,true],"2048x2048":["https:\/\/engagingsafetysolutions.com\/esp\/wp-content\/uploads\/smk_267_action_photo.jpg",1920,1080,false],"woocommerce_thumbnail":["https:\/\/engagingsafetysolutions.com\/esp\/wp-content\/uploads\/smk_267_action_photo-300x225.jpg",300,225,true],"woocommerce_single":["https:\/\/engagingsafetysolutions.com\/esp\/wp-content\/uploads\/smk_267_action_photo-640x360.jpg",640,360,true],"woocommerce_gallery_thumbnail":["https:\/\/engagingsafetysolutions.com\/esp\/wp-content\/uploads\/smk_267_action_photo-100x100.jpg",100,100,true],"dgwt-wcas-product-suggestion":["https:\/\/engagingsafetysolutions.com\/esp\/wp-content\/uploads\/smk_267_action_photo-64x36.jpg",64,36,true]},"uagb_author_info":{"display_name":"evagomez","author_link":"https:\/\/engagingsafetysolutions.com\/esp\/author\/"},"uagb_comment_info":0,"uagb_excerpt":"El programa Bullying y otros comportamientos disruptivos: para gerentes y supervisores proporciona la informaci\u00f3n que necesitan para ayudar a prevenir este tipo de comportamiento en su departamento y Enfrentar con \u00e9l cuando sucede.","_links":{"self":[{"href":"https:\/\/engagingsafetysolutions.com\/esp\/wp-json\/wp\/v2\/product\/11635","targetHints":{"allow":["GET"]}}],"collection":[{"href":"https:\/\/engagingsafetysolutions.com\/esp\/wp-json\/wp\/v2\/product"}],"about":[{"href":"https:\/\/engagingsafetysolutions.com\/esp\/wp-json\/wp\/v2\/types\/product"}],"version-history":[{"count":3,"href":"https:\/\/engagingsafetysolutions.com\/esp\/wp-json\/wp\/v2\/product\/11635\/revisions"}],"predecessor-version":[{"id":14637,"href":"https:\/\/engagingsafetysolutions.com\/esp\/wp-json\/wp\/v2\/product\/11635\/revisions\/14637"}],"wp:featuredmedia":[{"embeddable":true,"href":"https:\/\/engagingsafetysolutions.com\/esp\/wp-json\/wp\/v2\/media\/12483"}],"wp:attachment":[{"href":"https:\/\/engagingsafetysolutions.com\/esp\/wp-json\/wp\/v2\/media?parent=11635"}],"wp:term":[{"taxonomy":"product_brand","embeddable":true,"href":"https:\/\/engagingsafetysolutions.com\/esp\/wp-json\/wp\/v2\/product_brand?post=11635"},{"taxonomy":"product_cat","embeddable":true,"href":"https:\/\/engagingsafetysolutions.com\/esp\/wp-json\/wp\/v2\/product_cat?post=11635"},{"taxonomy":"product_tag","embeddable":true,"href":"https:\/\/engagingsafetysolutions.com\/esp\/wp-json\/wp\/v2\/product_tag?post=11635"}],"curies":[{"name":"wp","href":"https:\/\/api.w.org\/{rel}","templated":true}]}}