{"id":11634,"date":"2020-05-08T00:52:35","date_gmt":"2020-05-08T00:52:35","guid":{"rendered":"https:\/\/engagingsafetysolutions.com\/esp\/product\/matonaje-y-otros-comportamientos-perturbadores-para-empleados\/"},"modified":"2025-08-18T16:46:00","modified_gmt":"2025-08-18T16:46:00","slug":"matonaje-y-otros-comportamientos-perturbadores-para-empleados","status":"publish","type":"product","link":"https:\/\/engagingsafetysolutions.com\/esp\/product\/matonaje-y-otros-comportamientos-perturbadores-para-empleados\/","title":{"rendered":"Matonaje y Otros Comportamientos Perturbadores para Empleados"},"content":{"rendered":"<p>El programa Bullying y otros comportamientos disruptivos: para empleados proporciona la informaci\u00f3n que los empleados necesitan para comprender este tipo de comportamiento y saber c\u00f3mo cerrarlo cuando sucede. Miedo, ira, frustraci\u00f3n, humillaci\u00f3n, impotencia&#8230; Estos sentimientos no deber\u00edan ser parte de la descripci\u00f3n del trabajo de nadie. Pero pueden ser comunes en lugares de trabajo donde el acoso y otros comportamientos disruptivos son un problema. M\u00e1s del 35% de los empleados en los EE. UU. dicen que han trabajado con un acosador. Y la intimidaci\u00f3n y otros comportamientos disruptivos no solo da\u00f1an a los trabajadores, sino que tambi\u00e9n pueden da\u00f1ar el negocio. El programa incluye informaci\u00f3n sobre los acosadores en el lugar de trabajo y lo que hacen, los efectos del acoso en el lugar de trabajo, c\u00f3mo manejar a un acosador en el lugar de trabajo, otros comportamientos disruptivos, desactivar el comportamiento disruptivo y m\u00e1s.<\/p>\n","protected":false},"excerpt":{"rendered":"<p>El programa Bullying y otros comportamientos disruptivos: para empleados proporciona la informaci\u00f3n que los empleados necesitan para comprender este tipo de comportamiento y saber c\u00f3mo cerrarlo cuando sucede. <\/p>\n","protected":false},"featured_media":12482,"template":"","meta":{"_uag_custom_page_level_css":""},"product_brand":[],"product_cat":[68,51,32,52],"product_tag":[],"class_list":{"0":"post-11634","1":"product","2":"type-product","3":"status-publish","4":"has-post-thumbnail","6":"product_cat-dvd-2","7":"product_cat-elearning","8":"product_cat-usb","9":"product_cat-videos-en-demanda","11":"first","12":"instock","13":"sold-individually","14":"taxable","15":"shipping-taxable","16":"purchasable","17":"product-type-variable","18":"has-default-attributes"},"aioseo_notices":[],"uagb_featured_image_src":{"full":["https:\/\/engagingsafetysolutions.com\/esp\/wp-content\/uploads\/smk_266_action_photo.jpg",1920,1080,false],"thumbnail":["https:\/\/engagingsafetysolutions.com\/esp\/wp-content\/uploads\/smk_266_action_photo-150x150.jpg",150,150,true],"medium":["https:\/\/engagingsafetysolutions.com\/esp\/wp-content\/uploads\/smk_266_action_photo-300x169.jpg",300,169,true],"medium_large":["https:\/\/engagingsafetysolutions.com\/esp\/wp-content\/uploads\/smk_266_action_photo-768x432.jpg",768,432,true],"large":["https:\/\/engagingsafetysolutions.com\/esp\/wp-content\/uploads\/smk_266_action_photo-1024x576.jpg",1024,576,true],"1536x1536":["https:\/\/engagingsafetysolutions.com\/esp\/wp-content\/uploads\/smk_266_action_photo-1536x864.jpg",1536,864,true],"2048x2048":["https:\/\/engagingsafetysolutions.com\/esp\/wp-content\/uploads\/smk_266_action_photo.jpg",1920,1080,false],"woocommerce_thumbnail":["https:\/\/engagingsafetysolutions.com\/esp\/wp-content\/uploads\/smk_266_action_photo-300x225.jpg",300,225,true],"woocommerce_single":["https:\/\/engagingsafetysolutions.com\/esp\/wp-content\/uploads\/smk_266_action_photo-640x360.jpg",640,360,true],"woocommerce_gallery_thumbnail":["https:\/\/engagingsafetysolutions.com\/esp\/wp-content\/uploads\/smk_266_action_photo-100x100.jpg",100,100,true],"dgwt-wcas-product-suggestion":["https:\/\/engagingsafetysolutions.com\/esp\/wp-content\/uploads\/smk_266_action_photo-64x36.jpg",64,36,true]},"uagb_author_info":{"display_name":"evagomez","author_link":"https:\/\/engagingsafetysolutions.com\/esp\/author\/"},"uagb_comment_info":0,"uagb_excerpt":"El programa Bullying y otros comportamientos disruptivos: para empleados proporciona la informaci\u00f3n que los empleados necesitan para comprender este tipo de comportamiento y saber c\u00f3mo cerrarlo cuando sucede.","_links":{"self":[{"href":"https:\/\/engagingsafetysolutions.com\/esp\/wp-json\/wp\/v2\/product\/11634","targetHints":{"allow":["GET"]}}],"collection":[{"href":"https:\/\/engagingsafetysolutions.com\/esp\/wp-json\/wp\/v2\/product"}],"about":[{"href":"https:\/\/engagingsafetysolutions.com\/esp\/wp-json\/wp\/v2\/types\/product"}],"version-history":[{"count":3,"href":"https:\/\/engagingsafetysolutions.com\/esp\/wp-json\/wp\/v2\/product\/11634\/revisions"}],"predecessor-version":[{"id":14636,"href":"https:\/\/engagingsafetysolutions.com\/esp\/wp-json\/wp\/v2\/product\/11634\/revisions\/14636"}],"wp:featuredmedia":[{"embeddable":true,"href":"https:\/\/engagingsafetysolutions.com\/esp\/wp-json\/wp\/v2\/media\/12482"}],"wp:attachment":[{"href":"https:\/\/engagingsafetysolutions.com\/esp\/wp-json\/wp\/v2\/media?parent=11634"}],"wp:term":[{"taxonomy":"product_brand","embeddable":true,"href":"https:\/\/engagingsafetysolutions.com\/esp\/wp-json\/wp\/v2\/product_brand?post=11634"},{"taxonomy":"product_cat","embeddable":true,"href":"https:\/\/engagingsafetysolutions.com\/esp\/wp-json\/wp\/v2\/product_cat?post=11634"},{"taxonomy":"product_tag","embeddable":true,"href":"https:\/\/engagingsafetysolutions.com\/esp\/wp-json\/wp\/v2\/product_tag?post=11634"}],"curies":[{"name":"wp","href":"https:\/\/api.w.org\/{rel}","templated":true}]}}