{"id":11633,"date":"2020-05-08T00:52:34","date_gmt":"2020-05-08T00:52:34","guid":{"rendered":"https:\/\/engagingsafetysolutions.com\/esp\/product\/mantenimiento-de-registros-de-osha-para-gerentes-y-supervisores\/"},"modified":"2025-08-18T16:43:32","modified_gmt":"2025-08-18T16:43:32","slug":"mantenimiento-de-registros-de-osha-para-gerentes-y-supervisores","status":"publish","type":"product","link":"https:\/\/engagingsafetysolutions.com\/esp\/product\/mantenimiento-de-registros-de-osha-para-gerentes-y-supervisores\/","title":{"rendered":"Mantenimiento de Registros de OSHA para Gerentes y Supervisores"},"content":{"rendered":"<p>El programa de mantenimiento de registros de OSHA para gerentes y supervisores analiza el proceso de mantenimiento de registros y lo que los gerentes y supervisores deben hacer para cumplir con la regulaci\u00f3n. La Norma de mantenimiento de registros de la Parte 1904 de OSHA brinda a los empleadores una forma poderosa de hacer que sus lugares de trabajo sean m\u00e1s seguros, mediante el seguimiento de las enfermedades y lesiones que ocurren en sus instalaciones. Utilizando los formularios que OSHA proporciona en la Norma, las empresas pueden identificar los problemas de seguridad que deben abordar. Esta informaci\u00f3n tambi\u00e9n ayuda a OSHA a modificar las regulaciones existentes o crear otras nuevas, para que los empleados de todo el pa\u00eds puedan trabajar de manera m\u00e1s segura. El programa incluye la importancia del mantenimiento de registros, qu\u00e9 empresas est\u00e1n exentas, la definici\u00f3n de lesiones y enfermedades, qu\u00e9 son los casos nuevos y relacionados con el trabajo, los tres formularios clave de mantenimiento de registros, los derechos de los empleados, otros problemas de mantenimiento de registros y m\u00e1s.<\/p>\n","protected":false},"excerpt":{"rendered":"<p>El programa de mantenimiento de registros de OSHA para gerentes y supervisores analiza el proceso de mantenimiento de registros y lo que los gerentes y supervisores deben hacer para cumplir con la regulaci\u00f3n. <\/p>\n","protected":false},"featured_media":12555,"template":"","meta":{"_uag_custom_page_level_css":""},"product_brand":[],"product_cat":[68,51,32,52],"product_tag":[],"class_list":{"0":"post-11633","1":"product","2":"type-product","3":"status-publish","4":"has-post-thumbnail","6":"product_cat-dvd-2","7":"product_cat-elearning","8":"product_cat-usb","9":"product_cat-videos-en-demanda","11":"first","12":"instock","13":"sold-individually","14":"taxable","15":"shipping-taxable","16":"purchasable","17":"product-type-variable","18":"has-default-attributes"},"aioseo_notices":[],"uagb_featured_image_src":{"full":["https:\/\/engagingsafetysolutions.com\/esp\/wp-content\/uploads\/rck_345_action_photo.jpg",230,130,false],"thumbnail":["https:\/\/engagingsafetysolutions.com\/esp\/wp-content\/uploads\/rck_345_action_photo-150x130.jpg",150,130,true],"medium":["https:\/\/engagingsafetysolutions.com\/esp\/wp-content\/uploads\/rck_345_action_photo.jpg",230,130,false],"medium_large":["https:\/\/engagingsafetysolutions.com\/esp\/wp-content\/uploads\/rck_345_action_photo.jpg",230,130,false],"large":["https:\/\/engagingsafetysolutions.com\/esp\/wp-content\/uploads\/rck_345_action_photo.jpg",230,130,false],"1536x1536":["https:\/\/engagingsafetysolutions.com\/esp\/wp-content\/uploads\/rck_345_action_photo.jpg",230,130,false],"2048x2048":["https:\/\/engagingsafetysolutions.com\/esp\/wp-content\/uploads\/rck_345_action_photo.jpg",230,130,false],"woocommerce_thumbnail":["https:\/\/engagingsafetysolutions.com\/esp\/wp-content\/uploads\/rck_345_action_photo.jpg",230,130,false],"woocommerce_single":["https:\/\/engagingsafetysolutions.com\/esp\/wp-content\/uploads\/rck_345_action_photo.jpg",230,130,false],"woocommerce_gallery_thumbnail":["https:\/\/engagingsafetysolutions.com\/esp\/wp-content\/uploads\/rck_345_action_photo-100x100.jpg",100,100,true],"dgwt-wcas-product-suggestion":["https:\/\/engagingsafetysolutions.com\/esp\/wp-content\/uploads\/rck_345_action_photo-64x36.jpg",64,36,true]},"uagb_author_info":{"display_name":"evagomez","author_link":"https:\/\/engagingsafetysolutions.com\/esp\/author\/"},"uagb_comment_info":0,"uagb_excerpt":"El programa de mantenimiento de registros de OSHA para gerentes y supervisores analiza el proceso de mantenimiento de registros y lo que los gerentes y supervisores deben hacer para cumplir con la regulaci\u00f3n.","_links":{"self":[{"href":"https:\/\/engagingsafetysolutions.com\/esp\/wp-json\/wp\/v2\/product\/11633","targetHints":{"allow":["GET"]}}],"collection":[{"href":"https:\/\/engagingsafetysolutions.com\/esp\/wp-json\/wp\/v2\/product"}],"about":[{"href":"https:\/\/engagingsafetysolutions.com\/esp\/wp-json\/wp\/v2\/types\/product"}],"version-history":[{"count":3,"href":"https:\/\/engagingsafetysolutions.com\/esp\/wp-json\/wp\/v2\/product\/11633\/revisions"}],"predecessor-version":[{"id":14635,"href":"https:\/\/engagingsafetysolutions.com\/esp\/wp-json\/wp\/v2\/product\/11633\/revisions\/14635"}],"wp:featuredmedia":[{"embeddable":true,"href":"https:\/\/engagingsafetysolutions.com\/esp\/wp-json\/wp\/v2\/media\/12555"}],"wp:attachment":[{"href":"https:\/\/engagingsafetysolutions.com\/esp\/wp-json\/wp\/v2\/media?parent=11633"}],"wp:term":[{"taxonomy":"product_brand","embeddable":true,"href":"https:\/\/engagingsafetysolutions.com\/esp\/wp-json\/wp\/v2\/product_brand?post=11633"},{"taxonomy":"product_cat","embeddable":true,"href":"https:\/\/engagingsafetysolutions.com\/esp\/wp-json\/wp\/v2\/product_cat?post=11633"},{"taxonomy":"product_tag","embeddable":true,"href":"https:\/\/engagingsafetysolutions.com\/esp\/wp-json\/wp\/v2\/product_tag?post=11633"}],"curies":[{"name":"wp","href":"https:\/\/api.w.org\/{rel}","templated":true}]}}