{"id":11632,"date":"2020-05-08T00:52:33","date_gmt":"2020-05-08T00:52:33","guid":{"rendered":"https:\/\/engagingsafetysolutions.com\/esp\/product\/mantenimiento-de-registros-de-osha-para-empleados\/"},"modified":"2025-08-18T16:43:32","modified_gmt":"2025-08-18T16:43:32","slug":"mantenimiento-de-registros-de-osha-para-empleados","status":"publish","type":"product","link":"https:\/\/engagingsafetysolutions.com\/esp\/product\/mantenimiento-de-registros-de-osha-para-empleados\/","title":{"rendered":"Mantenimiento de Registros de OSHA para Empleados"},"content":{"rendered":"<p>El Programa de mantenimiento de registros para empleados de OSHA analiza la regulaci\u00f3n, sus requisitos de informes y mantenimiento de registros y c\u00f3mo los empleados pueden participar de manera m\u00e1s efectiva en el proceso. La Norma de mantenimiento de registros de la Parte 1904 de OSHA brinda a los empleados una forma poderosa de ayudar a que sus lugares de trabajo sean m\u00e1s seguros. Al informar las enfermedades y lesiones que ocurren en el trabajo, los trabajadores pueden ayudar a sus empresas a identificar problemas de seguridad que deben abordarse en sus instalaciones. La informaci\u00f3n tambi\u00e9n ayuda a OSHA a modificar las regulaciones existentes, o crear otras nuevas, para mejorar la seguridad en el lugar de trabajo en todo el pa\u00eds. El programa incluye la Regla de mantenimiento de registros de OSHA, lesiones y enfermedades relacionadas con el trabajo, lesiones y enfermedades relacionadas con el trabajo registrables, formularios de mantenimiento de registros de OSHA, informes de enfermedades y lesiones y m\u00e1s.<\/p>\n","protected":false},"excerpt":{"rendered":"<p>El Programa de mantenimiento de registros para empleados de OSHA analiza la regulaci\u00f3n, sus requisitos de informes y mantenimiento de registros y c\u00f3mo los empleados pueden participar de manera m\u00e1s efectiva en el proceso. <\/p>\n","protected":false},"featured_media":12556,"template":"","meta":{"_uag_custom_page_level_css":""},"product_brand":[],"product_cat":[68,51,32,52],"product_tag":[],"class_list":{"0":"post-11632","1":"product","2":"type-product","3":"status-publish","4":"has-post-thumbnail","6":"product_cat-dvd-2","7":"product_cat-elearning","8":"product_cat-usb","9":"product_cat-videos-en-demanda","11":"first","12":"instock","13":"sold-individually","14":"taxable","15":"shipping-taxable","16":"purchasable","17":"product-type-variable","18":"has-default-attributes"},"aioseo_notices":[],"uagb_featured_image_src":{"full":["https:\/\/engagingsafetysolutions.com\/esp\/wp-content\/uploads\/rck_346_action_photo.jpg",1920,1080,false],"thumbnail":["https:\/\/engagingsafetysolutions.com\/esp\/wp-content\/uploads\/rck_346_action_photo-150x150.jpg",150,150,true],"medium":["https:\/\/engagingsafetysolutions.com\/esp\/wp-content\/uploads\/rck_346_action_photo-300x169.jpg",300,169,true],"medium_large":["https:\/\/engagingsafetysolutions.com\/esp\/wp-content\/uploads\/rck_346_action_photo-768x432.jpg",768,432,true],"large":["https:\/\/engagingsafetysolutions.com\/esp\/wp-content\/uploads\/rck_346_action_photo-1024x576.jpg",1024,576,true],"1536x1536":["https:\/\/engagingsafetysolutions.com\/esp\/wp-content\/uploads\/rck_346_action_photo-1536x864.jpg",1536,864,true],"2048x2048":["https:\/\/engagingsafetysolutions.com\/esp\/wp-content\/uploads\/rck_346_action_photo.jpg",1920,1080,false],"woocommerce_thumbnail":["https:\/\/engagingsafetysolutions.com\/esp\/wp-content\/uploads\/rck_346_action_photo-300x225.jpg",300,225,true],"woocommerce_single":["https:\/\/engagingsafetysolutions.com\/esp\/wp-content\/uploads\/rck_346_action_photo-640x360.jpg",640,360,true],"woocommerce_gallery_thumbnail":["https:\/\/engagingsafetysolutions.com\/esp\/wp-content\/uploads\/rck_346_action_photo-100x100.jpg",100,100,true],"dgwt-wcas-product-suggestion":["https:\/\/engagingsafetysolutions.com\/esp\/wp-content\/uploads\/rck_346_action_photo-64x36.jpg",64,36,true]},"uagb_author_info":{"display_name":"evagomez","author_link":"https:\/\/engagingsafetysolutions.com\/esp\/author\/"},"uagb_comment_info":0,"uagb_excerpt":"El Programa de mantenimiento de registros para empleados de OSHA analiza la regulaci\u00f3n, sus requisitos de informes y mantenimiento de registros y c\u00f3mo los empleados pueden participar de manera m\u00e1s efectiva en el proceso.","_links":{"self":[{"href":"https:\/\/engagingsafetysolutions.com\/esp\/wp-json\/wp\/v2\/product\/11632","targetHints":{"allow":["GET"]}}],"collection":[{"href":"https:\/\/engagingsafetysolutions.com\/esp\/wp-json\/wp\/v2\/product"}],"about":[{"href":"https:\/\/engagingsafetysolutions.com\/esp\/wp-json\/wp\/v2\/types\/product"}],"version-history":[{"count":3,"href":"https:\/\/engagingsafetysolutions.com\/esp\/wp-json\/wp\/v2\/product\/11632\/revisions"}],"predecessor-version":[{"id":14634,"href":"https:\/\/engagingsafetysolutions.com\/esp\/wp-json\/wp\/v2\/product\/11632\/revisions\/14634"}],"wp:featuredmedia":[{"embeddable":true,"href":"https:\/\/engagingsafetysolutions.com\/esp\/wp-json\/wp\/v2\/media\/12556"}],"wp:attachment":[{"href":"https:\/\/engagingsafetysolutions.com\/esp\/wp-json\/wp\/v2\/media?parent=11632"}],"wp:term":[{"taxonomy":"product_brand","embeddable":true,"href":"https:\/\/engagingsafetysolutions.com\/esp\/wp-json\/wp\/v2\/product_brand?post=11632"},{"taxonomy":"product_cat","embeddable":true,"href":"https:\/\/engagingsafetysolutions.com\/esp\/wp-json\/wp\/v2\/product_cat?post=11632"},{"taxonomy":"product_tag","embeddable":true,"href":"https:\/\/engagingsafetysolutions.com\/esp\/wp-json\/wp\/v2\/product_tag?post=11632"}],"curies":[{"name":"wp","href":"https:\/\/api.w.org\/{rel}","templated":true}]}}