{"id":11628,"date":"2020-05-08T00:52:29","date_gmt":"2020-05-08T00:52:29","guid":{"rendered":"https:\/\/engagingsafetysolutions.com\/esp\/product\/la-seguridad-del-trabajo-a-alta-temperatura-y-el-proceso-de-permisos\/"},"modified":"2025-08-18T16:45:54","modified_gmt":"2025-08-18T16:45:54","slug":"la-seguridad-del-trabajo-a-alta-temperatura-y-el-proceso-de-permisos","status":"publish","type":"product","link":"https:\/\/engagingsafetysolutions.com\/esp\/product\/la-seguridad-del-trabajo-a-alta-temperatura-y-el-proceso-de-permisos\/","title":{"rendered":"La Seguridad del Trabajo a alta Temperatura y el Proceso de Permisos"},"content":{"rendered":"<p>El programa Levantamiento Seguro analiza c\u00f3mo levantar y transportar cosas puede afectar la espalda, y c\u00f3mo los empleados pueden usar t\u00e9cnicas de levantamiento seguras para ayudarlos a evitar lesiones en la espalda. Todos hemos experimentado dolor de espalda en un momento u otro, y probablemente fue el resultado de levantar algo incorrectamente. Tal vez la carga era demasiado grande o demasiado pesada, o la levantamos desde una posici\u00f3n inc\u00f3moda. Pero si desea evitar lesiones, debe asegurarse de usar su espalda de la &#8220;manera correcta&#8221;. El programa incluye informaci\u00f3n sobre la mec\u00e1nica del levantamiento seguro, c\u00f3mo &#8220;escuchar&#8221; su espalda, tipos de lesiones en la espalda, preparaci\u00f3n para levantar algo de una manera que proteja su espalda, c\u00f3mo mantener su espalda segura cuando levanta &#8220;por debajo de la cintura&#8221; y m\u00e1s.<\/p>\n","protected":false},"excerpt":{"rendered":"<p>El programa Seguridad en el trabajo en caliente y el proceso de permisos analiza los peligros que se pueden encontrar en el trabajo en caliente y se enfoca en c\u00f3mo los empleados pueden usar el proceso de permisos y otras pr\u00e1cticas seguras para realizar estas tareas de manera m\u00e1s segura. <\/p>\n","protected":false},"featured_media":12492,"template":"","meta":{"_uag_custom_page_level_css":""},"product_brand":[],"product_cat":[68,51,32,52],"product_tag":[],"class_list":{"0":"post-11628","1":"product","2":"type-product","3":"status-publish","4":"has-post-thumbnail","6":"product_cat-dvd-2","7":"product_cat-elearning","8":"product_cat-usb","9":"product_cat-videos-en-demanda","11":"first","12":"instock","13":"sold-individually","14":"taxable","15":"shipping-taxable","16":"purchasable","17":"product-type-variable","18":"has-default-attributes"},"aioseo_notices":[],"uagb_featured_image_src":{"full":["https:\/\/engagingsafetysolutions.com\/esp\/wp-content\/uploads\/smk_287_action_photo.jpg",1920,1080,false],"thumbnail":["https:\/\/engagingsafetysolutions.com\/esp\/wp-content\/uploads\/smk_287_action_photo-150x150.jpg",150,150,true],"medium":["https:\/\/engagingsafetysolutions.com\/esp\/wp-content\/uploads\/smk_287_action_photo-300x169.jpg",300,169,true],"medium_large":["https:\/\/engagingsafetysolutions.com\/esp\/wp-content\/uploads\/smk_287_action_photo-768x432.jpg",768,432,true],"large":["https:\/\/engagingsafetysolutions.com\/esp\/wp-content\/uploads\/smk_287_action_photo-1024x576.jpg",1024,576,true],"1536x1536":["https:\/\/engagingsafetysolutions.com\/esp\/wp-content\/uploads\/smk_287_action_photo-1536x864.jpg",1536,864,true],"2048x2048":["https:\/\/engagingsafetysolutions.com\/esp\/wp-content\/uploads\/smk_287_action_photo.jpg",1920,1080,false],"woocommerce_thumbnail":["https:\/\/engagingsafetysolutions.com\/esp\/wp-content\/uploads\/smk_287_action_photo-300x225.jpg",300,225,true],"woocommerce_single":["https:\/\/engagingsafetysolutions.com\/esp\/wp-content\/uploads\/smk_287_action_photo-640x360.jpg",640,360,true],"woocommerce_gallery_thumbnail":["https:\/\/engagingsafetysolutions.com\/esp\/wp-content\/uploads\/smk_287_action_photo-100x100.jpg",100,100,true],"dgwt-wcas-product-suggestion":["https:\/\/engagingsafetysolutions.com\/esp\/wp-content\/uploads\/smk_287_action_photo-64x36.jpg",64,36,true]},"uagb_author_info":{"display_name":"evagomez","author_link":"https:\/\/engagingsafetysolutions.com\/esp\/author\/"},"uagb_comment_info":0,"uagb_excerpt":"El programa Seguridad en el trabajo en caliente y el proceso de permisos analiza los peligros que se pueden encontrar en el trabajo en caliente y se enfoca en c\u00f3mo los empleados pueden usar el proceso de permisos y otras pr\u00e1cticas seguras para realizar estas tareas de manera m\u00e1s segura.","_links":{"self":[{"href":"https:\/\/engagingsafetysolutions.com\/esp\/wp-json\/wp\/v2\/product\/11628","targetHints":{"allow":["GET"]}}],"collection":[{"href":"https:\/\/engagingsafetysolutions.com\/esp\/wp-json\/wp\/v2\/product"}],"about":[{"href":"https:\/\/engagingsafetysolutions.com\/esp\/wp-json\/wp\/v2\/types\/product"}],"version-history":[{"count":2,"href":"https:\/\/engagingsafetysolutions.com\/esp\/wp-json\/wp\/v2\/product\/11628\/revisions"}],"predecessor-version":[{"id":14630,"href":"https:\/\/engagingsafetysolutions.com\/esp\/wp-json\/wp\/v2\/product\/11628\/revisions\/14630"}],"wp:featuredmedia":[{"embeddable":true,"href":"https:\/\/engagingsafetysolutions.com\/esp\/wp-json\/wp\/v2\/media\/12492"}],"wp:attachment":[{"href":"https:\/\/engagingsafetysolutions.com\/esp\/wp-json\/wp\/v2\/media?parent=11628"}],"wp:term":[{"taxonomy":"product_brand","embeddable":true,"href":"https:\/\/engagingsafetysolutions.com\/esp\/wp-json\/wp\/v2\/product_brand?post=11628"},{"taxonomy":"product_cat","embeddable":true,"href":"https:\/\/engagingsafetysolutions.com\/esp\/wp-json\/wp\/v2\/product_cat?post=11628"},{"taxonomy":"product_tag","embeddable":true,"href":"https:\/\/engagingsafetysolutions.com\/esp\/wp-json\/wp\/v2\/product_tag?post=11628"}],"curies":[{"name":"wp","href":"https:\/\/api.w.org\/{rel}","templated":true}]}}