{"id":11627,"date":"2020-05-08T00:52:27","date_gmt":"2020-05-08T00:52:27","guid":{"rendered":"https:\/\/engagingsafetysolutions.com\/esp\/product\/investigacion-de-accidentes\/"},"modified":"2025-08-18T16:43:28","modified_gmt":"2025-08-18T16:43:28","slug":"investigacion-de-accidentes","status":"publish","type":"product","link":"https:\/\/engagingsafetysolutions.com\/esp\/product\/investigacion-de-accidentes\/","title":{"rendered":"Investigaci\u00f3n de Accidentes"},"content":{"rendered":"<p>El Programa de Investigaci\u00f3n de Accidentes proporciona a los empleados la informaci\u00f3n que necesitan para comprender los objetivos de una investigaci\u00f3n de accidentes, el proceso en s\u00ed y c\u00f3mo pueden participar en el proceso para ayudar a que su lugar de trabajo sea m\u00e1s seguro. Cuando ocurren accidentes, es importante saber por qu\u00e9. Incluso cuando la raz\u00f3n parece obvia, la causa real puede ser m\u00e1s complicada. Ah\u00ed es donde entra en juego la investigaci\u00f3n de accidentes. Examina el incidente sistem\u00e1ticamente para determinar sus verdaderas causas fundamentales. Esta informaci\u00f3n se puede utilizar para actualizar las pol\u00edticas, los procedimientos o el equipo para ayudar a garantizar que no ocurra un accidente similar en el futuro. El programa incluye accidentes y cuasi accidentes, investigaciones y an\u00e1lisis de causa ra\u00edz, el papel de las herramientas y equipos en los accidentes, la importancia de la capacitaci\u00f3n, el papel que juegan los procedimientos en la prevenci\u00f3n de accidentes, el aprendizaje de los accidentes y m\u00e1s.<\/p>\n","protected":false},"excerpt":{"rendered":"<p>El Programa de Investigaci\u00f3n de Accidentes proporciona a los empleados la informaci\u00f3n que necesitan para comprender los objetivos de una investigaci\u00f3n de accidentes, el proceso en s\u00ed y c\u00f3mo pueden participar en el proceso para ayudar a que su lugar de trabajo sea m\u00e1s seguro. <\/p>\n","protected":false},"featured_media":12480,"template":"","meta":{"_uag_custom_page_level_css":""},"product_brand":[],"product_cat":[68,51,32,52],"product_tag":[],"class_list":{"0":"post-11627","1":"product","2":"type-product","3":"status-publish","4":"has-post-thumbnail","6":"product_cat-dvd-2","7":"product_cat-elearning","8":"product_cat-usb","9":"product_cat-videos-en-demanda","11":"first","12":"instock","13":"sold-individually","14":"taxable","15":"shipping-taxable","16":"purchasable","17":"product-type-variable","18":"has-default-attributes"},"aioseo_notices":[],"uagb_featured_image_src":{"full":["https:\/\/engagingsafetysolutions.com\/esp\/wp-content\/uploads\/smk_256_action_photo.jpg",1920,1080,false],"thumbnail":["https:\/\/engagingsafetysolutions.com\/esp\/wp-content\/uploads\/smk_256_action_photo-150x150.jpg",150,150,true],"medium":["https:\/\/engagingsafetysolutions.com\/esp\/wp-content\/uploads\/smk_256_action_photo-300x169.jpg",300,169,true],"medium_large":["https:\/\/engagingsafetysolutions.com\/esp\/wp-content\/uploads\/smk_256_action_photo-768x432.jpg",768,432,true],"large":["https:\/\/engagingsafetysolutions.com\/esp\/wp-content\/uploads\/smk_256_action_photo-1024x576.jpg",1024,576,true],"1536x1536":["https:\/\/engagingsafetysolutions.com\/esp\/wp-content\/uploads\/smk_256_action_photo-1536x864.jpg",1536,864,true],"2048x2048":["https:\/\/engagingsafetysolutions.com\/esp\/wp-content\/uploads\/smk_256_action_photo.jpg",1920,1080,false],"woocommerce_thumbnail":["https:\/\/engagingsafetysolutions.com\/esp\/wp-content\/uploads\/smk_256_action_photo-300x225.jpg",300,225,true],"woocommerce_single":["https:\/\/engagingsafetysolutions.com\/esp\/wp-content\/uploads\/smk_256_action_photo-640x360.jpg",640,360,true],"woocommerce_gallery_thumbnail":["https:\/\/engagingsafetysolutions.com\/esp\/wp-content\/uploads\/smk_256_action_photo-100x100.jpg",100,100,true],"dgwt-wcas-product-suggestion":["https:\/\/engagingsafetysolutions.com\/esp\/wp-content\/uploads\/smk_256_action_photo-64x36.jpg",64,36,true]},"uagb_author_info":{"display_name":"evagomez","author_link":"https:\/\/engagingsafetysolutions.com\/esp\/author\/"},"uagb_comment_info":0,"uagb_excerpt":"El Programa de Investigaci\u00f3n de Accidentes proporciona a los empleados la informaci\u00f3n que necesitan para comprender los objetivos de una investigaci\u00f3n de accidentes, el proceso en s\u00ed y c\u00f3mo pueden participar en el proceso para ayudar a que su lugar de trabajo sea m\u00e1s seguro.","_links":{"self":[{"href":"https:\/\/engagingsafetysolutions.com\/esp\/wp-json\/wp\/v2\/product\/11627","targetHints":{"allow":["GET"]}}],"collection":[{"href":"https:\/\/engagingsafetysolutions.com\/esp\/wp-json\/wp\/v2\/product"}],"about":[{"href":"https:\/\/engagingsafetysolutions.com\/esp\/wp-json\/wp\/v2\/types\/product"}],"version-history":[{"count":3,"href":"https:\/\/engagingsafetysolutions.com\/esp\/wp-json\/wp\/v2\/product\/11627\/revisions"}],"predecessor-version":[{"id":14629,"href":"https:\/\/engagingsafetysolutions.com\/esp\/wp-json\/wp\/v2\/product\/11627\/revisions\/14629"}],"wp:featuredmedia":[{"embeddable":true,"href":"https:\/\/engagingsafetysolutions.com\/esp\/wp-json\/wp\/v2\/media\/12480"}],"wp:attachment":[{"href":"https:\/\/engagingsafetysolutions.com\/esp\/wp-json\/wp\/v2\/media?parent=11627"}],"wp:term":[{"taxonomy":"product_brand","embeddable":true,"href":"https:\/\/engagingsafetysolutions.com\/esp\/wp-json\/wp\/v2\/product_brand?post=11627"},{"taxonomy":"product_cat","embeddable":true,"href":"https:\/\/engagingsafetysolutions.com\/esp\/wp-json\/wp\/v2\/product_cat?post=11627"},{"taxonomy":"product_tag","embeddable":true,"href":"https:\/\/engagingsafetysolutions.com\/esp\/wp-json\/wp\/v2\/product_tag?post=11627"}],"curies":[{"name":"wp","href":"https:\/\/api.w.org\/{rel}","templated":true}]}}