{"id":11625,"date":"2020-05-08T00:52:24","date_gmt":"2020-05-08T00:52:24","guid":{"rendered":"https:\/\/engagingsafetysolutions.com\/esp\/product\/introduccion-al-sga-sistema-globalmente-armonizado\/"},"modified":"2025-08-18T16:45:24","modified_gmt":"2025-08-18T16:45:24","slug":"introduccion-al-sga-sistema-globalmente-armonizado","status":"publish","type":"product","link":"https:\/\/engagingsafetysolutions.com\/esp\/product\/introduccion-al-sga-sistema-globalmente-armonizado\/","title":{"rendered":"Introducci\u00f3n al SGA (Sistema Globalmente Armonizado)"},"content":{"rendered":"<p>El programa Introducci\u00f3n al SGA (Sistema Globalmente Armonizado) est\u00e1 dise\u00f1ado para revisar de qu\u00e9 se trata el Sistema Globalmente Armonizado, por qu\u00e9 OSHA adopt\u00f3 el SGA y las fechas de introducci\u00f3n gradual para implementar el SGA. Creados espec\u00edficamente para ayudar a las instalaciones a cumplir con los requisitos de capacitaci\u00f3n de los empleados de las regulaciones GHS recientemente adoptadas por OSHA, estos productos analizan el Sistema Globalmente Armonizado para la Clasificaci\u00f3n y Etiquetado de Productos Qu\u00edmicos. Los temas cubiertos en el programa incluyen informaci\u00f3n sobre qu\u00e9 es el Sistema Globalmente Armonizado, por qu\u00e9 OSHA adopt\u00f3 el GHS, clasificaci\u00f3n de peligros, la hoja de datos de seguridad, etiquetado de contenedores, informaci\u00f3n y capacitaci\u00f3n, fechas de introducci\u00f3n gradual de GHS y m\u00e1s.<\/p>\n","protected":false},"excerpt":{"rendered":"<p>El programa Introducci\u00f3n al SGA (Sistema Globalmente Armonizado) est\u00e1 dise\u00f1ado para revisar de qu\u00e9 se trata el Sistema Globalmente Armonizado, por qu\u00e9 OSHA adopt\u00f3 el SGA y las fechas de introducci\u00f3n gradual para implementar el SGA. <\/p>\n","protected":false},"featured_media":12525,"template":"","meta":{"_uag_custom_page_level_css":""},"product_brand":[],"product_cat":[68,51,32,52],"product_tag":[],"class_list":{"0":"post-11625","1":"product","2":"type-product","3":"status-publish","4":"has-post-thumbnail","6":"product_cat-dvd-2","7":"product_cat-elearning","8":"product_cat-usb","9":"product_cat-videos-en-demanda","11":"first","12":"instock","13":"sold-individually","14":"taxable","15":"shipping-taxable","16":"purchasable","17":"product-type-variable","18":"has-default-attributes"},"aioseo_notices":[],"uagb_featured_image_src":{"full":["https:\/\/engagingsafetysolutions.com\/esp\/wp-content\/uploads\/rck_154_action_photo.jpg",360,240,false],"thumbnail":["https:\/\/engagingsafetysolutions.com\/esp\/wp-content\/uploads\/rck_154_action_photo-150x150.jpg",150,150,true],"medium":["https:\/\/engagingsafetysolutions.com\/esp\/wp-content\/uploads\/rck_154_action_photo-300x200.jpg",300,200,true],"medium_large":["https:\/\/engagingsafetysolutions.com\/esp\/wp-content\/uploads\/rck_154_action_photo.jpg",360,240,false],"large":["https:\/\/engagingsafetysolutions.com\/esp\/wp-content\/uploads\/rck_154_action_photo.jpg",360,240,false],"1536x1536":["https:\/\/engagingsafetysolutions.com\/esp\/wp-content\/uploads\/rck_154_action_photo.jpg",360,240,false],"2048x2048":["https:\/\/engagingsafetysolutions.com\/esp\/wp-content\/uploads\/rck_154_action_photo.jpg",360,240,false],"woocommerce_thumbnail":["https:\/\/engagingsafetysolutions.com\/esp\/wp-content\/uploads\/rck_154_action_photo-300x225.jpg",300,225,true],"woocommerce_single":["https:\/\/engagingsafetysolutions.com\/esp\/wp-content\/uploads\/rck_154_action_photo.jpg",360,240,false],"woocommerce_gallery_thumbnail":["https:\/\/engagingsafetysolutions.com\/esp\/wp-content\/uploads\/rck_154_action_photo-100x100.jpg",100,100,true],"dgwt-wcas-product-suggestion":["https:\/\/engagingsafetysolutions.com\/esp\/wp-content\/uploads\/rck_154_action_photo-64x43.jpg",64,43,true]},"uagb_author_info":{"display_name":"evagomez","author_link":"https:\/\/engagingsafetysolutions.com\/esp\/author\/"},"uagb_comment_info":0,"uagb_excerpt":"El programa Introducci\u00f3n al SGA (Sistema Globalmente Armonizado) est\u00e1 dise\u00f1ado para revisar de qu\u00e9 se trata el Sistema Globalmente Armonizado, por qu\u00e9 OSHA adopt\u00f3 el SGA y las fechas de introducci\u00f3n gradual para implementar el SGA.","_links":{"self":[{"href":"https:\/\/engagingsafetysolutions.com\/esp\/wp-json\/wp\/v2\/product\/11625","targetHints":{"allow":["GET"]}}],"collection":[{"href":"https:\/\/engagingsafetysolutions.com\/esp\/wp-json\/wp\/v2\/product"}],"about":[{"href":"https:\/\/engagingsafetysolutions.com\/esp\/wp-json\/wp\/v2\/types\/product"}],"version-history":[{"count":5,"href":"https:\/\/engagingsafetysolutions.com\/esp\/wp-json\/wp\/v2\/product\/11625\/revisions"}],"predecessor-version":[{"id":14627,"href":"https:\/\/engagingsafetysolutions.com\/esp\/wp-json\/wp\/v2\/product\/11625\/revisions\/14627"}],"wp:featuredmedia":[{"embeddable":true,"href":"https:\/\/engagingsafetysolutions.com\/esp\/wp-json\/wp\/v2\/media\/12525"}],"wp:attachment":[{"href":"https:\/\/engagingsafetysolutions.com\/esp\/wp-json\/wp\/v2\/media?parent=11625"}],"wp:term":[{"taxonomy":"product_brand","embeddable":true,"href":"https:\/\/engagingsafetysolutions.com\/esp\/wp-json\/wp\/v2\/product_brand?post=11625"},{"taxonomy":"product_cat","embeddable":true,"href":"https:\/\/engagingsafetysolutions.com\/esp\/wp-json\/wp\/v2\/product_cat?post=11625"},{"taxonomy":"product_tag","embeddable":true,"href":"https:\/\/engagingsafetysolutions.com\/esp\/wp-json\/wp\/v2\/product_tag?post=11625"}],"curies":[{"name":"wp","href":"https:\/\/api.w.org\/{rel}","templated":true}]}}