{"id":11624,"date":"2020-05-08T00:52:23","date_gmt":"2020-05-08T00:52:23","guid":{"rendered":"https:\/\/engagingsafetysolutions.com\/esp\/product\/introduccion-al-readiestramiento-de-hazwoper\/"},"modified":"2025-08-18T16:45:24","modified_gmt":"2025-08-18T16:45:24","slug":"introduccion-al-readiestramiento-de-hazwoper","status":"publish","type":"product","link":"https:\/\/engagingsafetysolutions.com\/esp\/product\/introduccion-al-readiestramiento-de-hazwoper\/","title":{"rendered":"HAZWOPER 8 horas Paquete Readiestramiento Anual  (4  programas)"},"content":{"rendered":"<p>El paquete de reentrenamiento anual de HAZWOPER ayuda a las instalaciones a cumplir con los requisitos de capacitaci\u00f3n de los empleados de la regulaci\u00f3n HAZWOPER de OSHA (29 CFR 1910.120) y ayuda a los empleados a evitar la exposici\u00f3n a materiales peligrosos. El paquete de cuatro programas de actualizaci\u00f3n est\u00e1 dise\u00f1ado para proporcionar el contenido b\u00e1sico para el requisito anual de recapacitaci\u00f3n de 8 horas de OSHA. Los programas incluye Introducci\u00f3n al reentrenamiento de HAZWOPER, Equipo de protecci\u00f3n personal y procedimientos de descontaminaci\u00f3n, Comprensi\u00f3n de los peligros qu\u00edmicos y Monitoreo de exposici\u00f3n y vigilancia m\u00e9dica. Los materiales y desechos peligrosos son parte de muchas situaciones de trabajo y se pueden encontrar en muchos tipos de sitios de trabajo. OSHA considera que es tan importante que los empleados sepan c\u00f3mo reconocer estas sustancias potencialmente peligrosas (as\u00ed como c\u00f3mo manipularlas y desecharlas adecuadamente) que han ordenado que cualquier persona que trabaje con estos materiales reciba una capacitaci\u00f3n integral en esta \u00e1rea. En 1976, la Agencia de Protecci\u00f3n Ambiental de EE. UU. (EPA) emiti\u00f3 la Ley de Conservaci\u00f3n y Recuperaci\u00f3n de Recursos (RCRA) para regular el manejo de desechos peligrosos desde la cuna hasta la tumba. Desde entonces, le han seguido otras regulaciones, incluida la 29 CFR 1910.120 de OSHA, tambi\u00e9n conocida como HAZWOPER. Como parte de estas regulaciones, existen diferentes requisitos para la capacitaci\u00f3n de los empleados, seg\u00fan el nivel espec\u00edfico de participaci\u00f3n de un empleado con materiales peligrosos. . Cada programa se puede utilizar como base para aproximadamente dos horas de capacitaci\u00f3n en el aula.<\/p>\n","protected":false},"excerpt":{"rendered":"<p>El paquete de reentrenamiento anual de HAZWOPER ayuda a las instalaciones a cumplir con los requisitos de capacitaci\u00f3n de los empleados de la regulaci\u00f3n HAZWOPER de OSHA (29 CFR 1910.120) y ayuda a los empleados a evitar la exposici\u00f3n a materiales peligrosos. El paquete de cuatro programas de actualizaci\u00f3n est\u00e1 dise\u00f1ado para proporcionar el contenido b\u00e1sico para el requisito anual de recapacitaci\u00f3n de 8 horas de OSHA. Los programas incluyen Introducci\u00f3n al reentrenamiento de HAZWOPER, Equipo de protecci\u00f3n personal y procedimientos de descontaminaci\u00f3n, Comprensi\u00f3n de los peligros qu\u00edmicos y Monitoreo de exposici\u00f3n y vigilancia m\u00e9dica. Cada programa viene con una gu\u00eda completa para l\u00edderes, un formulario de programaci\u00f3n y asistencia reproducible, un cuestionario para empleados, un registro de capacitaci\u00f3n y un certificado de capacitaci\u00f3n. Cada programa se puede utilizar como base para aproximadamente dos horas de capacitaci\u00f3n en el aula<\/p>\n","protected":false},"featured_media":13713,"template":"","meta":{"_uag_custom_page_level_css":""},"product_brand":[],"product_cat":[68,32,52],"product_tag":[],"class_list":{"0":"post-11624","1":"product","2":"type-product","3":"status-publish","4":"has-post-thumbnail","6":"product_cat-dvd-2","7":"product_cat-usb","8":"product_cat-videos-en-demanda","10":"first","11":"instock","12":"sold-individually","13":"taxable","14":"shipping-taxable","15":"purchasable","16":"product-type-variable","17":"has-default-attributes"},"aioseo_notices":[],"uagb_featured_image_src":{"full":["https:\/\/engagingsafetysolutions.com\/esp\/wp-content\/uploads\/haz_185_intro-hazwoper-retrain.jpg",720,480,false],"thumbnail":["https:\/\/engagingsafetysolutions.com\/esp\/wp-content\/uploads\/haz_185_intro-hazwoper-retrain-150x150.jpg",150,150,true],"medium":["https:\/\/engagingsafetysolutions.com\/esp\/wp-content\/uploads\/haz_185_intro-hazwoper-retrain-300x200.jpg",300,200,true],"medium_large":["https:\/\/engagingsafetysolutions.com\/esp\/wp-content\/uploads\/haz_185_intro-hazwoper-retrain.jpg",720,480,false],"large":["https:\/\/engagingsafetysolutions.com\/esp\/wp-content\/uploads\/haz_185_intro-hazwoper-retrain.jpg",720,480,false],"1536x1536":["https:\/\/engagingsafetysolutions.com\/esp\/wp-content\/uploads\/haz_185_intro-hazwoper-retrain.jpg",720,480,false],"2048x2048":["https:\/\/engagingsafetysolutions.com\/esp\/wp-content\/uploads\/haz_185_intro-hazwoper-retrain.jpg",720,480,false],"woocommerce_thumbnail":["https:\/\/engagingsafetysolutions.com\/esp\/wp-content\/uploads\/haz_185_intro-hazwoper-retrain-300x225.jpg",300,225,true],"woocommerce_single":["https:\/\/engagingsafetysolutions.com\/esp\/wp-content\/uploads\/haz_185_intro-hazwoper-retrain-640x427.jpg",640,427,true],"woocommerce_gallery_thumbnail":["https:\/\/engagingsafetysolutions.com\/esp\/wp-content\/uploads\/haz_185_intro-hazwoper-retrain-100x100.jpg",100,100,true],"dgwt-wcas-product-suggestion":["https:\/\/engagingsafetysolutions.com\/esp\/wp-content\/uploads\/haz_185_intro-hazwoper-retrain-64x43.jpg",64,43,true]},"uagb_author_info":{"display_name":"evagomez","author_link":"https:\/\/engagingsafetysolutions.com\/esp\/author\/"},"uagb_comment_info":0,"uagb_excerpt":"El paquete de reentrenamiento anual de HAZWOPER ayuda a las instalaciones a cumplir con los requisitos de capacitaci\u00f3n de los empleados de la regulaci\u00f3n HAZWOPER de OSHA (29 CFR 1910.120) y ayuda a los empleados a evitar la exposici\u00f3n a materiales peligrosos. El paquete de cuatro programas de actualizaci\u00f3n est\u00e1 dise\u00f1ado para proporcionar el contenido&hellip;","_links":{"self":[{"href":"https:\/\/engagingsafetysolutions.com\/esp\/wp-json\/wp\/v2\/product\/11624","targetHints":{"allow":["GET"]}}],"collection":[{"href":"https:\/\/engagingsafetysolutions.com\/esp\/wp-json\/wp\/v2\/product"}],"about":[{"href":"https:\/\/engagingsafetysolutions.com\/esp\/wp-json\/wp\/v2\/types\/product"}],"version-history":[{"count":4,"href":"https:\/\/engagingsafetysolutions.com\/esp\/wp-json\/wp\/v2\/product\/11624\/revisions"}],"predecessor-version":[{"id":14626,"href":"https:\/\/engagingsafetysolutions.com\/esp\/wp-json\/wp\/v2\/product\/11624\/revisions\/14626"}],"wp:featuredmedia":[{"embeddable":true,"href":"https:\/\/engagingsafetysolutions.com\/esp\/wp-json\/wp\/v2\/media\/13713"}],"wp:attachment":[{"href":"https:\/\/engagingsafetysolutions.com\/esp\/wp-json\/wp\/v2\/media?parent=11624"}],"wp:term":[{"taxonomy":"product_brand","embeddable":true,"href":"https:\/\/engagingsafetysolutions.com\/esp\/wp-json\/wp\/v2\/product_brand?post=11624"},{"taxonomy":"product_cat","embeddable":true,"href":"https:\/\/engagingsafetysolutions.com\/esp\/wp-json\/wp\/v2\/product_cat?post=11624"},{"taxonomy":"product_tag","embeddable":true,"href":"https:\/\/engagingsafetysolutions.com\/esp\/wp-json\/wp\/v2\/product_tag?post=11624"}],"curies":[{"name":"wp","href":"https:\/\/api.w.org\/{rel}","templated":true}]}}