{"id":11623,"date":"2020-05-08T00:52:22","date_gmt":"2020-05-08T00:52:22","guid":{"rendered":"https:\/\/engagingsafetysolutions.com\/esp\/product\/introduccion-a-osha\/"},"modified":"2025-08-18T16:45:54","modified_gmt":"2025-08-18T16:45:54","slug":"introduccion-a-osha","status":"publish","type":"product","link":"https:\/\/engagingsafetysolutions.com\/esp\/product\/introduccion-a-osha\/","title":{"rendered":"Introducci\u00f3n a OSHA"},"content":{"rendered":"<p>La Introducci\u00f3n al Programa de OSHA analiza los derechos y responsabilidades que tienen los empleados y empleadores bajo OSHA y c\u00f3mo la agencia hace cumplir sus regulaciones. La Ley de Seguridad y Salud Ocupacional de 1970 otorg\u00f3 a los empleados el derecho a un lugar de trabajo seguro y saludable. La Ley OSH tambi\u00e9n cre\u00f3 OSHA, la Administraci\u00f3n de Seguridad y Salud Ocupacional, que crea regulaciones para proteger la salud y la seguridad de los trabajadores en todo el pa\u00eds. Para cumplir con los requisitos de OSHA y crear una cultura de seguridad en el lugar de trabajo, los empleadores deben asegurarse de que los empleados tengan una comprensi\u00f3n s\u00f3lida de la misi\u00f3n de OSHA y c\u00f3mo la agencia los protege en el trabajo. El programa incluye informaci\u00f3n sobre OSHA y su misi\u00f3n, los derechos de los empleados bajo OSHA, las responsabilidades de los empleadores bajo OSHA, c\u00f3mo se llevan a cabo las inspecciones de OSHA, presentar una queja ante OSHA, aprender m\u00e1s sobre temas de seguridad y salud, y m\u00e1s.<\/p>\n","protected":false},"excerpt":{"rendered":"<p>El ProgramaLa Introducci\u00f3n  de OSHA analiza los derechos y responsabilidades que tienen los empleados y empleadores bajo OSHA y c\u00f3mo la agencia hace cumplir sus regulaciones. <\/p>\n","protected":false},"featured_media":12546,"template":"","meta":{"_uag_custom_page_level_css":""},"product_brand":[],"product_cat":[68,51,32,52],"product_tag":[],"class_list":{"0":"post-11623","1":"product","2":"type-product","3":"status-publish","4":"has-post-thumbnail","6":"product_cat-dvd-2","7":"product_cat-elearning","8":"product_cat-usb","9":"product_cat-videos-en-demanda","11":"first","12":"instock","13":"sold-individually","14":"taxable","15":"shipping-taxable","16":"purchasable","17":"product-type-variable","18":"has-default-attributes"},"aioseo_notices":[],"uagb_featured_image_src":{"full":["https:\/\/engagingsafetysolutions.com\/esp\/wp-content\/uploads\/rck_279_action_photo.jpg",1920,1080,false],"thumbnail":["https:\/\/engagingsafetysolutions.com\/esp\/wp-content\/uploads\/rck_279_action_photo-150x150.jpg",150,150,true],"medium":["https:\/\/engagingsafetysolutions.com\/esp\/wp-content\/uploads\/rck_279_action_photo-300x169.jpg",300,169,true],"medium_large":["https:\/\/engagingsafetysolutions.com\/esp\/wp-content\/uploads\/rck_279_action_photo-768x432.jpg",768,432,true],"large":["https:\/\/engagingsafetysolutions.com\/esp\/wp-content\/uploads\/rck_279_action_photo-1024x576.jpg",1024,576,true],"1536x1536":["https:\/\/engagingsafetysolutions.com\/esp\/wp-content\/uploads\/rck_279_action_photo-1536x864.jpg",1536,864,true],"2048x2048":["https:\/\/engagingsafetysolutions.com\/esp\/wp-content\/uploads\/rck_279_action_photo.jpg",1920,1080,false],"woocommerce_thumbnail":["https:\/\/engagingsafetysolutions.com\/esp\/wp-content\/uploads\/rck_279_action_photo-300x225.jpg",300,225,true],"woocommerce_single":["https:\/\/engagingsafetysolutions.com\/esp\/wp-content\/uploads\/rck_279_action_photo-640x360.jpg",640,360,true],"woocommerce_gallery_thumbnail":["https:\/\/engagingsafetysolutions.com\/esp\/wp-content\/uploads\/rck_279_action_photo-100x100.jpg",100,100,true],"dgwt-wcas-product-suggestion":["https:\/\/engagingsafetysolutions.com\/esp\/wp-content\/uploads\/rck_279_action_photo-64x36.jpg",64,36,true]},"uagb_author_info":{"display_name":"evagomez","author_link":"https:\/\/engagingsafetysolutions.com\/esp\/author\/"},"uagb_comment_info":0,"uagb_excerpt":"El ProgramaLa Introducci\u00f3n de OSHA analiza los derechos y responsabilidades que tienen los empleados y empleadores bajo OSHA y c\u00f3mo la agencia hace cumplir sus regulaciones.","_links":{"self":[{"href":"https:\/\/engagingsafetysolutions.com\/esp\/wp-json\/wp\/v2\/product\/11623","targetHints":{"allow":["GET"]}}],"collection":[{"href":"https:\/\/engagingsafetysolutions.com\/esp\/wp-json\/wp\/v2\/product"}],"about":[{"href":"https:\/\/engagingsafetysolutions.com\/esp\/wp-json\/wp\/v2\/types\/product"}],"version-history":[{"count":4,"href":"https:\/\/engagingsafetysolutions.com\/esp\/wp-json\/wp\/v2\/product\/11623\/revisions"}],"predecessor-version":[{"id":14625,"href":"https:\/\/engagingsafetysolutions.com\/esp\/wp-json\/wp\/v2\/product\/11623\/revisions\/14625"}],"wp:featuredmedia":[{"embeddable":true,"href":"https:\/\/engagingsafetysolutions.com\/esp\/wp-json\/wp\/v2\/media\/12546"}],"wp:attachment":[{"href":"https:\/\/engagingsafetysolutions.com\/esp\/wp-json\/wp\/v2\/media?parent=11623"}],"wp:term":[{"taxonomy":"product_brand","embeddable":true,"href":"https:\/\/engagingsafetysolutions.com\/esp\/wp-json\/wp\/v2\/product_brand?post=11623"},{"taxonomy":"product_cat","embeddable":true,"href":"https:\/\/engagingsafetysolutions.com\/esp\/wp-json\/wp\/v2\/product_cat?post=11623"},{"taxonomy":"product_tag","embeddable":true,"href":"https:\/\/engagingsafetysolutions.com\/esp\/wp-json\/wp\/v2\/product_tag?post=11623"}],"curies":[{"name":"wp","href":"https:\/\/api.w.org\/{rel}","templated":true}]}}