{"id":11617,"date":"2020-05-08T00:52:09","date_gmt":"2020-05-08T00:52:09","guid":{"rendered":"https:\/\/engagingsafetysolutions.com\/esp\/product\/fichas-de-datos-de-seguridad-del-sga\/"},"modified":"2025-08-18T16:44:54","modified_gmt":"2025-08-18T16:44:54","slug":"fichas-de-datos-de-seguridad-del-sga","status":"publish","type":"product","link":"https:\/\/engagingsafetysolutions.com\/esp\/product\/fichas-de-datos-de-seguridad-del-sga\/","title":{"rendered":"Fichas de Datos de Seguridad del SGA"},"content":{"rendered":"<p>El programa GHS Hoja de Datos de Seguridad analiza los tipos de informaci\u00f3n que contienen las hojas de datos de seguridad, c\u00f3mo presentan esa informaci\u00f3n y c\u00f3mo los empleados pueden usarla para trabajar de manera segura con HAZMAT. Seg\u00fan lo exige el &#8220;Est\u00e1ndar HAZCOM&#8221; de OSHA, las hojas de datos de seguridad (SDS) brindan a los empleados informaci\u00f3n importante sobre materiales peligrosos en su lugar de trabajo y c\u00f3mo manejarlos de manera segura. Las FDS comunican esta informaci\u00f3n de acuerdo con las reglas establecidas por el Sistema Globalmente Armonizado (GHS). El programa incluye informaci\u00f3n sobre SDS, comunicaci\u00f3n de peligros y el Sistema Globalmente Armonizado, materiales y los peligros asociados con ellos, c\u00f3mo responder de manera efectiva a una emergencia de materiales peligrosos, manejo y almacenamiento de materiales peligrosos, informaci\u00f3n t\u00e9cnica importante sobre HAZMET y m\u00e1s..<\/p>\n","protected":false},"excerpt":{"rendered":"<p>El programa de hojas de datos de seguridad de GHS analiza los tipos de informaci\u00f3n que contienen las hojas de datos de seguridad, c\u00f3mo presentan esa informaci\u00f3n y c\u00f3mo los empleados pueden usarla para trabajar de manera segura con materiales peligrosos. <\/p>\n","protected":false},"featured_media":13406,"template":"","meta":{"_uag_custom_page_level_css":""},"product_brand":[],"product_cat":[68,51,32,52],"product_tag":[],"class_list":{"0":"post-11617","1":"product","2":"type-product","3":"status-publish","4":"has-post-thumbnail","6":"product_cat-dvd-2","7":"product_cat-elearning","8":"product_cat-usb","9":"product_cat-videos-en-demanda","11":"first","12":"instock","13":"sold-individually","14":"taxable","15":"shipping-taxable","16":"purchasable","17":"product-type-variable","18":"has-default-attributes"},"aioseo_notices":[],"uagb_featured_image_src":{"full":["https:\/\/engagingsafetysolutions.com\/esp\/wp-content\/uploads\/IND_355.jpg",1900,1075,false],"thumbnail":["https:\/\/engagingsafetysolutions.com\/esp\/wp-content\/uploads\/IND_355-150x150.jpg",150,150,true],"medium":["https:\/\/engagingsafetysolutions.com\/esp\/wp-content\/uploads\/IND_355-300x170.jpg",300,170,true],"medium_large":["https:\/\/engagingsafetysolutions.com\/esp\/wp-content\/uploads\/IND_355-768x435.jpg",768,435,true],"large":["https:\/\/engagingsafetysolutions.com\/esp\/wp-content\/uploads\/IND_355-1024x579.jpg",1024,579,true],"1536x1536":["https:\/\/engagingsafetysolutions.com\/esp\/wp-content\/uploads\/IND_355-1536x869.jpg",1536,869,true],"2048x2048":["https:\/\/engagingsafetysolutions.com\/esp\/wp-content\/uploads\/IND_355.jpg",1900,1075,false],"woocommerce_thumbnail":["https:\/\/engagingsafetysolutions.com\/esp\/wp-content\/uploads\/IND_355-300x225.jpg",300,225,true],"woocommerce_single":["https:\/\/engagingsafetysolutions.com\/esp\/wp-content\/uploads\/IND_355-640x362.jpg",640,362,true],"woocommerce_gallery_thumbnail":["https:\/\/engagingsafetysolutions.com\/esp\/wp-content\/uploads\/IND_355-100x100.jpg",100,100,true],"dgwt-wcas-product-suggestion":["https:\/\/engagingsafetysolutions.com\/esp\/wp-content\/uploads\/IND_355-64x36.jpg",64,36,true]},"uagb_author_info":{"display_name":"evagomez","author_link":"https:\/\/engagingsafetysolutions.com\/esp\/author\/"},"uagb_comment_info":0,"uagb_excerpt":"El programa de hojas de datos de seguridad de GHS analiza los tipos de informaci\u00f3n que contienen las hojas de datos de seguridad, c\u00f3mo presentan esa informaci\u00f3n y c\u00f3mo los empleados pueden usarla para trabajar de manera segura con materiales peligrosos.","_links":{"self":[{"href":"https:\/\/engagingsafetysolutions.com\/esp\/wp-json\/wp\/v2\/product\/11617","targetHints":{"allow":["GET"]}}],"collection":[{"href":"https:\/\/engagingsafetysolutions.com\/esp\/wp-json\/wp\/v2\/product"}],"about":[{"href":"https:\/\/engagingsafetysolutions.com\/esp\/wp-json\/wp\/v2\/types\/product"}],"version-history":[{"count":4,"href":"https:\/\/engagingsafetysolutions.com\/esp\/wp-json\/wp\/v2\/product\/11617\/revisions"}],"predecessor-version":[{"id":14619,"href":"https:\/\/engagingsafetysolutions.com\/esp\/wp-json\/wp\/v2\/product\/11617\/revisions\/14619"}],"wp:featuredmedia":[{"embeddable":true,"href":"https:\/\/engagingsafetysolutions.com\/esp\/wp-json\/wp\/v2\/media\/13406"}],"wp:attachment":[{"href":"https:\/\/engagingsafetysolutions.com\/esp\/wp-json\/wp\/v2\/media?parent=11617"}],"wp:term":[{"taxonomy":"product_brand","embeddable":true,"href":"https:\/\/engagingsafetysolutions.com\/esp\/wp-json\/wp\/v2\/product_brand?post=11617"},{"taxonomy":"product_cat","embeddable":true,"href":"https:\/\/engagingsafetysolutions.com\/esp\/wp-json\/wp\/v2\/product_cat?post=11617"},{"taxonomy":"product_tag","embeddable":true,"href":"https:\/\/engagingsafetysolutions.com\/esp\/wp-json\/wp\/v2\/product_tag?post=11617"}],"curies":[{"name":"wp","href":"https:\/\/api.w.org\/{rel}","templated":true}]}}