{"id":11615,"date":"2020-05-08T00:52:08","date_gmt":"2020-05-08T00:52:08","guid":{"rendered":"https:\/\/engagingsafetysolutions.com\/esp\/product\/exposicion-al-plomo-en-ambientes-de-construccion\/"},"modified":"2025-08-18T16:45:53","modified_gmt":"2025-08-18T16:45:53","slug":"exposicion-al-plomo-en-ambientes-de-construccion","status":"publish","type":"product","link":"https:\/\/engagingsafetysolutions.com\/esp\/product\/exposicion-al-plomo-en-ambientes-de-construccion\/","title":{"rendered":"Exposici\u00f3n al Plomo en Ambientes de Construcci\u00f3n"},"content":{"rendered":"<p>El programa Exposici\u00f3n al plomo en entornos de construcci\u00f3n proporciona a los empleados la informaci\u00f3n que necesitan para comprender los peligros del plomo y las normas de seguridad que los abordan. El plomo es venenoso. Si se introduce en el cuerpo, puede causar graves problemas de salud e incluso ser fatal. La mayor\u00eda de las personas que est\u00e1n expuestas al plomo hoy en d\u00eda est\u00e1n expuestas en el trabajo. OSHA estima que m\u00e1s de 800,000 trabajadores estadounidenses trabajan con plomo regularmente. Los empleados pueden estar expuestos al plomo mientras lijan y decapan pintura a base de plomo, sueldan o cortan metal pintado, reparan y dan servicio a frenos de autom\u00f3viles, fabrican cer\u00e1mica o electr\u00f3nica, funden o funden metales y realizan muchas otras tareas. El programa incluye informaci\u00f3n sobre los efectos en la salud de la exposici\u00f3n al plomo, las normas de plomo de OSHA para la industria en general, programas de cumplimiento, evaluaci\u00f3n y monitoreo de riesgos, EPP y protecci\u00f3n respiratoria, limpieza y descontaminaci\u00f3n, vigilancia m\u00e9dica y eliminaci\u00f3n, y m\u00e1s.<\/p>\n","protected":false},"excerpt":{"rendered":"<p>El programa de exposici\u00f3n al plomo en entornos de construcci\u00f3n proporciona a los empleados la informaci\u00f3n que necesitan para comprender los peligros del plomo y las normas de seguridad que los abordan. <\/p>\n","protected":false},"featured_media":12449,"template":"","meta":{"_uag_custom_page_level_css":""},"product_brand":[],"product_cat":[68,51,32,52],"product_tag":[],"class_list":{"0":"post-11615","1":"product","2":"type-product","3":"status-publish","4":"has-post-thumbnail","6":"product_cat-dvd-2","7":"product_cat-elearning","8":"product_cat-usb","9":"product_cat-videos-en-demanda","11":"first","12":"instock","13":"sold-individually","14":"taxable","15":"shipping-taxable","16":"purchasable","17":"product-type-variable","18":"has-default-attributes"},"aioseo_notices":[],"uagb_featured_image_src":{"full":["https:\/\/engagingsafetysolutions.com\/esp\/wp-content\/uploads\/con_273_action_photo.jpg",1920,1080,false],"thumbnail":["https:\/\/engagingsafetysolutions.com\/esp\/wp-content\/uploads\/con_273_action_photo-150x150.jpg",150,150,true],"medium":["https:\/\/engagingsafetysolutions.com\/esp\/wp-content\/uploads\/con_273_action_photo-300x169.jpg",300,169,true],"medium_large":["https:\/\/engagingsafetysolutions.com\/esp\/wp-content\/uploads\/con_273_action_photo-768x432.jpg",768,432,true],"large":["https:\/\/engagingsafetysolutions.com\/esp\/wp-content\/uploads\/con_273_action_photo-1024x576.jpg",1024,576,true],"1536x1536":["https:\/\/engagingsafetysolutions.com\/esp\/wp-content\/uploads\/con_273_action_photo-1536x864.jpg",1536,864,true],"2048x2048":["https:\/\/engagingsafetysolutions.com\/esp\/wp-content\/uploads\/con_273_action_photo.jpg",1920,1080,false],"woocommerce_thumbnail":["https:\/\/engagingsafetysolutions.com\/esp\/wp-content\/uploads\/con_273_action_photo-300x225.jpg",300,225,true],"woocommerce_single":["https:\/\/engagingsafetysolutions.com\/esp\/wp-content\/uploads\/con_273_action_photo-640x360.jpg",640,360,true],"woocommerce_gallery_thumbnail":["https:\/\/engagingsafetysolutions.com\/esp\/wp-content\/uploads\/con_273_action_photo-100x100.jpg",100,100,true],"dgwt-wcas-product-suggestion":["https:\/\/engagingsafetysolutions.com\/esp\/wp-content\/uploads\/con_273_action_photo-64x36.jpg",64,36,true]},"uagb_author_info":{"display_name":"evagomez","author_link":"https:\/\/engagingsafetysolutions.com\/esp\/author\/"},"uagb_comment_info":0,"uagb_excerpt":"El programa de exposici\u00f3n al plomo en entornos de construcci\u00f3n proporciona a los empleados la informaci\u00f3n que necesitan para comprender los peligros del plomo y las normas de seguridad que los abordan.","_links":{"self":[{"href":"https:\/\/engagingsafetysolutions.com\/esp\/wp-json\/wp\/v2\/product\/11615","targetHints":{"allow":["GET"]}}],"collection":[{"href":"https:\/\/engagingsafetysolutions.com\/esp\/wp-json\/wp\/v2\/product"}],"about":[{"href":"https:\/\/engagingsafetysolutions.com\/esp\/wp-json\/wp\/v2\/types\/product"}],"version-history":[{"count":4,"href":"https:\/\/engagingsafetysolutions.com\/esp\/wp-json\/wp\/v2\/product\/11615\/revisions"}],"predecessor-version":[{"id":14617,"href":"https:\/\/engagingsafetysolutions.com\/esp\/wp-json\/wp\/v2\/product\/11615\/revisions\/14617"}],"wp:featuredmedia":[{"embeddable":true,"href":"https:\/\/engagingsafetysolutions.com\/esp\/wp-json\/wp\/v2\/media\/12449"}],"wp:attachment":[{"href":"https:\/\/engagingsafetysolutions.com\/esp\/wp-json\/wp\/v2\/media?parent=11615"}],"wp:term":[{"taxonomy":"product_brand","embeddable":true,"href":"https:\/\/engagingsafetysolutions.com\/esp\/wp-json\/wp\/v2\/product_brand?post=11615"},{"taxonomy":"product_cat","embeddable":true,"href":"https:\/\/engagingsafetysolutions.com\/esp\/wp-json\/wp\/v2\/product_cat?post=11615"},{"taxonomy":"product_tag","embeddable":true,"href":"https:\/\/engagingsafetysolutions.com\/esp\/wp-json\/wp\/v2\/product_tag?post=11615"}],"curies":[{"name":"wp","href":"https:\/\/api.w.org\/{rel}","templated":true}]}}