{"id":11614,"date":"2020-05-08T00:52:07","date_gmt":"2020-05-08T00:52:07","guid":{"rendered":"https:\/\/engagingsafetysolutions.com\/esp\/product\/etiquetado-de-contenedores-segun-el-sga-en-ambientes-de-construccion\/"},"modified":"2025-08-18T16:44:04","modified_gmt":"2025-08-18T16:44:04","slug":"etiquetado-de-contenedores-segun-el-sga-en-ambientes-de-construccion","status":"publish","type":"product","link":"https:\/\/engagingsafetysolutions.com\/esp\/product\/etiquetado-de-contenedores-segun-el-sga-en-ambientes-de-construccion\/","title":{"rendered":"Etiquetas de Contenedores del SGA en Ambientes de Construcci\u00f3n"},"content":{"rendered":"<p>El programa de etiquetas de contenedores GHS en entornos de construcci\u00f3n analiza el est\u00e1ndar HAZCOM, las ventajas del GHS y c\u00f3mo la informaci\u00f3n en las etiquetas de contenedores HAZMAT puede ayudar a los empleados a trabajar de manera segura con materiales peligrosos. Seg\u00fan lo exige el &#8220;Est\u00e1ndar HAZCOM&#8221; de OSHA, las etiquetas de contenedores HAZMAT brindan a los empleados informaci\u00f3n importante sobre sustancias peligrosas en su lugar de trabajo y c\u00f3mo manipularlas de manera segura. Comunican esta informaci\u00f3n de acuerdo con las reglas establecidas por el Sistema Globalmente Armonizado (SGA). El programa incluye informaci\u00f3n sobre los objetivos de la Norma de Comunicaci\u00f3n de Peligros, los beneficios del sistema GHS, los pictogramas de peligro GHS, los elementos de texto de las etiquetas de los contenedores GHS y m\u00e1s.<\/p>\n","protected":false},"excerpt":{"rendered":"<p>El programa de etiquetas de contenedores GHS en entornos de construcci\u00f3n analiza el est\u00e1ndar HAZCOM, las ventajas del GHS y c\u00f3mo la informaci\u00f3n en las etiquetas de contenedores HAZMAT puede ayudar a los empleados a trabajar de manera segura con materiales peligrosos. <\/p>\n","protected":false},"featured_media":12442,"template":"","meta":{"_uag_custom_page_level_css":""},"product_brand":[],"product_cat":[68,51,32,52],"product_tag":[],"class_list":{"0":"post-11614","1":"product","2":"type-product","3":"status-publish","4":"has-post-thumbnail","6":"product_cat-dvd-2","7":"product_cat-elearning","8":"product_cat-usb","9":"product_cat-videos-en-demanda","11":"first","12":"instock","13":"sold-individually","14":"taxable","15":"shipping-taxable","16":"purchasable","17":"product-type-variable","18":"has-default-attributes"},"aioseo_notices":[],"uagb_featured_image_src":{"full":["https:\/\/engagingsafetysolutions.com\/esp\/wp-content\/uploads\/GHS_what_you_need_to_know.jpg",912,912,false],"thumbnail":["https:\/\/engagingsafetysolutions.com\/esp\/wp-content\/uploads\/GHS_what_you_need_to_know-150x150.jpg",150,150,true],"medium":["https:\/\/engagingsafetysolutions.com\/esp\/wp-content\/uploads\/GHS_what_you_need_to_know-300x300.jpg",300,300,true],"medium_large":["https:\/\/engagingsafetysolutions.com\/esp\/wp-content\/uploads\/GHS_what_you_need_to_know-768x768.jpg",768,768,true],"large":["https:\/\/engagingsafetysolutions.com\/esp\/wp-content\/uploads\/GHS_what_you_need_to_know.jpg",912,912,false],"1536x1536":["https:\/\/engagingsafetysolutions.com\/esp\/wp-content\/uploads\/GHS_what_you_need_to_know.jpg",912,912,false],"2048x2048":["https:\/\/engagingsafetysolutions.com\/esp\/wp-content\/uploads\/GHS_what_you_need_to_know.jpg",912,912,false],"woocommerce_thumbnail":["https:\/\/engagingsafetysolutions.com\/esp\/wp-content\/uploads\/GHS_what_you_need_to_know-300x225.jpg",300,225,true],"woocommerce_single":["https:\/\/engagingsafetysolutions.com\/esp\/wp-content\/uploads\/GHS_what_you_need_to_know-640x640.jpg",640,640,true],"woocommerce_gallery_thumbnail":["https:\/\/engagingsafetysolutions.com\/esp\/wp-content\/uploads\/GHS_what_you_need_to_know-100x100.jpg",100,100,true],"dgwt-wcas-product-suggestion":["https:\/\/engagingsafetysolutions.com\/esp\/wp-content\/uploads\/GHS_what_you_need_to_know-64x64.jpg",64,64,true]},"uagb_author_info":{"display_name":"evagomez","author_link":"https:\/\/engagingsafetysolutions.com\/esp\/author\/"},"uagb_comment_info":0,"uagb_excerpt":"El programa de etiquetas de contenedores GHS en entornos de construcci\u00f3n analiza el est\u00e1ndar HAZCOM, las ventajas del GHS y c\u00f3mo la informaci\u00f3n en las etiquetas de contenedores HAZMAT puede ayudar a los empleados a trabajar de manera segura con materiales peligrosos.","_links":{"self":[{"href":"https:\/\/engagingsafetysolutions.com\/esp\/wp-json\/wp\/v2\/product\/11614","targetHints":{"allow":["GET"]}}],"collection":[{"href":"https:\/\/engagingsafetysolutions.com\/esp\/wp-json\/wp\/v2\/product"}],"about":[{"href":"https:\/\/engagingsafetysolutions.com\/esp\/wp-json\/wp\/v2\/types\/product"}],"version-history":[{"count":4,"href":"https:\/\/engagingsafetysolutions.com\/esp\/wp-json\/wp\/v2\/product\/11614\/revisions"}],"predecessor-version":[{"id":14616,"href":"https:\/\/engagingsafetysolutions.com\/esp\/wp-json\/wp\/v2\/product\/11614\/revisions\/14616"}],"wp:featuredmedia":[{"embeddable":true,"href":"https:\/\/engagingsafetysolutions.com\/esp\/wp-json\/wp\/v2\/media\/12442"}],"wp:attachment":[{"href":"https:\/\/engagingsafetysolutions.com\/esp\/wp-json\/wp\/v2\/media?parent=11614"}],"wp:term":[{"taxonomy":"product_brand","embeddable":true,"href":"https:\/\/engagingsafetysolutions.com\/esp\/wp-json\/wp\/v2\/product_brand?post=11614"},{"taxonomy":"product_cat","embeddable":true,"href":"https:\/\/engagingsafetysolutions.com\/esp\/wp-json\/wp\/v2\/product_cat?post=11614"},{"taxonomy":"product_tag","embeddable":true,"href":"https:\/\/engagingsafetysolutions.com\/esp\/wp-json\/wp\/v2\/product_tag?post=11614"}],"curies":[{"name":"wp","href":"https:\/\/api.w.org\/{rel}","templated":true}]}}