{"id":11612,"date":"2020-05-08T00:52:06","date_gmt":"2020-05-08T00:52:06","guid":{"rendered":"https:\/\/engagingsafetysolutions.com\/esp\/product\/estres-por-calor\/"},"modified":"2025-08-18T16:44:44","modified_gmt":"2025-08-18T16:44:44","slug":"estres-por-calor","status":"publish","type":"product","link":"https:\/\/engagingsafetysolutions.com\/esp\/product\/estres-por-calor\/","title":{"rendered":"Estr\u00e9s T\u00e9rmico"},"content":{"rendered":"<p>El programa de estr\u00e9s por calor analiza c\u00f3mo funciona y responde el sistema de enfriamiento del cuerpo al calor, los tipos de enfermedades relacionadas con el calor y c\u00f3mo tratarlas, y c\u00f3mo prepararse para trabajar en ambientes calurosos de manera segura. Tambi\u00e9n proporciona orientaci\u00f3n sobre c\u00f3mo dise\u00f1ar controles para entornos calientes. Nuestros cuerpos son fuertes, flexibles y capaces de realizar una variedad de tareas exigentes&#8230; Pero el estr\u00e9s por calor puede interferir con sus procesos naturales. Cuando esto sucede, los resultados pueden ser graves, incluso fatales. Pero no tienen por qu\u00e9 serlo. El programa incluye informaci\u00f3n sobre c\u00f3mo el calor afecta el &#8220;sistema de enfriamiento&#8221; del cuerpo, los tipos de enfermedades relacionadas con el calor y sus s\u00edntomas, el tratamiento de enfermedades relacionadas con el calor, c\u00f3mo prepararse para trabajar en ambientes calurosos, c\u00f3mo dise\u00f1ar controles para ambientes c\u00e1lidos y m\u00e1s.<\/p>\n","protected":false},"excerpt":{"rendered":"<p>El programa de estr\u00e9s por calor analiza c\u00f3mo funciona y responde el sistema de enfriamiento del cuerpo al calor, los tipos de enfermedades relacionadas con el calor y c\u00f3mo tratarlas, y c\u00f3mo prepararse para trabajar en ambientes calurosos de manera segura. <\/p>\n","protected":false},"featured_media":13456,"template":"","meta":{"_uag_custom_page_level_css":""},"product_brand":[],"product_cat":[68,51,32,52],"product_tag":[],"class_list":{"0":"post-11612","1":"product","2":"type-product","3":"status-publish","4":"has-post-thumbnail","6":"product_cat-dvd-2","7":"product_cat-elearning","8":"product_cat-usb","9":"product_cat-videos-en-demanda","11":"first","12":"instock","13":"sold-individually","14":"taxable","15":"shipping-taxable","16":"purchasable","17":"product-type-variable","18":"has-default-attributes"},"aioseo_notices":[],"uagb_featured_image_src":{"full":["https:\/\/engagingsafetysolutions.com\/esp\/wp-content\/uploads\/main-photo.jpg",1920,1080,false],"thumbnail":["https:\/\/engagingsafetysolutions.com\/esp\/wp-content\/uploads\/main-photo-150x150.jpg",150,150,true],"medium":["https:\/\/engagingsafetysolutions.com\/esp\/wp-content\/uploads\/main-photo-300x169.jpg",300,169,true],"medium_large":["https:\/\/engagingsafetysolutions.com\/esp\/wp-content\/uploads\/main-photo-768x432.jpg",768,432,true],"large":["https:\/\/engagingsafetysolutions.com\/esp\/wp-content\/uploads\/main-photo-1024x576.jpg",1024,576,true],"1536x1536":["https:\/\/engagingsafetysolutions.com\/esp\/wp-content\/uploads\/main-photo-1536x864.jpg",1536,864,true],"2048x2048":["https:\/\/engagingsafetysolutions.com\/esp\/wp-content\/uploads\/main-photo.jpg",1920,1080,false],"woocommerce_thumbnail":["https:\/\/engagingsafetysolutions.com\/esp\/wp-content\/uploads\/main-photo-300x225.jpg",300,225,true],"woocommerce_single":["https:\/\/engagingsafetysolutions.com\/esp\/wp-content\/uploads\/main-photo-640x360.jpg",640,360,true],"woocommerce_gallery_thumbnail":["https:\/\/engagingsafetysolutions.com\/esp\/wp-content\/uploads\/main-photo-100x100.jpg",100,100,true],"dgwt-wcas-product-suggestion":["https:\/\/engagingsafetysolutions.com\/esp\/wp-content\/uploads\/main-photo-64x36.jpg",64,36,true]},"uagb_author_info":{"display_name":"evagomez","author_link":"https:\/\/engagingsafetysolutions.com\/esp\/author\/"},"uagb_comment_info":0,"uagb_excerpt":"El programa de estr\u00e9s por calor analiza c\u00f3mo funciona y responde el sistema de enfriamiento del cuerpo al calor, los tipos de enfermedades relacionadas con el calor y c\u00f3mo tratarlas, y c\u00f3mo prepararse para trabajar en ambientes calurosos de manera segura.","_links":{"self":[{"href":"https:\/\/engagingsafetysolutions.com\/esp\/wp-json\/wp\/v2\/product\/11612","targetHints":{"allow":["GET"]}}],"collection":[{"href":"https:\/\/engagingsafetysolutions.com\/esp\/wp-json\/wp\/v2\/product"}],"about":[{"href":"https:\/\/engagingsafetysolutions.com\/esp\/wp-json\/wp\/v2\/types\/product"}],"version-history":[{"count":6,"href":"https:\/\/engagingsafetysolutions.com\/esp\/wp-json\/wp\/v2\/product\/11612\/revisions"}],"predecessor-version":[{"id":14614,"href":"https:\/\/engagingsafetysolutions.com\/esp\/wp-json\/wp\/v2\/product\/11612\/revisions\/14614"}],"wp:featuredmedia":[{"embeddable":true,"href":"https:\/\/engagingsafetysolutions.com\/esp\/wp-json\/wp\/v2\/media\/13456"}],"wp:attachment":[{"href":"https:\/\/engagingsafetysolutions.com\/esp\/wp-json\/wp\/v2\/media?parent=11612"}],"wp:term":[{"taxonomy":"product_brand","embeddable":true,"href":"https:\/\/engagingsafetysolutions.com\/esp\/wp-json\/wp\/v2\/product_brand?post=11612"},{"taxonomy":"product_cat","embeddable":true,"href":"https:\/\/engagingsafetysolutions.com\/esp\/wp-json\/wp\/v2\/product_cat?post=11612"},{"taxonomy":"product_tag","embeddable":true,"href":"https:\/\/engagingsafetysolutions.com\/esp\/wp-json\/wp\/v2\/product_tag?post=11612"}],"curies":[{"name":"wp","href":"https:\/\/api.w.org\/{rel}","templated":true}]}}