{"id":11611,"date":"2020-05-08T00:52:05","date_gmt":"2020-05-08T00:52:05","guid":{"rendered":"https:\/\/engagingsafetysolutions.com\/esp\/product\/ergonomia-industrial\/"},"modified":"2025-08-18T16:45:47","modified_gmt":"2025-08-18T16:45:47","slug":"ergonomia-industrial","status":"publish","type":"product","link":"https:\/\/engagingsafetysolutions.com\/esp\/product\/ergonomia-industrial\/","title":{"rendered":"Ergonom\u00eda Industrial"},"content":{"rendered":"<p>El programa de ergonom\u00eda industrial proporciona a los empleados la informaci\u00f3n que necesitan para comprender los riesgos ergon\u00f3micos, reconocerlos en su lugar de trabajo y saber c\u00f3mo evitarlos. Las tensiones f\u00edsicas y las tensiones que los trabajos industriales pueden causar en los trabajadores que los realizan pueden provocar lesiones graves, incluso incapacitantes, con el tiempo. Estas lesiones &#8220;ergon\u00f3micas&#8221;, que incluye el s\u00edndrome del t\u00fanel carpiano, la tendinitis y el dolor lumbar, a menudo resultan en p\u00e9rdida de tiempo de trabajo, reducci\u00f3n de la productividad y aumento de los gastos. El programa incluye la comprensi\u00f3n de las lesiones ergon\u00f3micas, la prevenci\u00f3n de problemas en las manos y las mu\u00f1ecas, la prevenci\u00f3n de lesiones en el brazo y el hombro, el cuidado del cuello y la espalda, c\u00f3mo levantar objetos de forma segura y mucho m\u00e1s.<\/p>\n","protected":false},"excerpt":{"rendered":"<p>El programa de ergonom\u00eda industrial proporciona a los empleados la informaci\u00f3n que necesitan para comprender los riesgos ergon\u00f3micos, reconocerlos en su lugar de trabajo y saber c\u00f3mo evitarlos. <\/p>\n","protected":false},"featured_media":13970,"template":"","meta":{"_uag_custom_page_level_css":""},"product_brand":[],"product_cat":[68,51,32,52],"product_tag":[],"class_list":{"0":"post-11611","1":"product","2":"type-product","3":"status-publish","4":"has-post-thumbnail","6":"product_cat-dvd-2","7":"product_cat-elearning","8":"product_cat-usb","9":"product_cat-videos-en-demanda","11":"first","12":"instock","13":"sold-individually","14":"taxable","15":"shipping-taxable","16":"purchasable","17":"product-type-variable","18":"has-default-attributes"},"aioseo_notices":[],"uagb_featured_image_src":{"full":["https:\/\/engagingsafetysolutions.com\/esp\/wp-content\/uploads\/Indergo1.jpg",830,584,false],"thumbnail":["https:\/\/engagingsafetysolutions.com\/esp\/wp-content\/uploads\/Indergo1-150x150.jpg",150,150,true],"medium":["https:\/\/engagingsafetysolutions.com\/esp\/wp-content\/uploads\/Indergo1-300x211.jpg",300,211,true],"medium_large":["https:\/\/engagingsafetysolutions.com\/esp\/wp-content\/uploads\/Indergo1-768x540.jpg",768,540,true],"large":["https:\/\/engagingsafetysolutions.com\/esp\/wp-content\/uploads\/Indergo1.jpg",830,584,false],"1536x1536":["https:\/\/engagingsafetysolutions.com\/esp\/wp-content\/uploads\/Indergo1.jpg",830,584,false],"2048x2048":["https:\/\/engagingsafetysolutions.com\/esp\/wp-content\/uploads\/Indergo1.jpg",830,584,false],"woocommerce_thumbnail":["https:\/\/engagingsafetysolutions.com\/esp\/wp-content\/uploads\/Indergo1-300x225.jpg",300,225,true],"woocommerce_single":["https:\/\/engagingsafetysolutions.com\/esp\/wp-content\/uploads\/Indergo1-640x450.jpg",640,450,true],"woocommerce_gallery_thumbnail":["https:\/\/engagingsafetysolutions.com\/esp\/wp-content\/uploads\/Indergo1-100x100.jpg",100,100,true],"dgwt-wcas-product-suggestion":["https:\/\/engagingsafetysolutions.com\/esp\/wp-content\/uploads\/Indergo1-64x45.jpg",64,45,true]},"uagb_author_info":{"display_name":"evagomez","author_link":"https:\/\/engagingsafetysolutions.com\/esp\/author\/"},"uagb_comment_info":0,"uagb_excerpt":"El programa de ergonom\u00eda industrial proporciona a los empleados la informaci\u00f3n que necesitan para comprender los riesgos ergon\u00f3micos, reconocerlos en su lugar de trabajo y saber c\u00f3mo evitarlos.","_links":{"self":[{"href":"https:\/\/engagingsafetysolutions.com\/esp\/wp-json\/wp\/v2\/product\/11611","targetHints":{"allow":["GET"]}}],"collection":[{"href":"https:\/\/engagingsafetysolutions.com\/esp\/wp-json\/wp\/v2\/product"}],"about":[{"href":"https:\/\/engagingsafetysolutions.com\/esp\/wp-json\/wp\/v2\/types\/product"}],"version-history":[{"count":4,"href":"https:\/\/engagingsafetysolutions.com\/esp\/wp-json\/wp\/v2\/product\/11611\/revisions"}],"predecessor-version":[{"id":14613,"href":"https:\/\/engagingsafetysolutions.com\/esp\/wp-json\/wp\/v2\/product\/11611\/revisions\/14613"}],"wp:featuredmedia":[{"embeddable":true,"href":"https:\/\/engagingsafetysolutions.com\/esp\/wp-json\/wp\/v2\/media\/13970"}],"wp:attachment":[{"href":"https:\/\/engagingsafetysolutions.com\/esp\/wp-json\/wp\/v2\/media?parent=11611"}],"wp:term":[{"taxonomy":"product_brand","embeddable":true,"href":"https:\/\/engagingsafetysolutions.com\/esp\/wp-json\/wp\/v2\/product_brand?post=11611"},{"taxonomy":"product_cat","embeddable":true,"href":"https:\/\/engagingsafetysolutions.com\/esp\/wp-json\/wp\/v2\/product_cat?post=11611"},{"taxonomy":"product_tag","embeddable":true,"href":"https:\/\/engagingsafetysolutions.com\/esp\/wp-json\/wp\/v2\/product_tag?post=11611"}],"curies":[{"name":"wp","href":"https:\/\/api.w.org\/{rel}","templated":true}]}}