{"id":11610,"date":"2020-05-08T00:52:04","date_gmt":"2020-05-08T00:52:04","guid":{"rendered":"https:\/\/engagingsafetysolutions.com\/esp\/product\/ergonomia-en-la-oficina\/"},"modified":"2025-08-18T16:44:26","modified_gmt":"2025-08-18T16:44:26","slug":"ergonomia-en-la-oficina","status":"publish","type":"product","link":"https:\/\/engagingsafetysolutions.com\/esp\/product\/ergonomia-en-la-oficina\/","title":{"rendered":"Ergonom\u00eda en la Oficina"},"content":{"rendered":"<p>El programa de ergonom\u00eda de oficina aborda c\u00f3mo reconocer posibles problemas ergon\u00f3micos, el potencial de lesiones si las oficinas no est\u00e1n configuradas ergon\u00f3micamente y las soluciones pr\u00e1cticas que los propios empleados pueden usar para hacerlo. A diferencia de otros lugares, en una oficina &#8220;talla \u00fanica&#8221; no sirve para todos, y eso puede ser un verdadero &#8220;dolor&#8221;&#8230; en el cuello y otros lugares! Por un lado, las \u00e1reas en las que trabajamos y las cosas con las que trabajamos&#8230; nuestros escritorios, sillas, computadoras y otras &#8220;herramientas&#8221; que usamos&#8230; Por lo general, est\u00e1n dise\u00f1ados para tratar de funcionar bien para todos. Pero en verdad, todos somos diferentes&#8230; Por lo tanto, la eficiencia, la comodidad y la seguridad en la oficina a menudo pueden ser dif\u00edciles de conseguir. Sin embargo, se puede hacer&#8230; aplicando buenos principios ergon\u00f3micos. El programa  incluye la comprensi\u00f3n de las lesiones ergon\u00f3micas, su escritorio ergon\u00f3mico, el mantenimiento de posiciones neutrales, la flexibilidad, ir m\u00e1s all\u00e1 de la ergonom\u00eda tradicional y m\u00e1s.<\/p>\n","protected":false},"excerpt":{"rendered":"<p>El programa de ergonom\u00eda de oficina aborda c\u00f3mo reconocer posibles problemas ergon\u00f3micos, el potencial de lesiones si las oficinas no est\u00e1n configuradas ergon\u00f3micamente y las soluciones pr\u00e1cticas que los propios empleados pueden usar para hacerlo. <\/p>\n","protected":false},"featured_media":13972,"template":"","meta":{"_uag_custom_page_level_css":""},"product_brand":[],"product_cat":[68,51,32,52],"product_tag":[],"class_list":{"0":"post-11610","1":"product","2":"type-product","3":"status-publish","4":"has-post-thumbnail","6":"product_cat-dvd-2","7":"product_cat-elearning","8":"product_cat-usb","9":"product_cat-videos-en-demanda","11":"first","12":"instock","13":"sold-individually","14":"taxable","15":"shipping-taxable","16":"purchasable","17":"product-type-variable","18":"has-default-attributes"},"aioseo_notices":[],"uagb_featured_image_src":{"full":["https:\/\/engagingsafetysolutions.com\/esp\/wp-content\/uploads\/Office-Ergo-1.jpg",1920,1080,false],"thumbnail":["https:\/\/engagingsafetysolutions.com\/esp\/wp-content\/uploads\/Office-Ergo-1-150x150.jpg",150,150,true],"medium":["https:\/\/engagingsafetysolutions.com\/esp\/wp-content\/uploads\/Office-Ergo-1-300x169.jpg",300,169,true],"medium_large":["https:\/\/engagingsafetysolutions.com\/esp\/wp-content\/uploads\/Office-Ergo-1-768x432.jpg",768,432,true],"large":["https:\/\/engagingsafetysolutions.com\/esp\/wp-content\/uploads\/Office-Ergo-1-1024x576.jpg",1024,576,true],"1536x1536":["https:\/\/engagingsafetysolutions.com\/esp\/wp-content\/uploads\/Office-Ergo-1-1536x864.jpg",1536,864,true],"2048x2048":["https:\/\/engagingsafetysolutions.com\/esp\/wp-content\/uploads\/Office-Ergo-1.jpg",1920,1080,false],"woocommerce_thumbnail":["https:\/\/engagingsafetysolutions.com\/esp\/wp-content\/uploads\/Office-Ergo-1-300x225.jpg",300,225,true],"woocommerce_single":["https:\/\/engagingsafetysolutions.com\/esp\/wp-content\/uploads\/Office-Ergo-1-640x360.jpg",640,360,true],"woocommerce_gallery_thumbnail":["https:\/\/engagingsafetysolutions.com\/esp\/wp-content\/uploads\/Office-Ergo-1-100x100.jpg",100,100,true],"dgwt-wcas-product-suggestion":["https:\/\/engagingsafetysolutions.com\/esp\/wp-content\/uploads\/Office-Ergo-1-64x36.jpg",64,36,true]},"uagb_author_info":{"display_name":"evagomez","author_link":"https:\/\/engagingsafetysolutions.com\/esp\/author\/"},"uagb_comment_info":0,"uagb_excerpt":"El programa de ergonom\u00eda de oficina aborda c\u00f3mo reconocer posibles problemas ergon\u00f3micos, el potencial de lesiones si las oficinas no est\u00e1n configuradas ergon\u00f3micamente y las soluciones pr\u00e1cticas que los propios empleados pueden usar para hacerlo.","_links":{"self":[{"href":"https:\/\/engagingsafetysolutions.com\/esp\/wp-json\/wp\/v2\/product\/11610","targetHints":{"allow":["GET"]}}],"collection":[{"href":"https:\/\/engagingsafetysolutions.com\/esp\/wp-json\/wp\/v2\/product"}],"about":[{"href":"https:\/\/engagingsafetysolutions.com\/esp\/wp-json\/wp\/v2\/types\/product"}],"version-history":[{"count":2,"href":"https:\/\/engagingsafetysolutions.com\/esp\/wp-json\/wp\/v2\/product\/11610\/revisions"}],"predecessor-version":[{"id":14612,"href":"https:\/\/engagingsafetysolutions.com\/esp\/wp-json\/wp\/v2\/product\/11610\/revisions\/14612"}],"wp:featuredmedia":[{"embeddable":true,"href":"https:\/\/engagingsafetysolutions.com\/esp\/wp-json\/wp\/v2\/media\/13972"}],"wp:attachment":[{"href":"https:\/\/engagingsafetysolutions.com\/esp\/wp-json\/wp\/v2\/media?parent=11610"}],"wp:term":[{"taxonomy":"product_brand","embeddable":true,"href":"https:\/\/engagingsafetysolutions.com\/esp\/wp-json\/wp\/v2\/product_brand?post=11610"},{"taxonomy":"product_cat","embeddable":true,"href":"https:\/\/engagingsafetysolutions.com\/esp\/wp-json\/wp\/v2\/product_cat?post=11610"},{"taxonomy":"product_tag","embeddable":true,"href":"https:\/\/engagingsafetysolutions.com\/esp\/wp-json\/wp\/v2\/product_tag?post=11610"}],"curies":[{"name":"wp","href":"https:\/\/api.w.org\/{rel}","templated":true}]}}