{"id":11609,"date":"2020-05-08T00:52:04","date_gmt":"2020-05-08T00:52:04","guid":{"rendered":"https:\/\/engagingsafetysolutions.com\/esp\/product\/equipo-protector-personal-en-ambientes-de-construccion\/"},"modified":"2025-08-18T16:45:53","modified_gmt":"2025-08-18T16:45:53","slug":"equipo-protector-personal-en-ambientes-de-construccion","status":"publish","type":"product","link":"https:\/\/engagingsafetysolutions.com\/esp\/product\/equipo-protector-personal-en-ambientes-de-construccion\/","title":{"rendered":"Equipo Protector Personal en Ambientes de Construcci\u00f3n"},"content":{"rendered":"<p>El programa de equipos de protecci\u00f3n personal en entornos de construcci\u00f3n est\u00e1 dise\u00f1ado espec\u00edficamente para ayudar a los empleadores de la industria de la construcci\u00f3n a cumplir con los requisitos de OSHA. Brindan a los empleados la informaci\u00f3n que necesitan para evitar lesiones en el lugar de trabajo mediante el uso del EPP adecuado. Los sitios de trabajo de construcci\u00f3n son lugares peligrosos. Cada a\u00f1o, m\u00e1s de 1,000 trabajadores de la construcci\u00f3n mueren en el trabajo y otros 100,000 resultan heridos. Pero las encuestas del gobierno muestran que la mayor\u00eda de estos incidentes podr\u00edan haberse evitado si los trabajadores hubieran estado usando el equipo de protecci\u00f3n personal (EPP) adecuado. Es por eso que la Administraci\u00f3n de Seguridad y Salud Ocupacional (OSHA) requiere que los empleadores proporcionen y mantengan el EPP adecuado para su gente y los capaciten sobre c\u00f3mo usarlo. El programa incluye una descripci\u00f3n general de las regulaciones de OSHA que involucran EPP, protecci\u00f3n personal contra ca\u00eddas, protecci\u00f3n para la cabeza, protecci\u00f3n para los ojos y la cara, protecci\u00f3n respiratoria, protecci\u00f3n para las manos, protecci\u00f3n para pies y piernas, y m\u00e1s.<\/p>\n","protected":false},"excerpt":{"rendered":"<p>El Programa de Equipos de Protecci\u00f3n Personal en Entornos de Construcci\u00f3n est\u00e1 dise\u00f1ado espec\u00edficamente para ayudar a los empleadores de la industria de la construcci\u00f3n a cumplir con los requisitos de OSHA. Brindan a los empleados la informaci\u00f3n que necesitan para evitar lesiones en el lugar de trabajo mediante el uso del EPP adecuado. <\/p>\n","protected":false},"featured_media":12447,"template":"","meta":{"_uag_custom_page_level_css":""},"product_brand":[],"product_cat":[68,51,32,52],"product_tag":[],"class_list":{"0":"post-11609","1":"product","2":"type-product","3":"status-publish","4":"has-post-thumbnail","6":"product_cat-dvd-2","7":"product_cat-elearning","8":"product_cat-usb","9":"product_cat-videos-en-demanda","11":"first","12":"instock","13":"sold-individually","14":"taxable","15":"shipping-taxable","16":"purchasable","17":"product-type-variable","18":"has-default-attributes"},"aioseo_notices":[],"uagb_featured_image_src":{"full":["https:\/\/engagingsafetysolutions.com\/esp\/wp-content\/uploads\/con_258_action_photo.jpg",1920,1080,false],"thumbnail":["https:\/\/engagingsafetysolutions.com\/esp\/wp-content\/uploads\/con_258_action_photo-150x150.jpg",150,150,true],"medium":["https:\/\/engagingsafetysolutions.com\/esp\/wp-content\/uploads\/con_258_action_photo-300x169.jpg",300,169,true],"medium_large":["https:\/\/engagingsafetysolutions.com\/esp\/wp-content\/uploads\/con_258_action_photo-768x432.jpg",768,432,true],"large":["https:\/\/engagingsafetysolutions.com\/esp\/wp-content\/uploads\/con_258_action_photo-1024x576.jpg",1024,576,true],"1536x1536":["https:\/\/engagingsafetysolutions.com\/esp\/wp-content\/uploads\/con_258_action_photo-1536x864.jpg",1536,864,true],"2048x2048":["https:\/\/engagingsafetysolutions.com\/esp\/wp-content\/uploads\/con_258_action_photo.jpg",1920,1080,false],"woocommerce_thumbnail":["https:\/\/engagingsafetysolutions.com\/esp\/wp-content\/uploads\/con_258_action_photo-300x225.jpg",300,225,true],"woocommerce_single":["https:\/\/engagingsafetysolutions.com\/esp\/wp-content\/uploads\/con_258_action_photo-640x360.jpg",640,360,true],"woocommerce_gallery_thumbnail":["https:\/\/engagingsafetysolutions.com\/esp\/wp-content\/uploads\/con_258_action_photo-100x100.jpg",100,100,true],"dgwt-wcas-product-suggestion":["https:\/\/engagingsafetysolutions.com\/esp\/wp-content\/uploads\/con_258_action_photo-64x36.jpg",64,36,true]},"uagb_author_info":{"display_name":"evagomez","author_link":"https:\/\/engagingsafetysolutions.com\/esp\/author\/"},"uagb_comment_info":0,"uagb_excerpt":"El Programa de Equipos de Protecci\u00f3n Personal en Entornos de Construcci\u00f3n est\u00e1 dise\u00f1ado espec\u00edficamente para ayudar a los empleadores de la industria de la construcci\u00f3n a cumplir con los requisitos de OSHA. Brindan a los empleados la informaci\u00f3n que necesitan para evitar lesiones en el lugar de trabajo mediante el uso del EPP adecuado.","_links":{"self":[{"href":"https:\/\/engagingsafetysolutions.com\/esp\/wp-json\/wp\/v2\/product\/11609","targetHints":{"allow":["GET"]}}],"collection":[{"href":"https:\/\/engagingsafetysolutions.com\/esp\/wp-json\/wp\/v2\/product"}],"about":[{"href":"https:\/\/engagingsafetysolutions.com\/esp\/wp-json\/wp\/v2\/types\/product"}],"version-history":[{"count":4,"href":"https:\/\/engagingsafetysolutions.com\/esp\/wp-json\/wp\/v2\/product\/11609\/revisions"}],"predecessor-version":[{"id":14611,"href":"https:\/\/engagingsafetysolutions.com\/esp\/wp-json\/wp\/v2\/product\/11609\/revisions\/14611"}],"wp:featuredmedia":[{"embeddable":true,"href":"https:\/\/engagingsafetysolutions.com\/esp\/wp-json\/wp\/v2\/media\/12447"}],"wp:attachment":[{"href":"https:\/\/engagingsafetysolutions.com\/esp\/wp-json\/wp\/v2\/media?parent=11609"}],"wp:term":[{"taxonomy":"product_brand","embeddable":true,"href":"https:\/\/engagingsafetysolutions.com\/esp\/wp-json\/wp\/v2\/product_brand?post=11609"},{"taxonomy":"product_cat","embeddable":true,"href":"https:\/\/engagingsafetysolutions.com\/esp\/wp-json\/wp\/v2\/product_cat?post=11609"},{"taxonomy":"product_tag","embeddable":true,"href":"https:\/\/engagingsafetysolutions.com\/esp\/wp-json\/wp\/v2\/product_tag?post=11609"}],"curies":[{"name":"wp","href":"https:\/\/api.w.org\/{rel}","templated":true}]}}