{"id":11608,"date":"2020-05-08T00:52:03","date_gmt":"2020-05-08T00:52:03","guid":{"rendered":"https:\/\/engagingsafetysolutions.com\/esp\/product\/equipo-protector-personal\/"},"modified":"2025-08-18T16:45:53","modified_gmt":"2025-08-18T16:45:53","slug":"equipo-protector-personal","status":"publish","type":"product","link":"https:\/\/engagingsafetysolutions.com\/esp\/product\/equipo-protector-personal\/","title":{"rendered":"Equipo Protector Personal (EPP)"},"content":{"rendered":"<p>El Programa de Equipos de Protecci\u00f3n Personal afectan a todo tipo de personas que realizan todo tipo de trabajo. Y pr\u00e1cticamente todo el mundo experimentar\u00e1 al menos uno de ellos en alg\u00fan momento de su vida. Estos accidentes cuestan a los empleadores m\u00e1s de $ 100 mil millones cada a\u00f1o. Dado que la mayor\u00eda de las lesiones en el lugar de trabajo son el resultado de que los trabajadores no usan el equipo de protecci\u00f3n personal (EPP) adecuado, la Administraci\u00f3n de Seguridad y Salud Ocupacional (OSHA) requiere que los empleadores proporcionen y mantengan el EPP adecuado para su gente y los capaciten sobre c\u00f3mo usarlo. El programa incluye una descripci\u00f3n general de las regulaciones de OSHA que involucran EPP, protecci\u00f3n para la cabeza, protecci\u00f3n para los ojos y la cara, protecci\u00f3n respiratoria, protecci\u00f3n para las manos, protecci\u00f3n para pies y piernas y m\u00e1s.<\/p>\n","protected":false},"excerpt":{"rendered":"<p>El Programa de Equipos de Protecci\u00f3n Personal ayuda a los empleadores a cumplir con los requisitos de OSHA. Proporcionan a los empleados la informaci\u00f3n que necesitan para evitar lesiones en el trabajo mediante el uso del EPP adecuado. <\/p>\n","protected":false},"featured_media":12538,"template":"","meta":{"_uag_custom_page_level_css":""},"product_brand":[],"product_cat":[68,51,32,52],"product_tag":[],"class_list":{"0":"post-11608","1":"product","2":"type-product","3":"status-publish","4":"has-post-thumbnail","6":"product_cat-dvd-2","7":"product_cat-elearning","8":"product_cat-usb","9":"product_cat-videos-en-demanda","11":"first","12":"instock","13":"sold-individually","14":"taxable","15":"shipping-taxable","16":"purchasable","17":"product-type-variable","18":"has-default-attributes"},"aioseo_notices":[],"uagb_featured_image_src":{"full":["https:\/\/engagingsafetysolutions.com\/esp\/wp-content\/uploads\/rck_257_action_photo.jpg",1920,1080,false],"thumbnail":["https:\/\/engagingsafetysolutions.com\/esp\/wp-content\/uploads\/rck_257_action_photo-150x150.jpg",150,150,true],"medium":["https:\/\/engagingsafetysolutions.com\/esp\/wp-content\/uploads\/rck_257_action_photo-300x169.jpg",300,169,true],"medium_large":["https:\/\/engagingsafetysolutions.com\/esp\/wp-content\/uploads\/rck_257_action_photo-768x432.jpg",768,432,true],"large":["https:\/\/engagingsafetysolutions.com\/esp\/wp-content\/uploads\/rck_257_action_photo-1024x576.jpg",1024,576,true],"1536x1536":["https:\/\/engagingsafetysolutions.com\/esp\/wp-content\/uploads\/rck_257_action_photo-1536x864.jpg",1536,864,true],"2048x2048":["https:\/\/engagingsafetysolutions.com\/esp\/wp-content\/uploads\/rck_257_action_photo.jpg",1920,1080,false],"woocommerce_thumbnail":["https:\/\/engagingsafetysolutions.com\/esp\/wp-content\/uploads\/rck_257_action_photo-300x225.jpg",300,225,true],"woocommerce_single":["https:\/\/engagingsafetysolutions.com\/esp\/wp-content\/uploads\/rck_257_action_photo-640x360.jpg",640,360,true],"woocommerce_gallery_thumbnail":["https:\/\/engagingsafetysolutions.com\/esp\/wp-content\/uploads\/rck_257_action_photo-100x100.jpg",100,100,true],"dgwt-wcas-product-suggestion":["https:\/\/engagingsafetysolutions.com\/esp\/wp-content\/uploads\/rck_257_action_photo-64x36.jpg",64,36,true]},"uagb_author_info":{"display_name":"evagomez","author_link":"https:\/\/engagingsafetysolutions.com\/esp\/author\/"},"uagb_comment_info":0,"uagb_excerpt":"El Programa de Equipos de Protecci\u00f3n Personal ayuda a los empleadores a cumplir con los requisitos de OSHA. Proporcionan a los empleados la informaci\u00f3n que necesitan para evitar lesiones en el trabajo mediante el uso del EPP adecuado.","_links":{"self":[{"href":"https:\/\/engagingsafetysolutions.com\/esp\/wp-json\/wp\/v2\/product\/11608","targetHints":{"allow":["GET"]}}],"collection":[{"href":"https:\/\/engagingsafetysolutions.com\/esp\/wp-json\/wp\/v2\/product"}],"about":[{"href":"https:\/\/engagingsafetysolutions.com\/esp\/wp-json\/wp\/v2\/types\/product"}],"version-history":[{"count":3,"href":"https:\/\/engagingsafetysolutions.com\/esp\/wp-json\/wp\/v2\/product\/11608\/revisions"}],"predecessor-version":[{"id":14610,"href":"https:\/\/engagingsafetysolutions.com\/esp\/wp-json\/wp\/v2\/product\/11608\/revisions\/14610"}],"wp:featuredmedia":[{"embeddable":true,"href":"https:\/\/engagingsafetysolutions.com\/esp\/wp-json\/wp\/v2\/media\/12538"}],"wp:attachment":[{"href":"https:\/\/engagingsafetysolutions.com\/esp\/wp-json\/wp\/v2\/media?parent=11608"}],"wp:term":[{"taxonomy":"product_brand","embeddable":true,"href":"https:\/\/engagingsafetysolutions.com\/esp\/wp-json\/wp\/v2\/product_brand?post=11608"},{"taxonomy":"product_cat","embeddable":true,"href":"https:\/\/engagingsafetysolutions.com\/esp\/wp-json\/wp\/v2\/product_cat?post=11608"},{"taxonomy":"product_tag","embeddable":true,"href":"https:\/\/engagingsafetysolutions.com\/esp\/wp-json\/wp\/v2\/product_tag?post=11608"}],"curies":[{"name":"wp","href":"https:\/\/api.w.org\/{rel}","templated":true}]}}