{"id":11607,"date":"2020-05-08T00:52:02","date_gmt":"2020-05-08T00:52:02","guid":{"rendered":"https:\/\/engagingsafetysolutions.com\/esp\/product\/entrada-a-espacios-cerrados\/"},"modified":"2025-08-18T16:43:22","modified_gmt":"2025-08-18T16:43:22","slug":"entrada-a-espacios-cerrados","status":"publish","type":"product","link":"https:\/\/engagingsafetysolutions.com\/esp\/product\/entrada-a-espacios-cerrados\/","title":{"rendered":"Entrada a Espacios Cerrados"},"content":{"rendered":"<p>El Programa de Entrada a Espacios Confinados proporciona a los empleados la informaci\u00f3n que necesitan para mantenerse seguros en los Espacios de Permiso y ayuda a los empleadores a cumplir con los requisitos de OSHA&#8230; ya sea que realicen trabajos de tipo &#8220;industria general&#8221; o &#8220;construcci\u00f3n&#8221;. El reglamento de OSHA de mayo de 2015 sobre espacios confinados en la construcci\u00f3n (CFR 29 1926 Subparte AA) no solo incluye requisitos espec\u00edficos para las actividades de construcci\u00f3n en espacios confinados, sino que tambi\u00e9n aclara muchas de las reglas incluidas en su Norma de espacios confinados con permiso requerido para la industria general (29 CFR Parte 1910.146). El Est\u00e1ndar de Construcci\u00f3n tambi\u00e9n puede aplicarse a muchos empleadores que normalmente no se consideran empresas de &#8220;tipo construcci\u00f3n&#8221;. Los temas cubiertos en estos productos incluyen la reducci\u00f3n del riesgo con un Programa de Permiso de Espacio, el Permiso de Entrada, las pruebas de atm\u00f3sferas peligrosas, hacer que un espacio sea lo m\u00e1s seguro posible, un enfoque paso a paso para la entrada segura, asistentes y evacuaci\u00f3n, situaciones especiales y m\u00e1s.<\/p>\n","protected":false},"excerpt":{"rendered":"<p>El Programa de Entrada a Espacios Confinados proporciona a los empleados la informaci\u00f3n que necesitan para mantenerse seguros en los Espacios de Permiso y ayuda a los empleadores a cumplir con los requisitos de OSHA&#8230; ya sea que realicen trabajos de tipo &#8220;industria general&#8221; o &#8220;construcci\u00f3n&#8221;. <\/p>\n","protected":false},"featured_media":12537,"template":"","meta":{"_uag_custom_page_level_css":""},"product_brand":[],"product_cat":[68,51,32,52],"product_tag":[],"class_list":{"0":"post-11607","1":"product","2":"type-product","3":"status-publish","4":"has-post-thumbnail","6":"product_cat-dvd-2","7":"product_cat-elearning","8":"product_cat-usb","9":"product_cat-videos-en-demanda","11":"first","12":"instock","13":"sold-individually","14":"taxable","15":"shipping-taxable","16":"purchasable","17":"product-type-variable","18":"has-default-attributes"},"aioseo_notices":[],"uagb_featured_image_src":{"full":["https:\/\/engagingsafetysolutions.com\/esp\/wp-content\/uploads\/rck_254_action_photo.jpg",1920,1080,false],"thumbnail":["https:\/\/engagingsafetysolutions.com\/esp\/wp-content\/uploads\/rck_254_action_photo-150x150.jpg",150,150,true],"medium":["https:\/\/engagingsafetysolutions.com\/esp\/wp-content\/uploads\/rck_254_action_photo-300x169.jpg",300,169,true],"medium_large":["https:\/\/engagingsafetysolutions.com\/esp\/wp-content\/uploads\/rck_254_action_photo-768x432.jpg",768,432,true],"large":["https:\/\/engagingsafetysolutions.com\/esp\/wp-content\/uploads\/rck_254_action_photo-1024x576.jpg",1024,576,true],"1536x1536":["https:\/\/engagingsafetysolutions.com\/esp\/wp-content\/uploads\/rck_254_action_photo-1536x864.jpg",1536,864,true],"2048x2048":["https:\/\/engagingsafetysolutions.com\/esp\/wp-content\/uploads\/rck_254_action_photo.jpg",1920,1080,false],"woocommerce_thumbnail":["https:\/\/engagingsafetysolutions.com\/esp\/wp-content\/uploads\/rck_254_action_photo-300x225.jpg",300,225,true],"woocommerce_single":["https:\/\/engagingsafetysolutions.com\/esp\/wp-content\/uploads\/rck_254_action_photo-640x360.jpg",640,360,true],"woocommerce_gallery_thumbnail":["https:\/\/engagingsafetysolutions.com\/esp\/wp-content\/uploads\/rck_254_action_photo-100x100.jpg",100,100,true],"dgwt-wcas-product-suggestion":["https:\/\/engagingsafetysolutions.com\/esp\/wp-content\/uploads\/rck_254_action_photo-64x36.jpg",64,36,true]},"uagb_author_info":{"display_name":"evagomez","author_link":"https:\/\/engagingsafetysolutions.com\/esp\/author\/"},"uagb_comment_info":0,"uagb_excerpt":"El Programa de Entrada a Espacios Confinados proporciona a los empleados la informaci\u00f3n que necesitan para mantenerse seguros en los Espacios de Permiso y ayuda a los empleadores a cumplir con los requisitos de OSHA... ya sea que realicen trabajos de tipo \"industria general\" o \"construcci\u00f3n\".","_links":{"self":[{"href":"https:\/\/engagingsafetysolutions.com\/esp\/wp-json\/wp\/v2\/product\/11607","targetHints":{"allow":["GET"]}}],"collection":[{"href":"https:\/\/engagingsafetysolutions.com\/esp\/wp-json\/wp\/v2\/product"}],"about":[{"href":"https:\/\/engagingsafetysolutions.com\/esp\/wp-json\/wp\/v2\/types\/product"}],"version-history":[{"count":4,"href":"https:\/\/engagingsafetysolutions.com\/esp\/wp-json\/wp\/v2\/product\/11607\/revisions"}],"predecessor-version":[{"id":14609,"href":"https:\/\/engagingsafetysolutions.com\/esp\/wp-json\/wp\/v2\/product\/11607\/revisions\/14609"}],"wp:featuredmedia":[{"embeddable":true,"href":"https:\/\/engagingsafetysolutions.com\/esp\/wp-json\/wp\/v2\/media\/12537"}],"wp:attachment":[{"href":"https:\/\/engagingsafetysolutions.com\/esp\/wp-json\/wp\/v2\/media?parent=11607"}],"wp:term":[{"taxonomy":"product_brand","embeddable":true,"href":"https:\/\/engagingsafetysolutions.com\/esp\/wp-json\/wp\/v2\/product_brand?post=11607"},{"taxonomy":"product_cat","embeddable":true,"href":"https:\/\/engagingsafetysolutions.com\/esp\/wp-json\/wp\/v2\/product_cat?post=11607"},{"taxonomy":"product_tag","embeddable":true,"href":"https:\/\/engagingsafetysolutions.com\/esp\/wp-json\/wp\/v2\/product_tag?post=11607"}],"curies":[{"name":"wp","href":"https:\/\/api.w.org\/{rel}","templated":true}]}}