{"id":11605,"date":"2020-05-08T00:52:01","date_gmt":"2020-05-08T00:52:01","guid":{"rendered":"https:\/\/engagingsafetysolutions.com\/esp\/product\/enfrentar-la-drogadiccion-y-el-alcoholismo-para-empleados-en-ambientes-de-construccion\/"},"modified":"2025-08-18T16:46:01","modified_gmt":"2025-08-18T16:46:01","slug":"enfrentar-la-drogadiccion-y-el-alcoholismo-para-empleados-en-ambientes-de-construccion","status":"publish","type":"product","link":"https:\/\/engagingsafetysolutions.com\/esp\/product\/enfrentar-la-drogadiccion-y-el-alcoholismo-para-empleados-en-ambientes-de-construccion\/","title":{"rendered":"Enfrentar la Drogadicci\u00f3n y el Alcoholismo para Empleados en Ambientes de Construcci\u00f3n"},"content":{"rendered":"<p>El Programa Enfrentar con el abuso de drogas y alcohol&#8230; El programa para empleados en entornos de construcci\u00f3n analiza los peligros del abuso de sustancias, c\u00f3mo los empleados pueden evitarlos y qu\u00e9 pueden hacer para ayudar a mantener su lugar de trabajo libre de drogas y alcohol. En los Estados Unidos hay m\u00e1s de 38 millones de bebedores compulsivos, casi 25 millones de usuarios de drogas ilegales y m\u00e1s de 6 millones de personas que abusan de los medicamentos recetados&#8230; y la mayor\u00eda de ellos tienen trabajo. El abuso de sustancias afecta directamente la personalidad, la salud y la capacidad de un trabajador de la construcci\u00f3n para funcionar de manera segura en un lugar de trabajo. Tambi\u00e9n puede disminuir la productividad, crear un ambiente de trabajo hostil y da\u00f1ar la reputaci\u00f3n de su empresa. El programa incluye informaci\u00f3n sobre sustancias de las que se abusa a menudo, alcohol, marihuana y otros depresores, estimulantes y narc\u00f3ticos, c\u00f3mo las personas se enganchan, dependencia de las drogas, convertirse en un abusador de sustancias, pol\u00edticas de alcohol y drogas, superar el abuso de sustancias y m\u00e1s.<\/p>\n","protected":false},"excerpt":{"rendered":"<p>El programa Enfrentar con el abuso de drogas y alcohol para empleados en entornos de construcci\u00f3n analiza los peligros del abuso de sustancias, c\u00f3mo los empleados pueden evitarlos y qu\u00e9 pueden hacer para ayudar a mantener su lugar de trabajo libre de drogas y alcohol. <\/p>\n","protected":false},"featured_media":12452,"template":"","meta":{"_uag_custom_page_level_css":""},"product_brand":[],"product_cat":[68,51,32,52],"product_tag":[],"class_list":{"0":"post-11605","1":"product","2":"type-product","3":"status-publish","4":"has-post-thumbnail","6":"product_cat-dvd-2","7":"product_cat-elearning","8":"product_cat-usb","9":"product_cat-videos-en-demanda","11":"first","12":"instock","13":"sold-individually","14":"taxable","15":"shipping-taxable","16":"purchasable","17":"product-type-variable","18":"has-default-attributes"},"aioseo_notices":[],"uagb_featured_image_src":{"full":["https:\/\/engagingsafetysolutions.com\/esp\/wp-content\/uploads\/con_284_action_photo.jpg",1920,1080,false],"thumbnail":["https:\/\/engagingsafetysolutions.com\/esp\/wp-content\/uploads\/con_284_action_photo-150x150.jpg",150,150,true],"medium":["https:\/\/engagingsafetysolutions.com\/esp\/wp-content\/uploads\/con_284_action_photo-300x169.jpg",300,169,true],"medium_large":["https:\/\/engagingsafetysolutions.com\/esp\/wp-content\/uploads\/con_284_action_photo-768x432.jpg",768,432,true],"large":["https:\/\/engagingsafetysolutions.com\/esp\/wp-content\/uploads\/con_284_action_photo-1024x576.jpg",1024,576,true],"1536x1536":["https:\/\/engagingsafetysolutions.com\/esp\/wp-content\/uploads\/con_284_action_photo-1536x864.jpg",1536,864,true],"2048x2048":["https:\/\/engagingsafetysolutions.com\/esp\/wp-content\/uploads\/con_284_action_photo.jpg",1920,1080,false],"woocommerce_thumbnail":["https:\/\/engagingsafetysolutions.com\/esp\/wp-content\/uploads\/con_284_action_photo-300x225.jpg",300,225,true],"woocommerce_single":["https:\/\/engagingsafetysolutions.com\/esp\/wp-content\/uploads\/con_284_action_photo-640x360.jpg",640,360,true],"woocommerce_gallery_thumbnail":["https:\/\/engagingsafetysolutions.com\/esp\/wp-content\/uploads\/con_284_action_photo-100x100.jpg",100,100,true],"dgwt-wcas-product-suggestion":["https:\/\/engagingsafetysolutions.com\/esp\/wp-content\/uploads\/con_284_action_photo-64x36.jpg",64,36,true]},"uagb_author_info":{"display_name":"evagomez","author_link":"https:\/\/engagingsafetysolutions.com\/esp\/author\/"},"uagb_comment_info":0,"uagb_excerpt":"El programa Enfrentar con el abuso de drogas y alcohol para empleados en entornos de construcci\u00f3n analiza los peligros del abuso de sustancias, c\u00f3mo los empleados pueden evitarlos y qu\u00e9 pueden hacer para ayudar a mantener su lugar de trabajo libre de drogas y alcohol.","_links":{"self":[{"href":"https:\/\/engagingsafetysolutions.com\/esp\/wp-json\/wp\/v2\/product\/11605","targetHints":{"allow":["GET"]}}],"collection":[{"href":"https:\/\/engagingsafetysolutions.com\/esp\/wp-json\/wp\/v2\/product"}],"about":[{"href":"https:\/\/engagingsafetysolutions.com\/esp\/wp-json\/wp\/v2\/types\/product"}],"version-history":[{"count":4,"href":"https:\/\/engagingsafetysolutions.com\/esp\/wp-json\/wp\/v2\/product\/11605\/revisions"}],"predecessor-version":[{"id":14607,"href":"https:\/\/engagingsafetysolutions.com\/esp\/wp-json\/wp\/v2\/product\/11605\/revisions\/14607"}],"wp:featuredmedia":[{"embeddable":true,"href":"https:\/\/engagingsafetysolutions.com\/esp\/wp-json\/wp\/v2\/media\/12452"}],"wp:attachment":[{"href":"https:\/\/engagingsafetysolutions.com\/esp\/wp-json\/wp\/v2\/media?parent=11605"}],"wp:term":[{"taxonomy":"product_brand","embeddable":true,"href":"https:\/\/engagingsafetysolutions.com\/esp\/wp-json\/wp\/v2\/product_brand?post=11605"},{"taxonomy":"product_cat","embeddable":true,"href":"https:\/\/engagingsafetysolutions.com\/esp\/wp-json\/wp\/v2\/product_cat?post=11605"},{"taxonomy":"product_tag","embeddable":true,"href":"https:\/\/engagingsafetysolutions.com\/esp\/wp-json\/wp\/v2\/product_tag?post=11605"}],"curies":[{"name":"wp","href":"https:\/\/api.w.org\/{rel}","templated":true}]}}